{"id":10027,"date":"2024-04-26T14:45:27","date_gmt":"2024-04-26T11:45:27","guid":{"rendered":"https:\/\/www.akillisehir.istanbul\/?page_id=10027"},"modified":"2024-06-24T11:55:03","modified_gmt":"2024-06-24T08:55:03","slug":"kres-yurt-ve-kutuphanelerde-egitimi-destekleyici-ibb-wi-fi-tamamlandi","status":"publish","type":"page","link":"https:\/\/www.akillisehir.istanbul\/en\/kres-yurt-ve-kutuphanelerde-egitimi-destekleyici-ibb-wi-fi-tamamlandi\/","title":{"rendered":"IMM Wi-Fi to Support Education in Day Care Centers, Dormitories and Libraries (Completed)"},"content":{"rendered":"<div data-elementor-type=\"wp-page\" data-elementor-id=\"10027\" class=\"elementor elementor-10027\">\n\t\t\t\t<div class=\"elementor-element elementor-element-315c65bc e-con-full e-flex e-con e-parent\" data-id=\"315c65bc\" data-element_type=\"container\" data-settings=\"{&quot;content_width&quot;:&quot;full&quot;,&quot;background_background&quot;:&quot;classic&quot;}\" data-core-v316-plus=\"true\">\n\t\t<div class=\"elementor-element elementor-element-26ba71db e-con-full e-flex e-con e-child\" data-id=\"26ba71db\" data-element_type=\"container\" data-settings=\"{&quot;content_width&quot;:&quot;full&quot;,&quot;background_background&quot;:&quot;classic&quot;}\">\n\t\t\t\t<div class=\"elementor-element elementor-element-6628502d elementor-widget__width-initial elementor-widget elementor-widget-heading\" data-id=\"6628502d\" data-element_type=\"widget\" data-widget_type=\"heading.default\">\n\t\t\t\t<div class=\"elementor-widget-container\">\n\t\t\t<style>\/*! elementor - v3.19.0 - 07-02-2024 *\/\n.elementor-heading-title{padding:0;margin:0;line-height:1}.elementor-widget-heading .elementor-heading-title[class*=elementor-size-]>a{color:inherit;font-size:inherit;line-height:inherit}.elementor-widget-heading .elementor-heading-title.elementor-size-small{font-size:15px}.elementor-widget-heading .elementor-heading-title.elementor-size-medium{font-size:19px}.elementor-widget-heading .elementor-heading-title.elementor-size-large{font-size:29px}.elementor-widget-heading .elementor-heading-title.elementor-size-xl{font-size:39px}.elementor-widget-heading .elementor-heading-title.elementor-size-xxl{font-size:59px}<\/style><h2 class=\"elementor-heading-title elementor-size-default\">PROJECT<\/h2>\t\t<\/div>\n\t\t\t\t<\/div>\n\t\t\t\t<div class=\"elementor-element elementor-element-443f2dc9 elementor-widget__width-initial elementor-widget elementor-widget-heading\" data-id=\"443f2dc9\" data-element_type=\"widget\" data-widget_type=\"heading.default\">\n\t\t\t\t<div class=\"elementor-widget-container\">\n\t\t\t<h2 class=\"elementor-heading-title elementor-size-default\">PE.SG1.I1.P3<\/h2>\t\t<\/div>\n\t\t\t\t<\/div>\n\t\t\t\t<\/div>\n\t\t\t\t<div class=\"elementor-element elementor-element-4868d816 elementor-widget elementor-widget-heading\" data-id=\"4868d816\" data-element_type=\"widget\" data-widget_type=\"heading.default\">\n\t\t\t\t<div class=\"elementor-widget-container\">\n\t\t\t<h2 class=\"elementor-heading-title elementor-size-default\">IMM Wi-Fi to Support Education in Day Care Centers, Dormitories and Libraries (Completed)<\/h2>\t\t<\/div>\n\t\t\t\t<\/div>\n\t\t\t\t<div class=\"elementor-element elementor-element-74329f71 elementor-widget elementor-widget-text-editor\" data-id=\"74329f71\" data-element_type=\"widget\" data-widget_type=\"text-editor.default\">\n\t\t\t\t<div class=\"elementor-widget-container\">\n\t\t\t<style>\/*! elementor - v3.19.0 - 07-02-2024 *\/\n.elementor-widget-text-editor.elementor-drop-cap-view-stacked .elementor-drop-cap{background-color:#69727d;color:#fff}.elementor-widget-text-editor.elementor-drop-cap-view-framed .elementor-drop-cap{color:#69727d;border:3px solid;background-color:transparent}.elementor-widget-text-editor:not(.elementor-drop-cap-view-default) .elementor-drop-cap{margin-top:8px}.elementor-widget-text-editor:not(.elementor-drop-cap-view-default) .elementor-drop-cap-letter{width:1em;height:1em}.elementor-widget-text-editor .elementor-drop-cap{float:left;text-align:center;line-height:1;font-size:50px}.elementor-widget-text-editor .elementor-drop-cap-letter{display:inline-block}<\/style>\t\t\t\t<div class=\"row\"><div class=\"col-12\"><p>Establishment and development of IMM Wi-Fi infrastructure with controlled access in kindergartens, dormitories and libraries in order to use the content more effectively in education and education support projects provided by IMM and to spread smart education applications<\/p><ul><li>Supporting digital literacy<\/li><li>Supporting the use of smart devices and digitalization in education<\/li><li>Keeping students away from accessing harmful content<\/li><li>Promoting equality in education<\/li><\/ul><\/div><\/div>\t\t\t\t\t\t<\/div>\n\t\t\t\t<\/div>\n\t\t<div class=\"elementor-element elementor-element-307fd416 e-flex e-con-boxed e-con e-child\" data-id=\"307fd416\" data-element_type=\"container\" data-settings=\"{&quot;content_width&quot;:&quot;boxed&quot;}\">\n\t\t\t\t\t<div class=\"e-con-inner\">\n\t\t\t\t<div class=\"elementor-element elementor-element-1eedbe7 elementor-widget__width-initial elementor-widget-mobile__width-initial elementor-widget elementor-widget-image\" data-id=\"1eedbe7\" data-element_type=\"widget\" data-widget_type=\"image.default\">\n\t\t\t\t<div class=\"elementor-widget-container\">\n\t\t\t<style>\/*! elementor - v3.19.0 - 07-02-2024 *\/\n.elementor-widget-image{text-align:center}.elementor-widget-image a{display:inline-block}.elementor-widget-image a img[src$=\".svg\"]{width:48px}.elementor-widget-image img{vertical-align:middle;display:inline-block}<\/style>\t\t\t\t\t\t\t\t\t\t<img fetchpriority=\"high\" decoding=\"async\" width=\"496\" height=\"477\" src=\"https:\/\/www.akillisehir.istanbul\/wp-content\/uploads\/2024\/12\/Varlik-4.png\" class=\"attachment-large size-large wp-image-17395\" alt=\"\" \/>\t\t\t\t\t\t\t\t\t\t\t\t\t<\/div>\n\t\t\t\t<\/div>\n\t\t\t\t<div class=\"elementor-element elementor-element-fe339fb elementor-widget__width-initial elementor-widget-mobile__width-initial elementor-widget elementor-widget-image\" data-id=\"fe339fb\" data-element_type=\"widget\" data-widget_type=\"image.default\">\n\t\t\t\t<div class=\"elementor-widget-container\">\n\t\t\t\t\t\t\t\t\t\t\t\t\t<img decoding=\"async\" width=\"501\" height=\"482\" src=\"https:\/\/www.akillisehir.istanbul\/wp-content\/uploads\/2024\/12\/Varlik-9.png\" class=\"attachment-large size-large wp-image-17415\" alt=\"\" \/>\t\t\t\t\t\t\t\t\t\t\t\t\t<\/div>\n\t\t\t\t<\/div>\n\t\t\t\t\t<\/div>\n\t\t\t\t<\/div>\n\t\t\t\t<div class=\"elementor-element elementor-element-51ca0636 elementor-widget elementor-widget-heading\" data-id=\"51ca0636\" data-element_type=\"widget\" data-widget_type=\"heading.default\">\n\t\t\t\t<div class=\"elementor-widget-container\">\n\t\t\t<h2 class=\"elementor-heading-title elementor-size-default\">Smart People<\/h2>\t\t<\/div>\n\t\t\t\t<\/div>\n\t\t\t\t<\/div>\n\t\t\t\t<\/div>","protected":false},"excerpt":{"rendered":"<p>proje IN.SA1.I1.P3 Kre\u015f, Yurt ve K\u00fct\u00fcphanelerde E\u011fitimi Destekleyici \u0130BB Wi-Fi (Tamamland\u0131) \u0130BB&#8217;nin sa\u011flam\u0131\u015f oldu\u011fu e\u011fitim ve e\u011fitime destek projelerinde i\u00e7eriklerin daha etkin kullan\u0131labilmesi ve ak\u0131ll\u0131 e\u011fitim uygulamalar\u0131n\u0131n yayg\u0131nla\u015ft\u0131r\u0131labilmesi amac\u0131yla kontroll\u00fc eri\u015fim olan \u0130BB Wi-Fi altyap\u0131s\u0131n\u0131n kre\u015f, yurt ve k\u00fct\u00fcphanelerde kurulmas\u0131 ve geli\u015ftirilmesi Dijital okuryazarl\u0131\u011f\u0131n desteklenmesi E\u011fitimde ak\u0131ll\u0131 cihaz kullan\u0131m\u0131n\u0131n ve dijitalle\u015fmenin desteklenmesi \u00d6\u011frencilerin zararl\u0131 i\u00e7eri\u011fe [&hellip;]<\/p>","protected":false},"author":5,"featured_media":0,"parent":0,"menu_order":0,"comment_status":"closed","ping_status":"closed","template":"","meta":{"footnotes":""},"class_list":["post-10027","page","type-page","status-publish","hentry"],"_links":{"self":[{"href":"https:\/\/www.akillisehir.istanbul\/en\/wp-json\/wp\/v2\/pages\/10027","targetHints":{"allow":["GET"]}}],"collection":[{"href":"https:\/\/www.akillisehir.istanbul\/en\/wp-json\/wp\/v2\/pages"}],"about":[{"href":"https:\/\/www.akillisehir.istanbul\/en\/wp-json\/wp\/v2\/types\/page"}],"author":[{"embeddable":true,"href":"https:\/\/www.akillisehir.istanbul\/en\/wp-json\/wp\/v2\/users\/5"}],"replies":[{"embeddable":true,"href":"https:\/\/www.akillisehir.istanbul\/en\/wp-json\/wp\/v2\/comments?post=10027"}],"version-history":[{"count":10,"href":"https:\/\/www.akillisehir.istanbul\/en\/wp-json\/wp\/v2\/pages\/10027\/revisions"}],"predecessor-version":[{"id":22365,"href":"https:\/\/www.akillisehir.istanbul\/en\/wp-json\/wp\/v2\/pages\/10027\/revisions\/22365"}],"wp:attachment":[{"href":"https:\/\/www.akillisehir.istanbul\/en\/wp-json\/wp\/v2\/media?parent=10027"}],"curies":[{"name":"wp","href":"https:\/\/api.w.org\/{rel}","templated":true}]}}