{"id":10153,"date":"2024-04-26T15:10:02","date_gmt":"2024-04-26T12:10:02","guid":{"rendered":"https:\/\/www.akillisehir.istanbul\/?page_id=10153"},"modified":"2024-06-24T11:55:52","modified_gmt":"2024-06-24T08:55:52","slug":"istanbul-akilli-sehir-bilinclendirme-egitimlerinin-duzenlenmesi-istanbul-akilli-sehrinde-neler-oluyor-projesi","status":"publish","type":"page","link":"https:\/\/www.akillisehir.istanbul\/en\/istanbul-akilli-sehir-bilinclendirme-egitimlerinin-duzenlenmesi-istanbul-akilli-sehrinde-neler-oluyor-projesi\/","title":{"rendered":"\u0130stanbul Ak\u0131ll\u0131 \u015eehir Bilin\u00e7lendirme E\u011fitimlerinin D\u00fczenlenmesi: &#8220;\u0130stanbul Ak\u0131ll\u0131 \u015eehri&#8217;nde Neler Oluyor?&#8221; Projesi"},"content":{"rendered":"<div data-elementor-type=\"wp-page\" data-elementor-id=\"10153\" class=\"elementor elementor-10153\">\n\t\t\t\t<div class=\"elementor-element elementor-element-6b4d1f99 e-con-full e-flex e-con e-parent\" data-id=\"6b4d1f99\" data-element_type=\"container\" data-settings=\"{&quot;content_width&quot;:&quot;full&quot;,&quot;background_background&quot;:&quot;classic&quot;}\" data-core-v316-plus=\"true\">\n\t\t<div class=\"elementor-element elementor-element-60522e13 e-con-full e-flex e-con e-child\" data-id=\"60522e13\" data-element_type=\"container\" data-settings=\"{&quot;content_width&quot;:&quot;full&quot;,&quot;background_background&quot;:&quot;classic&quot;}\">\n\t\t\t\t<div class=\"elementor-element elementor-element-7172da4 elementor-widget__width-initial elementor-widget elementor-widget-heading\" data-id=\"7172da4\" data-element_type=\"widget\" data-widget_type=\"heading.default\">\n\t\t\t\t<div class=\"elementor-widget-container\">\n\t\t\t<style>\/*! elementor - v3.19.0 - 07-02-2024 *\/\n.elementor-heading-title{padding:0;margin:0;line-height:1}.elementor-widget-heading .elementor-heading-title[class*=elementor-size-]>a{color:inherit;font-size:inherit;line-height:inherit}.elementor-widget-heading .elementor-heading-title.elementor-size-small{font-size:15px}.elementor-widget-heading .elementor-heading-title.elementor-size-medium{font-size:19px}.elementor-widget-heading .elementor-heading-title.elementor-size-large{font-size:29px}.elementor-widget-heading .elementor-heading-title.elementor-size-xl{font-size:39px}.elementor-widget-heading .elementor-heading-title.elementor-size-xxl{font-size:59px}<\/style><h2 class=\"elementor-heading-title elementor-size-default\">PROJECT<\/h2>\t\t<\/div>\n\t\t\t\t<\/div>\n\t\t\t\t<div class=\"elementor-element elementor-element-15a44ab2 elementor-widget__width-initial elementor-widget elementor-widget-heading\" data-id=\"15a44ab2\" data-element_type=\"widget\" data-widget_type=\"heading.default\">\n\t\t\t\t<div class=\"elementor-widget-container\">\n\t\t\t<h2 class=\"elementor-heading-title elementor-size-default\">PE.SG1.I2.P2<\/h2>\t\t<\/div>\n\t\t\t\t<\/div>\n\t\t\t\t<\/div>\n\t\t\t\t<div class=\"elementor-element elementor-element-4f7a8b4d elementor-widget elementor-widget-heading\" data-id=\"4f7a8b4d\" data-element_type=\"widget\" data-widget_type=\"heading.default\">\n\t\t\t\t<div class=\"elementor-widget-container\">\n\t\t\t<h2 class=\"elementor-heading-title elementor-size-default\">Organization of Istanbul Smart City Information Trainings: \"What's Happening in Istanbul Smart City?\" Project<\/h2>\t\t<\/div>\n\t\t\t\t<\/div>\n\t\t\t\t<div class=\"elementor-element elementor-element-4716bf7e elementor-widget elementor-widget-text-editor\" data-id=\"4716bf7e\" data-element_type=\"widget\" data-widget_type=\"text-editor.default\">\n\t\t\t\t<div class=\"elementor-widget-container\">\n\t\t\t<style>\/*! elementor - v3.19.0 - 07-02-2024 *\/\n.elementor-widget-text-editor.elementor-drop-cap-view-stacked .elementor-drop-cap{background-color:#69727d;color:#fff}.elementor-widget-text-editor.elementor-drop-cap-view-framed .elementor-drop-cap{color:#69727d;border:3px solid;background-color:transparent}.elementor-widget-text-editor:not(.elementor-drop-cap-view-default) .elementor-drop-cap{margin-top:8px}.elementor-widget-text-editor:not(.elementor-drop-cap-view-default) .elementor-drop-cap-letter{width:1em;height:1em}.elementor-widget-text-editor .elementor-drop-cap{float:left;text-align:center;line-height:1;font-size:50px}.elementor-widget-text-editor .elementor-drop-cap-letter{display:inline-block}<\/style>\t\t\t\t<div class=\"row\"><div class=\"col-12\"><p>In order to increase awareness of smart city projects; producing informative media content on smart city themes related to the implemented projects and presenting them on online and physical platforms<\/p><ul><li>Raising citizen awareness on smart city<\/li><li>Increasing the interest of citizens in smart city projects<\/li><li>Increasing the use and dissemination of smart city applications<\/li><li>Contributing to future generations to become smart city stakeholders and increasing the level of awareness<\/li><\/ul><\/div><\/div>\t\t\t\t\t\t<\/div>\n\t\t\t\t<\/div>\n\t\t<div class=\"elementor-element elementor-element-5d8c494e e-flex e-con-boxed e-con e-child\" data-id=\"5d8c494e\" data-element_type=\"container\" data-settings=\"{&quot;content_width&quot;:&quot;boxed&quot;}\">\n\t\t\t\t\t<div class=\"e-con-inner\">\n\t\t\t\t<div class=\"elementor-element elementor-element-714fff elementor-widget__width-initial elementor-widget-mobile__width-initial elementor-widget elementor-widget-image\" data-id=\"714fff\" data-element_type=\"widget\" data-widget_type=\"image.default\">\n\t\t\t\t<div class=\"elementor-widget-container\">\n\t\t\t<style>\/*! elementor - v3.19.0 - 07-02-2024 *\/\n.elementor-widget-image{text-align:center}.elementor-widget-image a{display:inline-block}.elementor-widget-image a img[src$=\".svg\"]{width:48px}.elementor-widget-image img{vertical-align:middle;display:inline-block}<\/style>\t\t\t\t\t\t\t\t\t\t<img fetchpriority=\"high\" decoding=\"async\" width=\"501\" height=\"482\" src=\"https:\/\/www.akillisehir.istanbul\/wp-content\/uploads\/2024\/12\/Varlik-9.png\" class=\"attachment-large size-large wp-image-17415\" alt=\"\" \/>\t\t\t\t\t\t\t\t\t\t\t\t\t<\/div>\n\t\t\t\t<\/div>\n\t\t\t\t<div class=\"elementor-element elementor-element-5af23263 elementor-widget__width-initial elementor-widget-mobile__width-initial elementor-widget elementor-widget-image\" data-id=\"5af23263\" data-element_type=\"widget\" data-widget_type=\"image.default\">\n\t\t\t\t<div class=\"elementor-widget-container\">\n\t\t\t\t\t\t\t\t\t\t\t\t\t<img decoding=\"async\" width=\"500\" height=\"479\" src=\"https:\/\/www.akillisehir.istanbul\/wp-content\/uploads\/2024\/12\/Varlik-16.png\" class=\"attachment-large size-large wp-image-17432\" alt=\"\" \/>\t\t\t\t\t\t\t\t\t\t\t\t\t<\/div>\n\t\t\t\t<\/div>\n\t\t\t\t\t<\/div>\n\t\t\t\t<\/div>\n\t\t\t\t<div class=\"elementor-element elementor-element-5d9d6a58 elementor-widget elementor-widget-heading\" data-id=\"5d9d6a58\" data-element_type=\"widget\" data-widget_type=\"heading.default\">\n\t\t\t\t<div class=\"elementor-widget-container\">\n\t\t\t<h2 class=\"elementor-heading-title elementor-size-default\">Smart People<\/h2>\t\t<\/div>\n\t\t\t\t<\/div>\n\t\t\t\t<\/div>\n\t\t\t\t<\/div>","protected":false},"excerpt":{"rendered":"<p>proje IN.SA1.I2.P2 \u0130stanbul Ak\u0131ll\u0131 \u015eehir Bilin\u00e7lendirme E\u011fitimlerinin D\u00fczenlenmesi: &#8220;\u0130stanbul Ak\u0131ll\u0131 \u015eehri&#8217;nde Neler Oluyor?&#8221; Projesi Ak\u0131ll\u0131 \u015fehir projelerine ili\u015fkin fark\u0131ndal\u0131\u011f\u0131n art\u0131r\u0131lmas\u0131 amac\u0131yla; uygulamaya al\u0131nan projelerle ba\u011flant\u0131l\u0131 olan ak\u0131ll\u0131 \u015fehir temalar\u0131 ile ilgili bilgilendirici medya i\u00e7eriklerinin \u00fcretilerek \u00e7evrimi\u00e7i ve fiziksel platformlarda anlat\u0131lmas\u0131 Ak\u0131ll\u0131 \u015fehir konusunda vatanda\u015f bilincinin art\u0131r\u0131lmas\u0131 Vatanda\u015flar\u0131n ak\u0131ll\u0131 \u015fehir projelerine ilgisinin art\u0131r\u0131lmas\u0131 Ak\u0131ll\u0131 \u015fehir uygulamalar\u0131n\u0131n [&hellip;]<\/p>","protected":false},"author":5,"featured_media":0,"parent":0,"menu_order":0,"comment_status":"closed","ping_status":"closed","template":"","meta":{"footnotes":""},"class_list":["post-10153","page","type-page","status-publish","hentry"],"_links":{"self":[{"href":"https:\/\/www.akillisehir.istanbul\/en\/wp-json\/wp\/v2\/pages\/10153","targetHints":{"allow":["GET"]}}],"collection":[{"href":"https:\/\/www.akillisehir.istanbul\/en\/wp-json\/wp\/v2\/pages"}],"about":[{"href":"https:\/\/www.akillisehir.istanbul\/en\/wp-json\/wp\/v2\/types\/page"}],"author":[{"embeddable":true,"href":"https:\/\/www.akillisehir.istanbul\/en\/wp-json\/wp\/v2\/users\/5"}],"replies":[{"embeddable":true,"href":"https:\/\/www.akillisehir.istanbul\/en\/wp-json\/wp\/v2\/comments?post=10153"}],"version-history":[{"count":10,"href":"https:\/\/www.akillisehir.istanbul\/en\/wp-json\/wp\/v2\/pages\/10153\/revisions"}],"predecessor-version":[{"id":22413,"href":"https:\/\/www.akillisehir.istanbul\/en\/wp-json\/wp\/v2\/pages\/10153\/revisions\/22413"}],"wp:attachment":[{"href":"https:\/\/www.akillisehir.istanbul\/en\/wp-json\/wp\/v2\/media?parent=10153"}],"curies":[{"name":"wp","href":"https:\/\/api.w.org\/{rel}","templated":true}]}}