{"id":10506,"date":"2024-04-26T16:14:14","date_gmt":"2024-04-26T13:14:14","guid":{"rendered":"https:\/\/www.akillisehir.istanbul\/?page_id=10506"},"modified":"2024-06-26T15:02:22","modified_gmt":"2024-06-26T12:02:22","slug":"minibuslerde-istanbulkartin-kullanimi-tamamlandi","status":"publish","type":"page","link":"https:\/\/www.akillisehir.istanbul\/en\/minibuslerde-istanbulkartin-kullanimi-tamamlandi\/","title":{"rendered":"Minib\u00fcslerde \u0130stanbulkart&#8217;\u0131n Kullan\u0131m\u0131 (Tamamland\u0131)"},"content":{"rendered":"<div data-elementor-type=\"wp-page\" data-elementor-id=\"10506\" class=\"elementor elementor-10506\">\n\t\t\t\t<div class=\"elementor-element elementor-element-18a62f2 e-con-full e-flex e-con e-parent\" data-id=\"18a62f2\" data-element_type=\"container\" data-settings=\"{&quot;content_width&quot;:&quot;full&quot;,&quot;background_background&quot;:&quot;classic&quot;}\" data-core-v316-plus=\"true\">\n\t\t<div class=\"elementor-element elementor-element-8df0e80 e-con-full e-flex e-con e-child\" data-id=\"8df0e80\" data-element_type=\"container\" data-settings=\"{&quot;content_width&quot;:&quot;full&quot;,&quot;background_background&quot;:&quot;classic&quot;}\">\n\t\t\t\t<div class=\"elementor-element elementor-element-1146e00d elementor-widget__width-initial elementor-widget elementor-widget-heading\" data-id=\"1146e00d\" data-element_type=\"widget\" data-widget_type=\"heading.default\">\n\t\t\t\t<div class=\"elementor-widget-container\">\n\t\t\t<style>\/*! elementor - v3.19.0 - 07-02-2024 *\/\n.elementor-heading-title{padding:0;margin:0;line-height:1}.elementor-widget-heading .elementor-heading-title[class*=elementor-size-]>a{color:inherit;font-size:inherit;line-height:inherit}.elementor-widget-heading .elementor-heading-title.elementor-size-small{font-size:15px}.elementor-widget-heading .elementor-heading-title.elementor-size-medium{font-size:19px}.elementor-widget-heading .elementor-heading-title.elementor-size-large{font-size:29px}.elementor-widget-heading .elementor-heading-title.elementor-size-xl{font-size:39px}.elementor-widget-heading .elementor-heading-title.elementor-size-xxl{font-size:59px}<\/style><h2 class=\"elementor-heading-title elementor-size-default\">PROJECT<\/h2>\t\t<\/div>\n\t\t\t\t<\/div>\n\t\t\t\t<div class=\"elementor-element elementor-element-61dbf87b elementor-widget__width-initial elementor-widget elementor-widget-heading\" data-id=\"61dbf87b\" data-element_type=\"widget\" data-widget_type=\"heading.default\">\n\t\t\t\t<div class=\"elementor-widget-container\">\n\t\t\t<h2 class=\"elementor-heading-title elementor-size-default\">MO.SG1.I2.P7<\/h2>\t\t<\/div>\n\t\t\t\t<\/div>\n\t\t\t\t<\/div>\n\t\t\t\t<div class=\"elementor-element elementor-element-3c9e7c34 elementor-widget elementor-widget-heading\" data-id=\"3c9e7c34\" data-element_type=\"widget\" data-widget_type=\"heading.default\">\n\t\t\t\t<div class=\"elementor-widget-container\">\n\t\t\t<h2 class=\"elementor-heading-title elementor-size-default\">Use of Istanbulkart in minibuses (Completed)<\/h2>\t\t<\/div>\n\t\t\t\t<\/div>\n\t\t\t\t<div class=\"elementor-element elementor-element-42c3becc elementor-widget elementor-widget-text-editor\" data-id=\"42c3becc\" data-element_type=\"widget\" data-widget_type=\"text-editor.default\">\n\t\t\t\t<div class=\"elementor-widget-container\">\n\t\t\t<style>\/*! elementor - v3.19.0 - 07-02-2024 *\/\n.elementor-widget-text-editor.elementor-drop-cap-view-stacked .elementor-drop-cap{background-color:#69727d;color:#fff}.elementor-widget-text-editor.elementor-drop-cap-view-framed .elementor-drop-cap{color:#69727d;border:3px solid;background-color:transparent}.elementor-widget-text-editor:not(.elementor-drop-cap-view-default) .elementor-drop-cap{margin-top:8px}.elementor-widget-text-editor:not(.elementor-drop-cap-view-default) .elementor-drop-cap-letter{width:1em;height:1em}.elementor-widget-text-editor .elementor-drop-cap{float:left;text-align:center;line-height:1;font-size:50px}.elementor-widget-text-editor .elementor-drop-cap-letter{display:inline-block}<\/style>\t\t\t\t<div class=\"row\"><div class=\"col-12\"><p>Istanbulkart already in use will be extended to include minibuses within the scope of establishing advanced urban transportation systems that can provide full integration in uninterrupted public transportation<\/p><ul><li>Increasing the number of minibus trips with the provision of transfer opportunity<\/li><li>Ensuring correct planning based on the actual passenger numbers on the route during line planning<\/li><\/ul><\/div><\/div>\t\t\t\t\t\t<\/div>\n\t\t\t\t<\/div>\n\t\t<div class=\"elementor-element elementor-element-339d1299 e-flex e-con-boxed e-con e-child\" data-id=\"339d1299\" data-element_type=\"container\" data-settings=\"{&quot;content_width&quot;:&quot;boxed&quot;}\">\n\t\t\t\t\t<div class=\"e-con-inner\">\n\t\t\t\t<div class=\"elementor-element elementor-element-4dc79460 elementor-widget__width-initial elementor-widget-mobile__width-initial elementor-widget elementor-widget-image\" data-id=\"4dc79460\" data-element_type=\"widget\" data-widget_type=\"image.default\">\n\t\t\t\t<div class=\"elementor-widget-container\">\n\t\t\t<style>\/*! elementor - v3.19.0 - 07-02-2024 *\/\n.elementor-widget-image{text-align:center}.elementor-widget-image a{display:inline-block}.elementor-widget-image a img[src$=\".svg\"]{width:48px}.elementor-widget-image img{vertical-align:middle;display:inline-block}<\/style>\t\t\t\t\t\t\t\t\t\t<img fetchpriority=\"high\" decoding=\"async\" width=\"501\" height=\"480\" src=\"https:\/\/www.akillisehir.istanbul\/wp-content\/uploads\/2024\/12\/Varlik-11.png\" class=\"attachment-large size-large wp-image-17419\" alt=\"\" \/>\t\t\t\t\t\t\t\t\t\t\t\t\t<\/div>\n\t\t\t\t<\/div>\n\t\t\t\t\t<\/div>\n\t\t\t\t<\/div>\n\t\t\t\t<div class=\"elementor-element elementor-element-75ffe7d0 elementor-widget elementor-widget-heading\" data-id=\"75ffe7d0\" data-element_type=\"widget\" data-widget_type=\"heading.default\">\n\t\t\t\t<div class=\"elementor-widget-container\">\n\t\t\t<h2 class=\"elementor-heading-title elementor-size-default\">Smart Mobility<\/h2>\t\t<\/div>\n\t\t\t\t<\/div>\n\t\t\t\t<\/div>\n\t\t\t\t<\/div>","protected":false},"excerpt":{"rendered":"<p>proje MO.SA1.I2.P7 Minib\u00fcslerde \u0130stanbulkart&#8217;\u0131n Kullan\u0131m\u0131 (Tamamland\u0131) Toplu ta\u015f\u0131mada kesintisiz ula\u015f\u0131m\u0131n, tam entegrasyonun sa\u011fland\u0131\u011f\u0131 geli\u015fmi\u015f kentsel ula\u015f\u0131m sistemlerinin kurulmas\u0131 kapsam\u0131nda h\u00e2lihaz\u0131rda kullan\u0131lan \u0130stanbulkart\u2019\u0131n minib\u00fcsleri de kapsayacak \u015fekilde geni\u015fletilmesi Aktarma f\u0131rsat\u0131 sa\u011flanmas\u0131 ile minib\u00fcs yolculuk say\u0131lar\u0131n\u0131n art\u0131r\u0131lmas\u0131 Hat planlamas\u0131 yap\u0131l\u0131rken ger\u00e7ek yolculuk say\u0131mlar\u0131ndan faydalan\u0131larak, hat, g\u00fczerg\u00e2h, sefer bazl\u0131 yolcu yo\u011funluklar\u0131n\u0131n temini ile do\u011fru planlaman\u0131n yap\u0131lmas\u0131 Ak\u0131ll\u0131 Mobilite<\/p>","protected":false},"author":5,"featured_media":0,"parent":0,"menu_order":0,"comment_status":"closed","ping_status":"closed","template":"","meta":{"footnotes":""},"class_list":["post-10506","page","type-page","status-publish","hentry"],"_links":{"self":[{"href":"https:\/\/www.akillisehir.istanbul\/en\/wp-json\/wp\/v2\/pages\/10506","targetHints":{"allow":["GET"]}}],"collection":[{"href":"https:\/\/www.akillisehir.istanbul\/en\/wp-json\/wp\/v2\/pages"}],"about":[{"href":"https:\/\/www.akillisehir.istanbul\/en\/wp-json\/wp\/v2\/types\/page"}],"author":[{"embeddable":true,"href":"https:\/\/www.akillisehir.istanbul\/en\/wp-json\/wp\/v2\/users\/5"}],"replies":[{"embeddable":true,"href":"https:\/\/www.akillisehir.istanbul\/en\/wp-json\/wp\/v2\/comments?post=10506"}],"version-history":[{"count":13,"href":"https:\/\/www.akillisehir.istanbul\/en\/wp-json\/wp\/v2\/pages\/10506\/revisions"}],"predecessor-version":[{"id":23496,"href":"https:\/\/www.akillisehir.istanbul\/en\/wp-json\/wp\/v2\/pages\/10506\/revisions\/23496"}],"wp:attachment":[{"href":"https:\/\/www.akillisehir.istanbul\/en\/wp-json\/wp\/v2\/media?parent=10506"}],"curies":[{"name":"wp","href":"https:\/\/api.w.org\/{rel}","templated":true}]}}