{"id":10550,"date":"2024-04-26T16:22:02","date_gmt":"2024-04-26T13:22:02","guid":{"rendered":"https:\/\/www.akillisehir.istanbul\/?page_id=10550"},"modified":"2026-04-06T11:36:21","modified_gmt":"2026-04-06T08:36:21","slug":"toplu-ulasim-araclarinda-dinamik-izleme-sistemi","status":"publish","type":"page","link":"https:\/\/www.akillisehir.istanbul\/en\/toplu-ulasim-araclarinda-dinamik-izleme-sistemi\/","title":{"rendered":"Dynamic Licensing System for Public Transportation"},"content":{"rendered":"<div data-elementor-type=\"wp-page\" data-elementor-id=\"10550\" class=\"elementor elementor-10550\">\n\t\t\t\t<div class=\"elementor-element elementor-element-56544e8b e-con-full e-flex e-con e-parent\" data-id=\"56544e8b\" data-element_type=\"container\" data-settings=\"{&quot;content_width&quot;:&quot;full&quot;,&quot;background_background&quot;:&quot;classic&quot;}\" data-core-v316-plus=\"true\">\n\t\t<div class=\"elementor-element elementor-element-6f00ba76 e-con-full e-flex e-con e-child\" data-id=\"6f00ba76\" data-element_type=\"container\" data-settings=\"{&quot;content_width&quot;:&quot;full&quot;,&quot;background_background&quot;:&quot;classic&quot;}\">\n\t\t\t\t<div class=\"elementor-element elementor-element-5cf0aed2 elementor-widget__width-initial elementor-widget elementor-widget-heading\" data-id=\"5cf0aed2\" data-element_type=\"widget\" data-widget_type=\"heading.default\">\n\t\t\t\t<div class=\"elementor-widget-container\">\n\t\t\t<style>\/*! elementor - v3.19.0 - 07-02-2024 *\/\n.elementor-heading-title{padding:0;margin:0;line-height:1}.elementor-widget-heading .elementor-heading-title[class*=elementor-size-]>a{color:inherit;font-size:inherit;line-height:inherit}.elementor-widget-heading .elementor-heading-title.elementor-size-small{font-size:15px}.elementor-widget-heading .elementor-heading-title.elementor-size-medium{font-size:19px}.elementor-widget-heading .elementor-heading-title.elementor-size-large{font-size:29px}.elementor-widget-heading .elementor-heading-title.elementor-size-xl{font-size:39px}.elementor-widget-heading .elementor-heading-title.elementor-size-xxl{font-size:59px}<\/style><h2 class=\"elementor-heading-title elementor-size-default\">PROJECT<\/h2>\t\t<\/div>\n\t\t\t\t<\/div>\n\t\t\t\t<div class=\"elementor-element elementor-element-2c94505b elementor-widget__width-initial elementor-widget elementor-widget-heading\" data-id=\"2c94505b\" data-element_type=\"widget\" data-widget_type=\"heading.default\">\n\t\t\t\t<div class=\"elementor-widget-container\">\n\t\t\t<h2 class=\"elementor-heading-title elementor-size-default\">MO.SG1.I2.P9<\/h2>\t\t<\/div>\n\t\t\t\t<\/div>\n\t\t\t\t<\/div>\n\t\t\t\t<div class=\"elementor-element elementor-element-5670506e elementor-widget elementor-widget-heading\" data-id=\"5670506e\" data-element_type=\"widget\" data-widget_type=\"heading.default\">\n\t\t\t\t<div class=\"elementor-widget-container\">\n\t\t\t<h2 class=\"elementor-heading-title elementor-size-default\">Toplu Ula\u015f\u0131m Ara\u00e7lar\u0131nda Dinamik \u0130zleme Sistemi (Tamamland\u0131)<\/h2>\t\t<\/div>\n\t\t\t\t<\/div>\n\t\t\t\t<div class=\"elementor-element elementor-element-74dd47da elementor-widget elementor-widget-text-editor\" data-id=\"74dd47da\" data-element_type=\"widget\" data-widget_type=\"text-editor.default\">\n\t\t\t\t<div class=\"elementor-widget-container\">\n\t\t\t<style>\/*! elementor - v3.19.0 - 07-02-2024 *\/\n.elementor-widget-text-editor.elementor-drop-cap-view-stacked .elementor-drop-cap{background-color:#69727d;color:#fff}.elementor-widget-text-editor.elementor-drop-cap-view-framed .elementor-drop-cap{color:#69727d;border:3px solid;background-color:transparent}.elementor-widget-text-editor:not(.elementor-drop-cap-view-default) .elementor-drop-cap{margin-top:8px}.elementor-widget-text-editor:not(.elementor-drop-cap-view-default) .elementor-drop-cap-letter{width:1em;height:1em}.elementor-widget-text-editor .elementor-drop-cap{float:left;text-align:center;line-height:1;font-size:50px}.elementor-widget-text-editor .elementor-drop-cap-letter{display:inline-block}<\/style>\t\t\t\t<div class=\"row\"><div class=\"col-12\"><p>With the interface to be created within the scope of the dynamic licensing system in minibus lines throughout Istanbul, it will be ensured that the vehicles working and resting on the routes on the relevant line and their change periods will be determined and the inspection units will be able to determine which route of the line the vehicles are working on instantly and will be able to conduct effective audits<\/p><ul><li>Determining the routes that minibuses are currently operating on<\/li><li>Ensuring income equality by rotating minibuses operating on different routes of the same line between routes with dynamic licensing system<\/li><\/ul><\/div><\/div>\t\t\t\t\t\t<\/div>\n\t\t\t\t<\/div>\n\t\t<div class=\"elementor-element elementor-element-c646154 e-flex e-con-boxed e-con e-child\" data-id=\"c646154\" data-element_type=\"container\" data-settings=\"{&quot;content_width&quot;:&quot;boxed&quot;}\">\n\t\t\t\t\t<div class=\"e-con-inner\">\n\t\t\t\t<div class=\"elementor-element elementor-element-72208c55 elementor-widget__width-initial elementor-widget-mobile__width-initial elementor-widget elementor-widget-image\" data-id=\"72208c55\" data-element_type=\"widget\" data-widget_type=\"image.default\">\n\t\t\t\t<div class=\"elementor-widget-container\">\n\t\t\t<style>\/*! elementor - v3.19.0 - 07-02-2024 *\/\n.elementor-widget-image{text-align:center}.elementor-widget-image a{display:inline-block}.elementor-widget-image a img[src$=\".svg\"]{width:48px}.elementor-widget-image img{vertical-align:middle;display:inline-block}<\/style>\t\t\t\t\t\t\t\t\t\t<img fetchpriority=\"high\" decoding=\"async\" width=\"501\" height=\"480\" src=\"https:\/\/www.akillisehir.istanbul\/wp-content\/uploads\/2024\/12\/Varlik-11.png\" class=\"attachment-large size-large wp-image-17419\" alt=\"\" \/>\t\t\t\t\t\t\t\t\t\t\t\t\t<\/div>\n\t\t\t\t<\/div>\n\t\t\t\t\t<\/div>\n\t\t\t\t<\/div>\n\t\t\t\t<div class=\"elementor-element elementor-element-a0d0e2 elementor-widget elementor-widget-heading\" data-id=\"a0d0e2\" data-element_type=\"widget\" data-widget_type=\"heading.default\">\n\t\t\t\t<div class=\"elementor-widget-container\">\n\t\t\t<h2 class=\"elementor-heading-title elementor-size-default\">Smart Mobility<\/h2>\t\t<\/div>\n\t\t\t\t<\/div>\n\t\t\t\t<\/div>\n\t\t\t\t<\/div>","protected":false},"excerpt":{"rendered":"<p>proje MO.SA1.I2.P9 Toplu Ula\u015f\u0131m Ara\u00e7lar\u0131nda Dinamik \u0130zleme Sistemi (Tamamland\u0131) \u0130stanbul genelinde \u00e7al\u0131\u015fan minib\u00fcs hatlar\u0131nda dinamik izleme sistemi kapsam\u0131nda olu\u015fturulacak aray\u00fcz ile ilgili hatta yer alan g\u00fczerg\u00e2hlarda \u00e7al\u0131\u015fan, dinlenen ara\u00e7lar\u0131n ve de\u011fi\u015fim periyotlar\u0131n\u0131n belirlenmesi sa\u011flanacak olup denetim birimleri ara\u00e7lar\u0131n anl\u0131k olarak hatt\u0131n hangi g\u00fczerg\u00e2h\u0131nda \u00e7al\u0131\u015ft\u0131klar\u0131n\u0131 belirleyerek etkin denetim yapabilme imk\u00e2n\u0131na sahip olacakt\u0131r. Minib\u00fcslerin anl\u0131k olarak \u00e7al\u0131\u015ft\u0131klar\u0131 [&hellip;]<\/p>","protected":false},"author":5,"featured_media":0,"parent":0,"menu_order":0,"comment_status":"closed","ping_status":"closed","template":"","meta":{"footnotes":""},"class_list":["post-10550","page","type-page","status-publish","hentry"],"_links":{"self":[{"href":"https:\/\/www.akillisehir.istanbul\/en\/wp-json\/wp\/v2\/pages\/10550","targetHints":{"allow":["GET"]}}],"collection":[{"href":"https:\/\/www.akillisehir.istanbul\/en\/wp-json\/wp\/v2\/pages"}],"about":[{"href":"https:\/\/www.akillisehir.istanbul\/en\/wp-json\/wp\/v2\/types\/page"}],"author":[{"embeddable":true,"href":"https:\/\/www.akillisehir.istanbul\/en\/wp-json\/wp\/v2\/users\/5"}],"replies":[{"embeddable":true,"href":"https:\/\/www.akillisehir.istanbul\/en\/wp-json\/wp\/v2\/comments?post=10550"}],"version-history":[{"count":16,"href":"https:\/\/www.akillisehir.istanbul\/en\/wp-json\/wp\/v2\/pages\/10550\/revisions"}],"predecessor-version":[{"id":30941,"href":"https:\/\/www.akillisehir.istanbul\/en\/wp-json\/wp\/v2\/pages\/10550\/revisions\/30941"}],"wp:attachment":[{"href":"https:\/\/www.akillisehir.istanbul\/en\/wp-json\/wp\/v2\/media?parent=10550"}],"curies":[{"name":"wp","href":"https:\/\/api.w.org\/{rel}","templated":true}]}}