{"id":114,"date":"2024-02-23T22:09:48","date_gmt":"2024-02-23T19:09:48","guid":{"rendered":"https:\/\/www.akillisehir.istanbul\/?page_id=114"},"modified":"2024-05-15T14:52:31","modified_gmt":"2024-05-15T11:52:31","slug":"hakkimizda","status":"publish","type":"page","link":"https:\/\/www.akillisehir.istanbul\/en\/hakkimizda\/","title":{"rendered":"About Us"},"content":{"rendered":"<div data-elementor-type=\"wp-page\" data-elementor-id=\"114\" class=\"elementor elementor-114\">\n\t\t\t\t<div class=\"elementor-element elementor-element-73046482 e-con-full e-flex e-con e-parent\" data-id=\"73046482\" data-element_type=\"container\" data-settings=\"{&quot;content_width&quot;:&quot;full&quot;,&quot;background_background&quot;:&quot;classic&quot;}\" data-core-v316-plus=\"true\">\n\t\t\t\t<div class=\"elementor-element elementor-element-22a18ca4 elementor-widget elementor-widget-heading\" data-id=\"22a18ca4\" data-element_type=\"widget\" data-widget_type=\"heading.default\">\n\t\t\t\t<div class=\"elementor-widget-container\">\n\t\t\t<style>\/*! elementor - v3.19.0 - 07-02-2024 *\/\n.elementor-heading-title{padding:0;margin:0;line-height:1}.elementor-widget-heading .elementor-heading-title[class*=elementor-size-]>a{color:inherit;font-size:inherit;line-height:inherit}.elementor-widget-heading .elementor-heading-title.elementor-size-small{font-size:15px}.elementor-widget-heading .elementor-heading-title.elementor-size-medium{font-size:19px}.elementor-widget-heading .elementor-heading-title.elementor-size-large{font-size:29px}.elementor-widget-heading .elementor-heading-title.elementor-size-xl{font-size:39px}.elementor-widget-heading .elementor-heading-title.elementor-size-xxl{font-size:59px}<\/style><h2 class=\"elementor-heading-title elementor-size-default\">About Us<\/h2>\t\t<\/div>\n\t\t\t\t<\/div>\n\t\t\t\t<div class=\"elementor-element elementor-element-ec12063 elementor-widget elementor-widget-heading\" data-id=\"ec12063\" data-element_type=\"widget\" data-widget_type=\"heading.default\">\n\t\t\t\t<div class=\"elementor-widget-container\">\n\t\t\t<h2 class=\"elementor-heading-title elementor-size-default\">2030 \u0130stanbul Smart City Strategic Plan<\/h2>\t\t<\/div>\n\t\t\t\t<\/div>\n\t\t\t\t<div class=\"elementor-element elementor-element-5be16a58 elementor-widget elementor-widget-text-editor\" data-id=\"5be16a58\" data-element_type=\"widget\" data-widget_type=\"text-editor.default\">\n\t\t\t\t<div class=\"elementor-widget-container\">\n\t\t\t<style>\/*! elementor - v3.19.0 - 07-02-2024 *\/\n.elementor-widget-text-editor.elementor-drop-cap-view-stacked .elementor-drop-cap{background-color:#69727d;color:#fff}.elementor-widget-text-editor.elementor-drop-cap-view-framed .elementor-drop-cap{color:#69727d;border:3px solid;background-color:transparent}.elementor-widget-text-editor:not(.elementor-drop-cap-view-default) .elementor-drop-cap{margin-top:8px}.elementor-widget-text-editor:not(.elementor-drop-cap-view-default) .elementor-drop-cap-letter{width:1em;height:1em}.elementor-widget-text-editor .elementor-drop-cap{float:left;text-align:center;line-height:1;font-size:50px}.elementor-widget-text-editor .elementor-drop-cap-letter{display:inline-block}<\/style>\t\t\t\t<div class=\"row\"><div class=\"col-12\"><p>Istanbul Metropolitan Municipality has prepared the smart city plan for all of Istanbul\u2019s residents by effectively using data and technology-based approaches, information-age innovations, and design principles of quiet living spaces.<\/p><p>This study summarizes the process of creating the Istanbul Smart City Strategic Plan (2021 \u2013 2030), explains the methods followed while creating the project management principles, and presents the findings obtained during the project. It also includes the smart city strategies, strategic goals and initiatives. The plan has been prepared as a document where you can find all of the Istanbul smart city projects. The Istanbul smart City Strategic Plan is the first of its kind prepared at the local government level in Turkey, and is compatible with the Turkish National Smart Cities Strategy and Action Plan.<\/p><p>The Smart City Strategic Plan, managed by the Smart City Branch Directorate within the IMM Department of Information Technologies, has been revised to respond to climate change and global COVID-19-related changes. These revisions have been made within the framework of the new vision defined by the new administration for Istanbul after the 31 March 2019 Local Elections, and has been published in December 2021.<\/p><p>During the Current Situation Analysis, the current situation of Istanbul, the competencies of the stakeholders, the technology infrastructure and ongoing projects were examined and progress was made on the smart city journey.<\/p><p>A visio statement, main strategies, thematic area strategies, initiatives and nearly 180 project plans that will uplift Istanbul in all areas concerning smart cities have been put forward. These will enable the city reach its 2030 targets. The aforementioned smart city vision and strategies have been determined with clear governance principles, in line with the basic vision of the new administration for Istanbul, \"A fair, green and creative city, happy Istanbulites\" established after the March 2019 Local Government Elections.<\/p><p>Nearly 180 project plans, which were determined with regards to IMM\u2019s municipal strategies, are clear and understandable, born out of real needs, and achievable through the harmonious cooperation of stakeholders. These plans also take into account developing global trends, are open to sustainable development and can add \"smart\" elements to other projects.\u00a0<\/p><p>With the Road Map, the last stage of the Istanbul Smart City project, on which we planned the Smart City Journey of the city, all the data from the previous phases were combined, and the priorities, resource requirements, governance principles, communication plans and performance indicators of the projects aiming gradually for 2023, 2025 and 2030 were clarified. The realization of the project has brought together many different fields of expertise within the IMM.<\/p><\/div><\/div>\t\t\t\t\t\t<\/div>\n\t\t\t\t<\/div>\n\t\t\t\t<\/div>\n\t\t\t\t<\/div>","protected":false},"excerpt":{"rendered":"<p>Hakk\u0131m\u0131zda 2030 \u0130stanbul Ak\u0131ll\u0131 \u015eehir Stratejik Plan\u0131 \u0130stanbul B\u00fcy\u00fck\u015fehir Belediyesi (\u0130BB), sakinlerinin ya\u015fam kalitesini y\u00fckseltmek, kaynaklar\u0131 etkin ve verimli kullanmak amac\u0131 ile bilgi \u00e7a\u011f\u0131n\u0131n getirileri, veri ve teknoloji temelli \u00e7\u00f6z\u00fcmlerden faydalanarak t\u00fcm \u0130stanbullular\u0131n ihtiya\u00e7lar\u0131n\u0131 ve beklentilerini kar\u015f\u0131lamak i\u00e7in Ak\u0131ll\u0131 \u015eehir Stratejik Plan\u0131\u2019n\u0131 haz\u0131rlam\u0131\u015ft\u0131r. Bu \u00e7al\u0131\u015fma, \u0130stanbul Ak\u0131ll\u0131 \u015eehir Stratejik Plan (2021 \u2013 2030) \u00e7al\u0131\u015fmas\u0131 ile [&hellip;]<\/p>","protected":false},"author":5,"featured_media":0,"parent":0,"menu_order":0,"comment_status":"closed","ping_status":"closed","template":"","meta":{"footnotes":""},"class_list":["post-114","page","type-page","status-publish","hentry"],"_links":{"self":[{"href":"https:\/\/www.akillisehir.istanbul\/en\/wp-json\/wp\/v2\/pages\/114","targetHints":{"allow":["GET"]}}],"collection":[{"href":"https:\/\/www.akillisehir.istanbul\/en\/wp-json\/wp\/v2\/pages"}],"about":[{"href":"https:\/\/www.akillisehir.istanbul\/en\/wp-json\/wp\/v2\/types\/page"}],"author":[{"embeddable":true,"href":"https:\/\/www.akillisehir.istanbul\/en\/wp-json\/wp\/v2\/users\/5"}],"replies":[{"embeddable":true,"href":"https:\/\/www.akillisehir.istanbul\/en\/wp-json\/wp\/v2\/comments?post=114"}],"version-history":[{"count":46,"href":"https:\/\/www.akillisehir.istanbul\/en\/wp-json\/wp\/v2\/pages\/114\/revisions"}],"predecessor-version":[{"id":17168,"href":"https:\/\/www.akillisehir.istanbul\/en\/wp-json\/wp\/v2\/pages\/114\/revisions\/17168"}],"wp:attachment":[{"href":"https:\/\/www.akillisehir.istanbul\/en\/wp-json\/wp\/v2\/media?parent=114"}],"curies":[{"name":"wp","href":"https:\/\/api.w.org\/{rel}","templated":true}]}}