{"id":12123,"date":"2024-04-30T16:51:08","date_gmt":"2024-04-30T13:51:08","guid":{"rendered":"https:\/\/www.akillisehir.istanbul\/?page_id=12123"},"modified":"2024-05-02T11:44:11","modified_gmt":"2024-05-02T08:44:11","slug":"10-esitsizliklerin-azaltilmasi","status":"publish","type":"page","link":"https:\/\/www.akillisehir.istanbul\/en\/10-esitsizliklerin-azaltilmasi\/","title":{"rendered":"Ak\u0131ll\u0131 Y\u00f6neti\u015fim &#8211; 10.E\u015fitsizliklerin Azalt\u0131lmas\u0131"},"content":{"rendered":"","protected":false},"excerpt":{"rendered":"","protected":false},"author":5,"featured_media":0,"parent":0,"menu_order":0,"comment_status":"closed","ping_status":"closed","template":"","meta":{"footnotes":""},"class_list":["post-12123","page","type-page","status-publish","hentry"],"_links":{"self":[{"href":"https:\/\/www.akillisehir.istanbul\/en\/wp-json\/wp\/v2\/pages\/12123","targetHints":{"allow":["GET"]}}],"collection":[{"href":"https:\/\/www.akillisehir.istanbul\/en\/wp-json\/wp\/v2\/pages"}],"about":[{"href":"https:\/\/www.akillisehir.istanbul\/en\/wp-json\/wp\/v2\/types\/page"}],"author":[{"embeddable":true,"href":"https:\/\/www.akillisehir.istanbul\/en\/wp-json\/wp\/v2\/users\/5"}],"replies":[{"embeddable":true,"href":"https:\/\/www.akillisehir.istanbul\/en\/wp-json\/wp\/v2\/comments?post=12123"}],"version-history":[{"count":3,"href":"https:\/\/www.akillisehir.istanbul\/en\/wp-json\/wp\/v2\/pages\/12123\/revisions"}],"predecessor-version":[{"id":12366,"href":"https:\/\/www.akillisehir.istanbul\/en\/wp-json\/wp\/v2\/pages\/12123\/revisions\/12366"}],"wp:attachment":[{"href":"https:\/\/www.akillisehir.istanbul\/en\/wp-json\/wp\/v2\/media?parent=12123"}],"curies":[{"name":"wp","href":"https:\/\/api.w.org\/{rel}","templated":true}]}}