{"id":12355,"date":"2024-05-02T11:44:48","date_gmt":"2024-05-02T08:44:48","guid":{"rendered":"https:\/\/www.akillisehir.istanbul\/?page_id=12355"},"modified":"2024-05-02T11:44:48","modified_gmt":"2024-05-02T08:44:48","slug":"akilli-yonetisim-11-surdurulebilir-sehirler-ve-topluluklar","status":"publish","type":"page","link":"https:\/\/www.akillisehir.istanbul\/en\/akilli-yonetisim-11-surdurulebilir-sehirler-ve-topluluklar\/","title":{"rendered":"Ak\u0131ll\u0131 Y\u00f6neti\u015fim &#8211; 11.S\u00fcrd\u00fcr\u00fclebilir \u015eehirler ve Topluluklar"},"content":{"rendered":"","protected":false},"excerpt":{"rendered":"","protected":false},"author":5,"featured_media":0,"parent":0,"menu_order":0,"comment_status":"closed","ping_status":"closed","template":"","meta":{"footnotes":""},"class_list":["post-12355","page","type-page","status-publish","hentry"],"_links":{"self":[{"href":"https:\/\/www.akillisehir.istanbul\/en\/wp-json\/wp\/v2\/pages\/12355","targetHints":{"allow":["GET"]}}],"collection":[{"href":"https:\/\/www.akillisehir.istanbul\/en\/wp-json\/wp\/v2\/pages"}],"about":[{"href":"https:\/\/www.akillisehir.istanbul\/en\/wp-json\/wp\/v2\/types\/page"}],"author":[{"embeddable":true,"href":"https:\/\/www.akillisehir.istanbul\/en\/wp-json\/wp\/v2\/users\/5"}],"replies":[{"embeddable":true,"href":"https:\/\/www.akillisehir.istanbul\/en\/wp-json\/wp\/v2\/comments?post=12355"}],"version-history":[{"count":2,"href":"https:\/\/www.akillisehir.istanbul\/en\/wp-json\/wp\/v2\/pages\/12355\/revisions"}],"predecessor-version":[{"id":12361,"href":"https:\/\/www.akillisehir.istanbul\/en\/wp-json\/wp\/v2\/pages\/12355\/revisions\/12361"}],"wp:attachment":[{"href":"https:\/\/www.akillisehir.istanbul\/en\/wp-json\/wp\/v2\/media?parent=12355"}],"curies":[{"name":"wp","href":"https:\/\/api.w.org\/{rel}","templated":true}]}}