{"id":1369,"date":"2024-03-08T15:33:55","date_gmt":"2024-03-08T12:33:55","guid":{"rendered":"https:\/\/www.akillisehir.istanbul\/?page_id=1369"},"modified":"2024-11-27T11:17:54","modified_gmt":"2024-11-27T08:17:54","slug":"rpa","status":"publish","type":"page","link":"https:\/\/www.akillisehir.istanbul\/en\/rpa\/","title":{"rendered":"RPA (Completed)"},"content":{"rendered":"<div data-elementor-type=\"wp-page\" data-elementor-id=\"1369\" class=\"elementor elementor-1369\">\n\t\t\t\t<div class=\"elementor-element elementor-element-32e53448 e-con-full e-flex e-con e-parent\" data-id=\"32e53448\" data-element_type=\"container\" data-settings=\"{&quot;content_width&quot;:&quot;full&quot;,&quot;background_background&quot;:&quot;classic&quot;}\" data-core-v316-plus=\"true\">\n\t\t<div class=\"elementor-element elementor-element-23ea676 e-con-full e-flex e-con e-child\" data-id=\"23ea676\" data-element_type=\"container\" data-settings=\"{&quot;content_width&quot;:&quot;full&quot;,&quot;background_background&quot;:&quot;classic&quot;}\">\n\t\t\t\t<div class=\"elementor-element elementor-element-85dce5f elementor-widget__width-initial elementor-widget elementor-widget-heading\" data-id=\"85dce5f\" data-element_type=\"widget\" data-widget_type=\"heading.default\">\n\t\t\t\t<div class=\"elementor-widget-container\">\n\t\t\t<style>\/*! elementor - v3.19.0 - 07-02-2024 *\/\n.elementor-heading-title{padding:0;margin:0;line-height:1}.elementor-widget-heading .elementor-heading-title[class*=elementor-size-]>a{color:inherit;font-size:inherit;line-height:inherit}.elementor-widget-heading .elementor-heading-title.elementor-size-small{font-size:15px}.elementor-widget-heading .elementor-heading-title.elementor-size-medium{font-size:19px}.elementor-widget-heading .elementor-heading-title.elementor-size-large{font-size:29px}.elementor-widget-heading .elementor-heading-title.elementor-size-xl{font-size:39px}.elementor-widget-heading .elementor-heading-title.elementor-size-xxl{font-size:59px}<\/style><h2 class=\"elementor-heading-title elementor-size-default\">PROJECT<\/h2>\t\t<\/div>\n\t\t\t\t<\/div>\n\t\t\t\t<div class=\"elementor-element elementor-element-7085a6e elementor-widget__width-initial elementor-widget elementor-widget-heading\" data-id=\"7085a6e\" data-element_type=\"widget\" data-widget_type=\"heading.default\">\n\t\t\t\t<div class=\"elementor-widget-container\">\n\t\t\t<h2 class=\"elementor-heading-title elementor-size-default\">ICT.SG1.I1.P1<\/h2>\t\t<\/div>\n\t\t\t\t<\/div>\n\t\t\t\t<\/div>\n\t\t\t\t<div class=\"elementor-element elementor-element-1fd3754 elementor-widget elementor-widget-heading\" data-id=\"1fd3754\" data-element_type=\"widget\" data-widget_type=\"heading.default\">\n\t\t\t\t<div class=\"elementor-widget-container\">\n\t\t\t<h2 class=\"elementor-heading-title elementor-size-default\">RPA (Completed) <\/h2>\t\t<\/div>\n\t\t\t\t<\/div>\n\t\t\t\t<div class=\"elementor-element elementor-element-411e22df elementor-widget elementor-widget-text-editor\" data-id=\"411e22df\" data-element_type=\"widget\" data-widget_type=\"text-editor.default\">\n\t\t\t\t<div class=\"elementor-widget-container\">\n\t\t\t<style>\/*! elementor - v3.19.0 - 07-02-2024 *\/\n.elementor-widget-text-editor.elementor-drop-cap-view-stacked .elementor-drop-cap{background-color:#69727d;color:#fff}.elementor-widget-text-editor.elementor-drop-cap-view-framed .elementor-drop-cap{color:#69727d;border:3px solid;background-color:transparent}.elementor-widget-text-editor:not(.elementor-drop-cap-view-default) .elementor-drop-cap{margin-top:8px}.elementor-widget-text-editor:not(.elementor-drop-cap-view-default) .elementor-drop-cap-letter{width:1em;height:1em}.elementor-widget-text-editor .elementor-drop-cap{float:left;text-align:center;line-height:1;font-size:50px}.elementor-widget-text-editor .elementor-drop-cap-letter{display:inline-block}<\/style>\t\t\t\t<div class=\"row\"><div class=\"col-12\"><p class=\"\">With the Robotic Process Automation (RSO\/RPA) technology project initiated within the scope of digital transformation studies in Istanbul Metropolitan Municipality and its subsidiaries, acceleration of rope processes, robotization of human and repetitive actions, saving labor and time, as well as increasing productivity<\/p><ul><li class=\"\">Efficient use of human resources<\/li><li>10 times faster business processes<\/li><li>Effective use of time<\/li><li>Saving money<\/li><li class=\"\">Reducing the workload of the staff<\/li><\/ul><\/div><\/div>\t\t\t\t\t\t<\/div>\n\t\t\t\t<\/div>\n\t\t<div class=\"elementor-element elementor-element-de9af1e e-flex e-con-boxed e-con e-child\" data-id=\"de9af1e\" data-element_type=\"container\" data-settings=\"{&quot;content_width&quot;:&quot;boxed&quot;}\">\n\t\t\t\t\t<div class=\"e-con-inner\">\n\t\t\t\t<div class=\"elementor-element elementor-element-64a92f6 elementor-widget__width-initial elementor-widget-mobile__width-initial elementor-widget elementor-widget-image\" data-id=\"64a92f6\" data-element_type=\"widget\" data-widget_type=\"image.default\">\n\t\t\t\t<div class=\"elementor-widget-container\">\n\t\t\t<style>\/*! elementor - v3.19.0 - 07-02-2024 *\/\n.elementor-widget-image{text-align:center}.elementor-widget-image a{display:inline-block}.elementor-widget-image a img[src$=\".svg\"]{width:48px}.elementor-widget-image img{vertical-align:middle;display:inline-block}<\/style>\t\t\t\t\t\t\t\t\t\t<img fetchpriority=\"high\" decoding=\"async\" width=\"501\" height=\"482\" src=\"https:\/\/www.akillisehir.istanbul\/wp-content\/uploads\/2024\/12\/Varlik-9.png\" class=\"attachment-large size-large wp-image-17415\" alt=\"\" \/>\t\t\t\t\t\t\t\t\t\t\t\t\t<\/div>\n\t\t\t\t<\/div>\n\t\t\t\t\t<\/div>\n\t\t\t\t<\/div>\n\t\t\t\t<div class=\"elementor-element elementor-element-b6e7a8c elementor-widget elementor-widget-heading\" data-id=\"b6e7a8c\" data-element_type=\"widget\" data-widget_type=\"heading.default\">\n\t\t\t\t<div class=\"elementor-widget-container\">\n\t\t\t<h2 class=\"elementor-heading-title elementor-size-default\">Smart Information and Communication Technologies<\/h2>\t\t<\/div>\n\t\t\t\t<\/div>\n\t\t\t\t<\/div>\n\t\t<div class=\"elementor-element elementor-element-2c9edbc e-flex e-con-boxed e-con e-parent\" data-id=\"2c9edbc\" data-element_type=\"container\" data-settings=\"{&quot;content_width&quot;:&quot;boxed&quot;}\" data-core-v316-plus=\"true\">\n\t\t\t\t\t<div class=\"e-con-inner\">\n\t\t\t\t\t<\/div>\n\t\t\t\t<\/div>\n\t\t\t\t<\/div>","protected":false},"excerpt":{"rendered":"<p>proje BIT.SA1.I1.P1 RPA (Tamamland\u0131) \u0130stanbul B\u00fcy\u00fck\u015fehir Belediyesi ve i\u015ftiraklerinde dijital d\u00f6n\u00fc\u015f\u00fcm \u00e7al\u0131\u015fmalar\u0131 kapsam\u0131nda ba\u015flat\u0131lan Robotik S\u00fcre\u00e7 Otomasyon (RSO\/RPA) teknolojisi projesi ile i\u015f s\u00fcre\u00e7lerinin h\u0131zland\u0131r\u0131lmas\u0131, insan eliyle ger\u00e7ekle\u015fen ve tekrarlanan eylemlerin robotize edilmesi, is g\u00fcc\u00fc ve zaman tasarrufu yan\u0131 s\u0131ra verimliliklerin art\u0131r\u0131lmas\u0131. \u0130nsan kayna\u011f\u0131n\u0131n verimli kullan\u0131lmas\u0131 \u0130\u015f s\u00fcre\u00e7lerinin 10 kat h\u0131zlanmas\u0131 Zaman\u0131n efektif kullan\u0131lmas\u0131 Tasarruf sa\u011flanmas\u0131 [&hellip;]<\/p>","protected":false},"author":5,"featured_media":0,"parent":0,"menu_order":0,"comment_status":"closed","ping_status":"closed","template":"","meta":{"footnotes":""},"class_list":["post-1369","page","type-page","status-publish","hentry"],"_links":{"self":[{"href":"https:\/\/www.akillisehir.istanbul\/en\/wp-json\/wp\/v2\/pages\/1369","targetHints":{"allow":["GET"]}}],"collection":[{"href":"https:\/\/www.akillisehir.istanbul\/en\/wp-json\/wp\/v2\/pages"}],"about":[{"href":"https:\/\/www.akillisehir.istanbul\/en\/wp-json\/wp\/v2\/types\/page"}],"author":[{"embeddable":true,"href":"https:\/\/www.akillisehir.istanbul\/en\/wp-json\/wp\/v2\/users\/5"}],"replies":[{"embeddable":true,"href":"https:\/\/www.akillisehir.istanbul\/en\/wp-json\/wp\/v2\/comments?post=1369"}],"version-history":[{"count":96,"href":"https:\/\/www.akillisehir.istanbul\/en\/wp-json\/wp\/v2\/pages\/1369\/revisions"}],"predecessor-version":[{"id":27280,"href":"https:\/\/www.akillisehir.istanbul\/en\/wp-json\/wp\/v2\/pages\/1369\/revisions\/27280"}],"wp:attachment":[{"href":"https:\/\/www.akillisehir.istanbul\/en\/wp-json\/wp\/v2\/media?parent=1369"}],"curies":[{"name":"wp","href":"https:\/\/api.w.org\/{rel}","templated":true}]}}