{"id":2019,"date":"2024-03-11T10:53:22","date_gmt":"2024-03-11T07:53:22","guid":{"rendered":"https:\/\/www.akillisehir.istanbul\/?page_id=2019"},"modified":"2024-12-02T15:15:07","modified_gmt":"2024-12-02T12:15:07","slug":"finans","status":"publish","type":"page","link":"https:\/\/www.akillisehir.istanbul\/en\/finans\/","title":{"rendered":"Smart Finance"},"content":{"rendered":"<div data-elementor-type=\"wp-page\" data-elementor-id=\"2019\" class=\"elementor elementor-2019\">\n\t\t\t\t<div class=\"elementor-element elementor-element-44cbcf71 e-con-full e-flex e-con e-parent\" data-id=\"44cbcf71\" data-element_type=\"container\" data-settings=\"{&quot;content_width&quot;:&quot;full&quot;,&quot;background_background&quot;:&quot;classic&quot;}\" data-core-v316-plus=\"true\">\n\t\t\t\t<div class=\"elementor-element elementor-element-1ae718ca elementor-widget__width-initial elementor-widget elementor-widget-image\" data-id=\"1ae718ca\" data-element_type=\"widget\" data-widget_type=\"image.default\">\n\t\t\t\t<div class=\"elementor-widget-container\">\n\t\t\t<style>\/*! elementor - v3.19.0 - 07-02-2024 *\/\n.elementor-widget-image{text-align:center}.elementor-widget-image a{display:inline-block}.elementor-widget-image a img[src$=\".svg\"]{width:48px}.elementor-widget-image img{vertical-align:middle;display:inline-block}<\/style>\t\t\t\t\t\t\t\t\t\t<img fetchpriority=\"high\" decoding=\"async\" width=\"1030\" height=\"644\" src=\"https:\/\/www.akillisehir.istanbul\/wp-content\/uploads\/2024\/04\/finans-1030x644.jpg\" class=\"attachment-large size-large wp-image-11240\" alt=\"\" \/>\t\t\t\t\t\t\t\t\t\t\t\t\t<\/div>\n\t\t\t\t<\/div>\n\t\t\t\t<div class=\"elementor-element elementor-element-4042a78 elementor-widget elementor-widget-heading\" data-id=\"4042a78\" data-element_type=\"widget\" data-widget_type=\"heading.default\">\n\t\t\t\t<div class=\"elementor-widget-container\">\n\t\t\t<style>\/*! elementor - v3.19.0 - 07-02-2024 *\/\n.elementor-heading-title{padding:0;margin:0;line-height:1}.elementor-widget-heading .elementor-heading-title[class*=elementor-size-]>a{color:inherit;font-size:inherit;line-height:inherit}.elementor-widget-heading .elementor-heading-title.elementor-size-small{font-size:15px}.elementor-widget-heading .elementor-heading-title.elementor-size-medium{font-size:19px}.elementor-widget-heading .elementor-heading-title.elementor-size-large{font-size:29px}.elementor-widget-heading .elementor-heading-title.elementor-size-xl{font-size:39px}.elementor-widget-heading .elementor-heading-title.elementor-size-xxl{font-size:59px}<\/style><h2 class=\"elementor-heading-title elementor-size-default\">Smart Finance<\/h2>\t\t<\/div>\n\t\t\t\t<\/div>\n\t\t\t\t<div class=\"elementor-element elementor-element-78cb6445 elementor-widget elementor-widget-heading\" data-id=\"78cb6445\" data-element_type=\"widget\" data-widget_type=\"heading.default\">\n\t\t\t\t<div class=\"elementor-widget-container\">\n\t\t\t<h2 class=\"elementor-heading-title elementor-size-default\">Field Strategy<\/h2>\t\t<\/div>\n\t\t\t\t<\/div>\n\t\t\t\t<div class=\"elementor-element elementor-element-6e76f1d7 elementor-widget elementor-widget-text-editor\" data-id=\"6e76f1d7\" data-element_type=\"widget\" data-widget_type=\"text-editor.default\">\n\t\t\t\t<div class=\"elementor-widget-container\">\n\t\t\t<style>\/*! elementor - v3.19.0 - 07-02-2024 *\/\n.elementor-widget-text-editor.elementor-drop-cap-view-stacked .elementor-drop-cap{background-color:#69727d;color:#fff}.elementor-widget-text-editor.elementor-drop-cap-view-framed .elementor-drop-cap{color:#69727d;border:3px solid;background-color:transparent}.elementor-widget-text-editor:not(.elementor-drop-cap-view-default) .elementor-drop-cap{margin-top:8px}.elementor-widget-text-editor:not(.elementor-drop-cap-view-default) .elementor-drop-cap-letter{width:1em;height:1em}.elementor-widget-text-editor .elementor-drop-cap{float:left;text-align:center;line-height:1;font-size:50px}.elementor-widget-text-editor .elementor-drop-cap-letter{display:inline-block}<\/style>\t\t\t\t<div class=\"row\"><div class=\"col-12\"><p>For smart city investments in Istanbul, creative PPP, private financing solutions and EU funds should be emphasized in addition to public financing.<\/p><p>Hosting a well-developed banking sector, being open to direct investment, the central government's target to quadruple the budget allocated to R&amp;D, the fact that large infrastructure investments are made through PPP, hosting the head offices of global and domestic companies, and the e-Government system make the finance area strong.<\/p><p>The strategies have benefited from EU funds, the increase in liquidity in the world, and the world's money being directed towards technologies that support smart cities.<\/p><p>Slow and inflexible bureaucratic processes, insufficient support for innovative work, the existence of an informal economy, low level of EU funding, and limited venture capital stand out as areas for improvement.<\/p><p>In order for the city to attract more FDI, it is important to change the perception of risk, to ensure macroeconomic stabilization, and to have events and innovative practices that will continuously raise the image of the city.<\/p><\/div><\/div>\t\t\t\t\t\t<\/div>\n\t\t\t\t<\/div>\n\t\t\t\t<div class=\"elementor-element elementor-element-4555e40e elementor-widget elementor-widget-heading\" data-id=\"4555e40e\" data-element_type=\"widget\" data-widget_type=\"heading.default\">\n\t\t\t\t<div class=\"elementor-widget-container\">\n\t\t\t<h2 class=\"elementor-heading-title elementor-size-default\">Strategic Goals and Objectives<\/h2>\t\t<\/div>\n\t\t\t\t<\/div>\n\t\t\t\t<div class=\"elementor-element elementor-element-379c83c1 elementor-widget elementor-widget-heading\" data-id=\"379c83c1\" data-element_type=\"widget\" data-widget_type=\"heading.default\">\n\t\t\t\t<div class=\"elementor-widget-container\">\n\t\t\t<h2 class=\"elementor-heading-title elementor-size-default\">SG1. Ensure Alternative Financing for Smart City Projects<\/h2>\t\t<\/div>\n\t\t\t\t<\/div>\n\t\t\t\t<div class=\"elementor-element elementor-element-13206e79 elementor-widget elementor-widget-text-editor\" data-id=\"13206e79\" data-element_type=\"widget\" data-widget_type=\"text-editor.default\">\n\t\t\t\t<div class=\"elementor-widget-container\">\n\t\t\t\t\t\t\t<ul><li>Initiative 1- Ready Smart City Projects for Investment and Administration<\/li><\/ul>\t\t\t\t\t\t<\/div>\n\t\t\t\t<\/div>\n\t\t<div class=\"elementor-element elementor-element-70b0870e e-flex e-con-boxed e-con e-child\" data-id=\"70b0870e\" data-element_type=\"container\" data-settings=\"{&quot;background_background&quot;:&quot;classic&quot;,&quot;content_width&quot;:&quot;boxed&quot;}\">\n\t\t\t\t\t<div class=\"e-con-inner\">\n\t\t<div class=\"elementor-element elementor-element-5ecb108c bdt-backdrop-filter-yes e-flex e-con-boxed e-con e-child\" data-id=\"5ecb108c\" data-element_type=\"container\" data-settings=\"{&quot;background_background&quot;:&quot;classic&quot;,&quot;content_width&quot;:&quot;boxed&quot;}\">\n\t\t\t\t\t<div class=\"e-con-inner\">\n\t\t\t\t<div class=\"elementor-element elementor-element-5ea7a0fc elementor-widget__width-initial elementor-widget elementor-widget-heading\" data-id=\"5ea7a0fc\" data-element_type=\"widget\" data-widget_type=\"heading.default\">\n\t\t\t\t<div class=\"elementor-widget-container\">\n\t\t\t<h2 class=\"elementor-heading-title elementor-size-default\">FIN.SG1.I1.P1<\/h2>\t\t<\/div>\n\t\t\t\t<\/div>\n\t\t\t\t<div data-ep-wrapper-link=\"{&quot;url&quot;:&quot;https:\\\/\\\/www.akillisehir.istanbul\\\/?page_id=6100&quot;,&quot;is_external&quot;:&quot;&quot;,&quot;nofollow&quot;:&quot;&quot;,&quot;custom_attributes&quot;:&quot;&quot;}\" style=\"cursor: pointer\" class=\"bdt-element-link elementor-element elementor-element-12ef6cd8 elementor-widget__width-initial elementor-widget elementor-widget-heading\" data-id=\"12ef6cd8\" data-element_type=\"widget\" data-widget_type=\"heading.default\">\n\t\t\t\t<div class=\"elementor-widget-container\">\n\t\t\t<h2 class=\"elementor-heading-title elementor-size-default\">Smart Fund Platform<\/h2>\t\t<\/div>\n\t\t\t\t<\/div>\n\t\t\t\t\t<\/div>\n\t\t\t\t<\/div>\n\t\t<div class=\"elementor-element elementor-element-5d1da1c5 bdt-backdrop-filter-yes e-flex e-con-boxed e-con e-child\" data-id=\"5d1da1c5\" data-element_type=\"container\" data-settings=\"{&quot;background_background&quot;:&quot;classic&quot;,&quot;content_width&quot;:&quot;boxed&quot;}\">\n\t\t\t\t\t<div class=\"e-con-inner\">\n\t\t\t\t<div class=\"elementor-element elementor-element-3148af98 elementor-widget__width-initial elementor-widget elementor-widget-heading\" data-id=\"3148af98\" data-element_type=\"widget\" data-widget_type=\"heading.default\">\n\t\t\t\t<div class=\"elementor-widget-container\">\n\t\t\t<h2 class=\"elementor-heading-title elementor-size-default\">FIN.SG1.I1.P2<\/h2>\t\t<\/div>\n\t\t\t\t<\/div>\n\t\t\t\t<div data-ep-wrapper-link=\"{&quot;url&quot;:&quot;https:\\\/\\\/www.akillisehir.istanbul\\\/?page_id=6103&quot;,&quot;is_external&quot;:&quot;&quot;,&quot;nofollow&quot;:&quot;&quot;,&quot;custom_attributes&quot;:&quot;&quot;}\" style=\"cursor: pointer\" class=\"bdt-element-link elementor-element elementor-element-a75a7c6 elementor-widget__width-initial elementor-widget elementor-widget-heading\" data-id=\"a75a7c6\" data-element_type=\"widget\" data-widget_type=\"heading.default\">\n\t\t\t\t<div class=\"elementor-widget-container\">\n\t\t\t<h2 class=\"elementor-heading-title elementor-size-default\">Istanbul is Ours Fund<\/h2>\t\t<\/div>\n\t\t\t\t<\/div>\n\t\t\t\t\t<\/div>\n\t\t\t\t<\/div>\n\t\t<div class=\"elementor-element elementor-element-5435ebdd bdt-backdrop-filter-yes e-flex e-con-boxed e-con e-child\" data-id=\"5435ebdd\" data-element_type=\"container\" data-settings=\"{&quot;background_background&quot;:&quot;classic&quot;,&quot;content_width&quot;:&quot;boxed&quot;}\">\n\t\t\t\t\t<div class=\"e-con-inner\">\n\t\t\t\t<div class=\"elementor-element elementor-element-72c73c1d elementor-widget__width-initial elementor-widget elementor-widget-heading\" data-id=\"72c73c1d\" data-element_type=\"widget\" data-widget_type=\"heading.default\">\n\t\t\t\t<div class=\"elementor-widget-container\">\n\t\t\t<h2 class=\"elementor-heading-title elementor-size-default\">FIN.SG1.I1.P3<\/h2>\t\t<\/div>\n\t\t\t\t<\/div>\n\t\t\t\t<div data-ep-wrapper-link=\"{&quot;url&quot;:&quot;https:\\\/\\\/www.akillisehir.istanbul\\\/?page_id=6108&quot;,&quot;is_external&quot;:&quot;&quot;,&quot;nofollow&quot;:&quot;&quot;,&quot;custom_attributes&quot;:&quot;&quot;}\" style=\"cursor: pointer\" class=\"bdt-element-link elementor-element elementor-element-180216fe elementor-widget__width-initial elementor-widget elementor-widget-heading\" data-id=\"180216fe\" data-element_type=\"widget\" data-widget_type=\"heading.default\">\n\t\t\t\t<div class=\"elementor-widget-container\">\n\t\t\t<h2 class=\"elementor-heading-title elementor-size-default\">Smart City Project Finance<\/h2>\t\t<\/div>\n\t\t\t\t<\/div>\n\t\t\t\t\t<\/div>\n\t\t\t\t<\/div>\n\t\t\t\t\t<\/div>\n\t\t\t\t<\/div>\n\t\t\t\t<\/div>\n\t\t\t\t<\/div>","protected":false},"excerpt":{"rendered":"<p>Finans Alan Stratejisi \u0130stanbul\u2019a yap\u0131lacak ak\u0131ll\u0131 \u015fehir yat\u0131r\u0131mlar\u0131 i\u00e7in kamu finansman\u0131 d\u0131\u015f\u0131nda yarat\u0131c\u0131 K\u00d6\u0130, \u00f6zel finansman \u00e7\u00f6z\u00fcmleri ve AB fonlar\u0131na a\u011f\u0131rl\u0131k verilmelidir. Geli\u015fmi\u015f bankac\u0131l\u0131k sekt\u00f6r\u00fcne ev sahipli\u011fi yap\u0131lmas\u0131, do\u011frudan yat\u0131r\u0131ma a\u00e7\u0131k olunmas\u0131, merkezi h\u00fckumetin Ar-Ge\u2019ye ayr\u0131lan b\u00fct\u00e7eyi 4 kat\u0131na \u00e7\u0131karma hedefinin olmas\u0131, b\u00fcy\u00fck altyap\u0131l\u0131 yat\u0131r\u0131mlar\u0131n K\u00d6\u0130 ile yap\u0131l\u0131yor olmas\u0131, k\u00fcresel ve yerli firmalar\u0131n merkez ofislerini [&hellip;]<\/p>","protected":false},"author":5,"featured_media":0,"parent":0,"menu_order":0,"comment_status":"closed","ping_status":"closed","template":"","meta":{"footnotes":""},"class_list":["post-2019","page","type-page","status-publish","hentry"],"_links":{"self":[{"href":"https:\/\/www.akillisehir.istanbul\/en\/wp-json\/wp\/v2\/pages\/2019","targetHints":{"allow":["GET"]}}],"collection":[{"href":"https:\/\/www.akillisehir.istanbul\/en\/wp-json\/wp\/v2\/pages"}],"about":[{"href":"https:\/\/www.akillisehir.istanbul\/en\/wp-json\/wp\/v2\/types\/page"}],"author":[{"embeddable":true,"href":"https:\/\/www.akillisehir.istanbul\/en\/wp-json\/wp\/v2\/users\/5"}],"replies":[{"embeddable":true,"href":"https:\/\/www.akillisehir.istanbul\/en\/wp-json\/wp\/v2\/comments?post=2019"}],"version-history":[{"count":47,"href":"https:\/\/www.akillisehir.istanbul\/en\/wp-json\/wp\/v2\/pages\/2019\/revisions"}],"predecessor-version":[{"id":27079,"href":"https:\/\/www.akillisehir.istanbul\/en\/wp-json\/wp\/v2\/pages\/2019\/revisions\/27079"}],"wp:attachment":[{"href":"https:\/\/www.akillisehir.istanbul\/en\/wp-json\/wp\/v2\/media?parent=2019"}],"curies":[{"name":"wp","href":"https:\/\/api.w.org\/{rel}","templated":true}]}}