{"id":26136,"date":"2024-11-23T14:37:59","date_gmt":"2024-11-23T11:37:59","guid":{"rendered":"https:\/\/www.akillisehir.istanbul\/?page_id=26136"},"modified":"2024-11-23T14:49:50","modified_gmt":"2024-11-23T11:49:50","slug":"temizlen-giyin-cik-mobil-hizmet-araci-2","status":"publish","type":"page","link":"https:\/\/www.akillisehir.istanbul\/en\/temizlen-giyin-cik-mobil-hizmet-araci-2\/","title":{"rendered":"temizlen-giyin-cik-mobil-hizmet-araci-2"},"content":{"rendered":"<div data-elementor-type=\"wp-page\" data-elementor-id=\"26136\" class=\"elementor elementor-26136\">\n\t\t\t\t<div class=\"elementor-element elementor-element-42f8456 e-con-full e-flex e-con e-parent\" data-id=\"42f8456\" data-element_type=\"container\" data-settings=\"{&quot;content_width&quot;:&quot;full&quot;,&quot;background_background&quot;:&quot;classic&quot;}\" data-core-v316-plus=\"true\">\n\t\t<div class=\"elementor-element elementor-element-11c9de3 e-con-full e-flex e-con e-child\" data-id=\"11c9de3\" data-element_type=\"container\" data-settings=\"{&quot;content_width&quot;:&quot;full&quot;,&quot;background_background&quot;:&quot;classic&quot;}\">\n\t\t\t\t<div class=\"elementor-element elementor-element-d04c75d elementor-widget__width-initial elementor-widget elementor-widget-heading\" data-id=\"d04c75d\" data-element_type=\"widget\" data-widget_type=\"heading.default\">\n\t\t\t\t<div class=\"elementor-widget-container\">\n\t\t\t<style>\/*! elementor - v3.19.0 - 07-02-2024 *\/\n.elementor-heading-title{padding:0;margin:0;line-height:1}.elementor-widget-heading .elementor-heading-title[class*=elementor-size-]>a{color:inherit;font-size:inherit;line-height:inherit}.elementor-widget-heading .elementor-heading-title.elementor-size-small{font-size:15px}.elementor-widget-heading .elementor-heading-title.elementor-size-medium{font-size:19px}.elementor-widget-heading .elementor-heading-title.elementor-size-large{font-size:29px}.elementor-widget-heading .elementor-heading-title.elementor-size-xl{font-size:39px}.elementor-widget-heading .elementor-heading-title.elementor-size-xxl{font-size:59px}<\/style><h2 class=\"elementor-heading-title elementor-size-default\">PROJECT<\/h2>\t\t<\/div>\n\t\t\t\t<\/div>\n\t\t\t\t<div class=\"elementor-element elementor-element-bc2a592 elementor-widget__width-initial elementor-widget elementor-widget-heading\" data-id=\"bc2a592\" data-element_type=\"widget\" data-widget_type=\"heading.default\">\n\t\t\t\t<div class=\"elementor-widget-container\">\n\t\t\t<h2 class=\"elementor-heading-title elementor-size-default\">PE.SG2.I2.P4<\/h2>\t\t<\/div>\n\t\t\t\t<\/div>\n\t\t\t\t<\/div>\n\t\t\t\t<div class=\"elementor-element elementor-element-8e6e11c elementor-widget elementor-widget-heading\" data-id=\"8e6e11c\" data-element_type=\"widget\" data-widget_type=\"heading.default\">\n\t\t\t\t<div class=\"elementor-widget-container\">\n\t\t\t<h2 class=\"elementor-heading-title elementor-size-default\">Get Clean, Dress and Leave Mobile Service Vehicle (Mobilebath) (Completed)<\/h2>\t\t<\/div>\n\t\t\t\t<\/div>\n\t\t\t\t<div class=\"elementor-element elementor-element-d58927c elementor-widget elementor-widget-text-editor\" data-id=\"d58927c\" data-element_type=\"widget\" data-widget_type=\"text-editor.default\">\n\t\t\t\t<div class=\"elementor-widget-container\">\n\t\t\t<style>\/*! elementor - v3.19.0 - 07-02-2024 *\/\n.elementor-widget-text-editor.elementor-drop-cap-view-stacked .elementor-drop-cap{background-color:#69727d;color:#fff}.elementor-widget-text-editor.elementor-drop-cap-view-framed .elementor-drop-cap{color:#69727d;border:3px solid;background-color:transparent}.elementor-widget-text-editor:not(.elementor-drop-cap-view-default) .elementor-drop-cap{margin-top:8px}.elementor-widget-text-editor:not(.elementor-drop-cap-view-default) .elementor-drop-cap-letter{width:1em;height:1em}.elementor-widget-text-editor .elementor-drop-cap{float:left;text-align:center;line-height:1;font-size:50px}.elementor-widget-text-editor .elementor-drop-cap-letter{display:inline-block}<\/style>\t\t\t\t<div class=\"elementor-element elementor-element-ded5ef9 elementor-widget elementor-widget-text-editor\" data-id=\"ded5ef9\" data-element_type=\"widget\" data-widget_type=\"text-editor.default\"><div class=\"elementor-widget-container\"><div class=\"row\"><div class=\"col-12\"><p><strong><em>Bu projenin ismi uygulama a\u015famas\u0131nda \u201c\u0130stanbul Mobil Banyo\u201d olarak g\u00fcncellenmi\u015ftir.<\/em><\/strong><\/p><\/div><\/div><\/div><\/div><div class=\"elementor-element elementor-element-d244705 elementor-widget elementor-widget-text-editor\" data-id=\"d244705\" data-element_type=\"widget\" data-widget_type=\"text-editor.default\"><div class=\"elementor-widget-container\"><div class=\"row\"><div class=\"col-12\"><p>Implementation of a mobile service vehicle that will meet the personal care, cleaning and clothing needs of homeless individuals and provide counselling in the social field<\/p><ul><li>Facilitating the participation of homeless individuals in social life within the framework of Social Municipality principles<\/li><li>Expansion of the service area for homeless people in Istanbul<\/li><\/ul><\/div><\/div><\/div><\/div>\t\t\t\t\t\t<\/div>\n\t\t\t\t<\/div>\n\t\t<div class=\"elementor-element elementor-element-f0bd10a e-flex e-con-boxed e-con e-child\" data-id=\"f0bd10a\" data-element_type=\"container\" data-settings=\"{&quot;content_width&quot;:&quot;boxed&quot;}\">\n\t\t\t\t\t<div class=\"e-con-inner\">\n\t\t\t\t<div class=\"elementor-element elementor-element-fed7964 elementor-widget__width-initial elementor-widget-mobile__width-initial icon-image elementor-widget elementor-widget-image\" data-id=\"fed7964\" data-element_type=\"widget\" data-widget_type=\"image.default\">\n\t\t\t\t<div class=\"elementor-widget-container\">\n\t\t\t<style>\/*! elementor - v3.19.0 - 07-02-2024 *\/\n.elementor-widget-image{text-align:center}.elementor-widget-image a{display:inline-block}.elementor-widget-image a img[src$=\".svg\"]{width:48px}.elementor-widget-image img{vertical-align:middle;display:inline-block}<\/style>\t\t\t\t\t\t\t\t\t\t<img fetchpriority=\"high\" decoding=\"async\" width=\"499\" height=\"478\" src=\"https:\/\/www.akillisehir.istanbul\/wp-content\/uploads\/2024\/12\/Varlik-10.png\" class=\"attachment-large size-large wp-image-17418\" alt=\"\" \/>\t\t\t\t\t\t\t\t\t\t\t\t\t<\/div>\n\t\t\t\t<\/div>\n\t\t\t\t<div class=\"elementor-element elementor-element-7bb8c3d elementor-widget__width-initial elementor-widget-mobile__width-initial icon-image elementor-widget elementor-widget-image\" data-id=\"7bb8c3d\" data-element_type=\"widget\" data-widget_type=\"image.default\">\n\t\t\t\t<div class=\"elementor-widget-container\">\n\t\t\t\t\t\t\t\t\t\t\t\t\t<img decoding=\"async\" width=\"501\" height=\"480\" src=\"https:\/\/www.akillisehir.istanbul\/wp-content\/uploads\/2024\/12\/Varlik-11.png\" class=\"attachment-large size-large wp-image-17419\" alt=\"\" \/>\t\t\t\t\t\t\t\t\t\t\t\t\t<\/div>\n\t\t\t\t<\/div>\n\t\t\t\t\t<\/div>\n\t\t\t\t<\/div>\n\t\t\t\t<div class=\"elementor-element elementor-element-9151130 elementor-widget elementor-widget-heading\" data-id=\"9151130\" data-element_type=\"widget\" data-widget_type=\"heading.default\">\n\t\t\t\t<div class=\"elementor-widget-container\">\n\t\t\t<h2 class=\"elementor-heading-title elementor-size-default\">Smart People<\/h2>\t\t<\/div>\n\t\t\t\t<\/div>\n\t\t\t\t<\/div>\n\t\t\t\t<\/div>","protected":false},"excerpt":{"rendered":"<p>proje IN.SA2.I2.P4 Temizlen Giyin \u00c7\u0131k Mobil Hizmet Arac\u0131 (Otobanyo) (Tamamland\u0131) Bu projenin ismi uygulama a\u015famas\u0131nda \u201c\u0130stanbul Mobil Banyo\u201d olarak g\u00fcncellenmi\u015ftir. Evsiz bireylerin ki\u015fisel bak\u0131m, temizlik ve k\u0131yafet ihtiya\u00e7lar\u0131n\u0131 giderip, sosyal alanda dan\u0131\u015fmanl\u0131k yap\u0131lacak, mobil hizmet arac\u0131n\u0131n hayata ge\u00e7irilmesi Evsiz bireylerin Sosyal Belediyecilik\u00a0ilkeleri \u00e7er\u00e7evesinde, sosyal hayata\u00a0kat\u0131l\u0131mlar\u0131n\u0131n kolayla\u015fmas\u0131 \u0130stanbul\u2019da bulunan evsizlere y\u00f6nelik\u00a0hizmet alan\u0131n\u0131n geni\u015fletilmesi Ak\u0131ll\u0131 \u0130nsan<\/p>","protected":false},"author":5,"featured_media":0,"parent":0,"menu_order":0,"comment_status":"closed","ping_status":"closed","template":"","meta":{"footnotes":""},"class_list":["post-26136","page","type-page","status-publish","hentry"],"_links":{"self":[{"href":"https:\/\/www.akillisehir.istanbul\/en\/wp-json\/wp\/v2\/pages\/26136","targetHints":{"allow":["GET"]}}],"collection":[{"href":"https:\/\/www.akillisehir.istanbul\/en\/wp-json\/wp\/v2\/pages"}],"about":[{"href":"https:\/\/www.akillisehir.istanbul\/en\/wp-json\/wp\/v2\/types\/page"}],"author":[{"embeddable":true,"href":"https:\/\/www.akillisehir.istanbul\/en\/wp-json\/wp\/v2\/users\/5"}],"replies":[{"embeddable":true,"href":"https:\/\/www.akillisehir.istanbul\/en\/wp-json\/wp\/v2\/comments?post=26136"}],"version-history":[{"count":6,"href":"https:\/\/www.akillisehir.istanbul\/en\/wp-json\/wp\/v2\/pages\/26136\/revisions"}],"predecessor-version":[{"id":26154,"href":"https:\/\/www.akillisehir.istanbul\/en\/wp-json\/wp\/v2\/pages\/26136\/revisions\/26154"}],"wp:attachment":[{"href":"https:\/\/www.akillisehir.istanbul\/en\/wp-json\/wp\/v2\/media?parent=26136"}],"curies":[{"name":"wp","href":"https:\/\/api.w.org\/{rel}","templated":true}]}}