{"id":29433,"date":"2025-08-12T14:24:44","date_gmt":"2025-08-12T11:24:44","guid":{"rendered":"https:\/\/www.akillisehir.istanbul\/?page_id=29433"},"modified":"2025-08-13T13:07:49","modified_gmt":"2025-08-13T10:07:49","slug":"kvkk","status":"publish","type":"page","link":"https:\/\/www.akillisehir.istanbul\/en\/kvkk\/","title":{"rendered":"KVKK"},"content":{"rendered":"<div data-elementor-type=\"wp-page\" data-elementor-id=\"29433\" class=\"elementor elementor-29433\">\n\t\t\t\t<div class=\"elementor-element elementor-element-4f156779 e-con-full e-flex e-con e-parent\" data-id=\"4f156779\" data-element_type=\"container\" data-settings=\"{&quot;content_width&quot;:&quot;full&quot;,&quot;background_background&quot;:&quot;classic&quot;}\" data-core-v316-plus=\"true\">\n\t\t\t\t<div class=\"elementor-element elementor-element-5c9182a7 elementor-widget elementor-widget-heading\" data-id=\"5c9182a7\" data-element_type=\"widget\" data-widget_type=\"heading.default\">\n\t\t\t\t<div class=\"elementor-widget-container\">\n\t\t\t<style>\/*! elementor - v3.19.0 - 07-02-2024 *\/\n.elementor-heading-title{padding:0;margin:0;line-height:1}.elementor-widget-heading .elementor-heading-title[class*=elementor-size-]>a{color:inherit;font-size:inherit;line-height:inherit}.elementor-widget-heading .elementor-heading-title.elementor-size-small{font-size:15px}.elementor-widget-heading .elementor-heading-title.elementor-size-medium{font-size:19px}.elementor-widget-heading .elementor-heading-title.elementor-size-large{font-size:29px}.elementor-widget-heading .elementor-heading-title.elementor-size-xl{font-size:39px}.elementor-widget-heading .elementor-heading-title.elementor-size-xxl{font-size:59px}<\/style><h2 class=\"elementor-heading-title elementor-size-default\"> \u0130STANBUL B\u00dcY\u00dcK\u015eEH\u0130R BELED\u0130YE BA\u015eKANLI\u011eI\nK\u0130\u015e\u0130SEL VER\u0130LER\u0130N \u0130\u015eLENMES\u0130NE \u0130L\u0130\u015eK\u0130N \u00c7EREZ AYDINLATMA METN\u0130\n<\/h2>\t\t<\/div>\n\t\t\t\t<\/div>\n\t\t\t\t<div class=\"elementor-element elementor-element-304c29b9 elementor-widget elementor-widget-text-editor\" data-id=\"304c29b9\" data-element_type=\"widget\" data-widget_type=\"text-editor.default\">\n\t\t\t\t<div class=\"elementor-widget-container\">\n\t\t\t<style>\/*! elementor - v3.19.0 - 07-02-2024 *\/\n.elementor-widget-text-editor.elementor-drop-cap-view-stacked .elementor-drop-cap{background-color:#69727d;color:#fff}.elementor-widget-text-editor.elementor-drop-cap-view-framed .elementor-drop-cap{color:#69727d;border:3px solid;background-color:transparent}.elementor-widget-text-editor:not(.elementor-drop-cap-view-default) .elementor-drop-cap{margin-top:8px}.elementor-widget-text-editor:not(.elementor-drop-cap-view-default) .elementor-drop-cap-letter{width:1em;height:1em}.elementor-widget-text-editor .elementor-drop-cap{float:left;text-align:center;line-height:1;font-size:50px}.elementor-widget-text-editor .elementor-drop-cap-letter{display:inline-block}<\/style>\t\t\t\t<p>Bu metin, 6698 say\u0131l\u0131 Ki\u015fisel Verilerin Korunmas\u0131 Kanunu\u2019nun (\u201c<strong>Kanun<\/strong>\u201d) 10. maddesi ile Ayd\u0131nlatma Y\u00fck\u00fcml\u00fcl\u00fc\u011f\u00fcn\u00fcn Yerine Getirilmesinde Uyulacak Usul ve Esaslar Hakk\u0131nda Tebli\u011f kapsam\u0131nda veri sorumlusu s\u0131fat\u0131yla<strong> \u0130stanbul B\u00fcy\u00fck\u015fehir Belediye Ba\u015fkanl\u0131\u011f\u0131 <\/strong>(\u201c<strong>\u0130BB<\/strong>\u201d) taraf\u0131ndan haz\u0131rlanm\u0131\u015ft\u0131r.<\/p><p>\u0130BB olarak <a href=\"https:\/\/www.akillisehir.istanbul\/en\/\">https:\/\/www.akillisehir.istanbul\/<\/a> adresli internet sitesi (\u201c<strong>Site<\/strong>\u201d) i\u00e7erisinde yer alan baz\u0131 alanlarda birinci ve \u00fc\u00e7\u00fcnc\u00fc taraf \u00e7erezler kullanmaktay\u0131z. Bu \u00c7erez Ayd\u0131nlatma Metni (\u201c<strong>Ayd\u0131nlatma Metni<\/strong>\u201d), \u0130BB taraf\u0131ndan y\u00f6netilen Site i\u00e7in ge\u00e7erli olup, \u00e7erezler Ayd\u0131nlatma Metni\u2019nde a\u00e7\u0131klanan \u015fekilde kullan\u0131lacakt\u0131r.<\/p><p>\u0130\u015fbu Ayd\u0131nlatma Metni\u2019nin amac\u0131, Site\u2019mizde kullan\u0131lan \u00e7erezlerin cihaz\u0131n\u0131za yerle\u015ftirilmesi arac\u0131l\u0131\u011f\u0131yla otomatik yolla elde edilen ki\u015fisel verilerin i\u015flenmesine ili\u015fkin olarak, hangi ama\u00e7larla hangi t\u00fcr \u00e7erezleri kulland\u0131\u011f\u0131m\u0131z\u0131 ve bu \u00e7erezleri nas\u0131l y\u00f6netebilece\u011finiz hakk\u0131nda sizlere bilgi vermektir. Site\u2019mizde kulland\u0131\u011f\u0131m\u0131z zorunlu \u00e7erezler haricindeki \u00e7erezler i\u00e7in kullan\u0131c\u0131lar\u0131n a\u00e7\u0131k r\u0131zalar\u0131 al\u0131nmakta ve kullan\u0131c\u0131lara istedikleri her zaman a\u00e7\u0131k r\u0131zaya ili\u015fkin tercihlerini de\u011fi\u015ftirebilme olana\u011f\u0131 sa\u011flanmaktad\u0131r.<\/p><p>Kullan\u0131c\u0131lar, \u00e7erez y\u00f6netim paneli \u00fczerinden Site\u2019mizde kullan\u0131lan \u00e7erez \u00e7e\u015fitlerini g\u00f6rebilmekte ve zorunlu \u00e7erezler d\u0131\u015f\u0131nda kalan t\u00fcm \u00e7erezler i\u00e7in se\u00e7enekleri ile tercihlerini belirleyebilmektedir. Yine bu panel \u00fczerinden kullan\u0131c\u0131lar tercihlerini her zaman de\u011fi\u015ftirme imkan\u0131na sahiptir.<\/p><p><strong>\u00c7erez Nedir?<\/strong><\/p><p>\u00c7erezler bir internet sitesi taraf\u0131ndan cihaz\u0131n\u0131zda olu\u015fturulan ve isim-de\u011fer format\u0131nda veri bar\u0131nd\u0131ran k\u00fc\u00e7\u00fck metin dosyalar\u0131d\u0131r. \u00c7erezler, ziyaret etti\u011finiz internet sitesinin cihaz\u0131n\u0131zda bilgi saklamas\u0131n\u0131 ve bu bilgilerin sonraki ziyaretleriniz s\u0131ras\u0131nda kullanmas\u0131n\u0131 m\u00fcmk\u00fcn k\u0131lmaktad\u0131r. Bir internet sitesi taraf\u0131ndan olu\u015fturulan \u00e7erezler siteye eri\u015fim i\u00e7in kulland\u0131\u011f\u0131n\u0131z internet taray\u0131c\u0131s\u0131 taraf\u0131ndan saklanmakta olup \u00e7erezler, ziyaret\u00e7ilere ili\u015fkin isim, cinsiyet veya a\u00e7\u0131k adres gibi ki\u015fisel verileri i\u00e7ermezler. \u00c7erezlerin i\u00e7erdi\u011fi bilgilere ancak ayn\u0131 internet taray\u0131c\u0131s\u0131n\u0131 kullanman\u0131z halinde ve yaln\u0131zca ilgili \u00e7erezi olu\u015fturan internet sitesi alan ad\u0131\u00a0 <a href=\"https:\/\/www.akillisehir.istanbul\/en\/\">https:\/\/www.akillisehir.istanbul\/<\/a> taraf\u0131ndan eri\u015filebilmektedir.<\/p><p>\u00c7erezler g\u00fcn\u00fcm\u00fczde, internet teknolojilerinin \u00f6nemli bir par\u00e7as\u0131 haline gelmi\u015ftir ve temel i\u015flevleri \u00e7evrimi\u00e7i ziyaret\u00e7inin tercihlerinin hat\u0131rlanmas\u0131 ve ba\u011flant\u0131 s\u0131ras\u0131nda cihaz\u0131n tan\u0131nmas\u0131 olup, neredeyse her internet sitesinde \u00e7erez kullan\u0131m\u0131 s\u00f6z konusudur.<\/p><p><strong>\u00c7erezleri Kim, Nas\u0131l G\u00f6nderir?<\/strong><\/p><p>\u00c7erezler, gezintiniz s\u0131ras\u0131nda cihaz\u0131n\u0131zda bulunan internet taray\u0131c\u0131n\u0131z <em>(Chrome, Firefox, Safari, Edge vb.)<\/em> ile \u0130BB b\u00fcnyesindeki internet sitesi sunucular\u0131 aras\u0131nda kurulan ileti\u015fim vas\u0131tas\u0131yla g\u00f6nderilmektedir.<\/p><p><strong>\u00c7erez Tipleri:<\/strong><\/p><ul><li>Sahipliklerine g\u00f6re:<ul><li><strong>Birinci Taraf \u00c7erezler<br \/><\/strong>Do\u011frudan ziyaret edilen web sitesi veya \u0130BB taraf\u0131ndan cihaza yerle\u015ftirilmektedir.<\/li><li><strong>\u00dc\u00e7\u00fcnc\u00fc Taraf \u00c7erezler<br \/><\/strong>\u0130BB ile i\u015fbirli\u011fi i\u00e7erisinde olan veya analitik sistem gibi \u00fc\u00e7\u00fcnc\u00fc bir taraf\u00e7a cihaza yerle\u015ftirilen \u00e7erezlerdir.<\/li><\/ul><\/li><li>Aktif oldu\u011fu s\u00fcreye g\u00f6re:<ul><li><strong>Kal\u0131c\u0131 \u00c7erezler<br \/><\/strong>\u00c7erezin kullan\u0131c\u0131 taraf\u0131ndan silinme tarihine kadar veya \u00e7erez i\u00e7in belirli son kullanma tarihine kadar s\u00fcr\u00fcc\u00fcde yer alan \u00e7erezlerdir. Kal\u0131c\u0131 \u00e7erezlerin kodlar\u0131nda de\u011fi\u015fken s\u00fcreli, yaz\u0131l\u0131 bir son kullanma tarihi vard\u0131r.<\/li><\/ul><\/li><li>Kullan\u0131m ama\u00e7lar\u0131na g\u00f6re:<ul><li><strong>\u0130statistik \u00c7erezleri<br \/><\/strong>Performans \u00e7erezleri olarak da bilinen istatistik \u00e7erezleri, web sitesinin kullan\u0131m\u0131na ili\u015fkin anonim, istatistiksel veri sa\u011flayan \u00e7erezlerdir. \u0130statistik \u00e7erezleri ile kullan\u0131c\u0131n\u0131n web sitesini nas\u0131l kulland\u0131\u011f\u0131, ziyaret etti\u011fi sayfalar, t\u0131klad\u0131\u011f\u0131 ba\u011flant\u0131lar depolanabilmektedir. Anonim hale getirilen istatistik \u00e7erezleri, web sitesi kullan\u0131c\u0131s\u0131n\u0131 tan\u0131mlamak i\u00e7in kullan\u0131lmamaktad\u0131r. Bu \u00e7erezlerin amac\u0131, web sitesini daha i\u015flevsel hale getirmektir.<\/li><\/ul><\/li><\/ul><p><strong>Ki\u015fisel Verilerin Hangi Ama\u00e7larla \u0130\u015flenece\u011fi ve Hukuki Sebepler <\/strong><\/p><p><strong>Analitik \u00e7erezler, <\/strong>\u00a0\u00a0internet sitelerinde kullan\u0131c\u0131lar\u0131n davran\u0131\u015flar\u0131n\u0131 analiz etmek amac\u0131yla istatistiki \u00f6l\u00e7\u00fcm\u00fcne imk\u00e2n veren \u00e7erezlerdir. \u0130nternet sitesi sahipleri taraf\u0131ndan, tekil ziyaret\u00e7ilerin say\u0131s\u0131n\u0131 tahmin etmek, bir internet sayfas\u0131na g\u00f6t\u00fcren en \u00f6nemli arama motoru anahtar kelimelerini tespit etmek veya internet sitesinde gezinme durumunu izlemek i\u00e7in kullan\u0131lmaktad\u0131rlar. Bu \u00e7erezler arac\u0131l\u0131\u011f\u0131yla toplanan ki\u015fisel verileriniz, Kanun\u2019un 5. maddesinin 1. f\u0131kras\u0131 kapsam\u0131nda a\u00e7\u0131k r\u0131zan\u0131z\u0131n al\u0131nmas\u0131 suretiyle i\u015flenmektedir.<\/p><p><strong>Sitemizde Kullan\u0131lan \u00c7erezlere <\/strong><strong> Bilgiler<\/strong><\/p><p>\u0130nternet sitemizde yer alan \u00e7erezlere ili\u015fkin bilgiler a\u015fa\u011f\u0131daki tabloda yer almaktad\u0131r:<\/p>\t\t\t\t\t\t<\/div>\n\t\t\t\t<\/div>\n\t\t\t\t<div class=\"elementor-element elementor-element-e579cec elementor-widget elementor-widget-html\" data-id=\"e579cec\" data-element_type=\"widget\" data-widget_type=\"html.default\">\n\t\t\t\t<div class=\"elementor-widget-container\">\n\t\t\t<table>\r\n    <thead>\r\n        <tr>\r\n            <th>\u00c7erez \u0130smi<\/th>\r\n            <th>\u00c7erez Kullan\u0131m Amac\u0131<\/th>\r\n            <th>\u00c7erez Tipi<\/th>\r\n            <th>\u00c7erez S\u00fcresi<\/th>\r\n        <\/tr>\r\n    <\/thead>\r\n    <tbody>\r\n        <tr>\r\n            <td>_ga<\/td>\r\n            <td>Bu \u00e7erez, m\u00fc\u015fteri tan\u0131mlay\u0131c\u0131s\u0131 olarak rastgele olu\u015fturulmu\u015f bir say\u0131 atayarak benzersiz kullan\u0131c\u0131lar\u0131 ay\u0131rt etmek i\u00e7in kullan\u0131l\u0131r. Bir sitedeki her sayfa iste\u011fine dahil edilir ve sitelerin analitik raporlar\u0131 i\u00e7in ziyaret\u00e7i, oturum ve kampanya verilerini hesaplamak i\u00e7in kullan\u0131l\u0131r.<\/td>\r\n            <td>Birinci Taraf - Analitik<\/td>\r\n            <td>1 y\u0131l 1 ay<\/td>\r\n        <\/tr>\r\n        <tr>\r\n            <td>_ga_PNDG3SM6VY<\/td>\r\n            <td>Bu \u00e7erez, Google Analytics taraf\u0131ndan oturum bilgisini kal\u0131c\u0131 hale getirmek i\u00e7in kullan\u0131l\u0131r.<\/td>\r\n            <td>Birinci Taraf - Analitik<\/td>\r\n            <td>1 y\u0131l 1 ay<\/td>\r\n        <\/tr>\r\n    <\/tbody>\r\n<\/table>\r\n\r\n\r\n<style>\r\n    table {\r\n        border-collapse: collapse;\r\n        width: 100%;\r\n        font-family: \"mark pro\", sans-serif;\r\n    }\r\n    th, td {\r\n        border: 1px solid #000;\r\n        padding: 10px;\r\n        vertical-align: top;\r\n        color: black;\r\n    }\r\n    th {\r\n        background-color: #1F4E78;\r\n        color: white;\r\n        text-align: left;\r\n    }\r\n    tr:nth-child(even) {\r\n        background-color: #f2f2f2;\r\n    }\r\n<\/style>\t\t<\/div>\n\t\t\t\t<\/div>\n\t\t\t\t<div class=\"elementor-element elementor-element-2775ef9 elementor-widget elementor-widget-text-editor\" data-id=\"2775ef9\" data-element_type=\"widget\" data-widget_type=\"text-editor.default\">\n\t\t\t\t<div class=\"elementor-widget-container\">\n\t\t\t\t\t\t\t<p><strong>\u00c7erezler Arac\u0131l\u0131\u011f\u0131yla \u0130\u015flenen Ki\u015fisel Verilerin Aktar\u0131lmas\u0131<\/strong>\u00a0<\/p><p>Yukar\u0131daki tabloda belirtilen analitik \u00e7erezlerine onay vermeniz halinde ki\u015fisel verileriniz; analiz faaliyetlerinin y\u00fcr\u00fct\u00fclmesi amac\u0131yla KVKK m.9 kapsam\u0131nda yurt d\u0131\u015f\u0131nda yerle\u015fik \u00fc\u00e7\u00fcnc\u00fc taraf altyap\u0131 sa\u011flay\u0131c\u0131lar\u0131 arac\u0131l\u0131\u011f\u0131yla yurt d\u0131\u015f\u0131ndaki sunucularda i\u015flenecektir. Bu kapsamda; taraf\u0131n\u0131za ait ki\u015fisel veriler, m.9\u2019a uygun olarak, gerekli teknik ve idari tedbirler al\u0131narak sunucular\u0131 yurt d\u0131\u015f\u0131nda bulunan hizmet sa\u011flay\u0131c\u0131lar taraf\u0131ndan i\u015flenecektir.<\/p><p><strong>\u00c7erezlerin Y\u00f6netimi<\/strong><\/p><p>Site\u2019mizi kullanabilmek i\u00e7in \u00e7erez kullan\u0131m\u0131 zorunlu de\u011fildir, fakat taray\u0131c\u0131n\u0131z\u0131 \u00e7erezleri kabul etmemeye ayarlaman\u0131z halinde kullan\u0131c\u0131 deneyiminizin kalitesi d\u00fc\u015febilir ve sitelerimizin \u00e7e\u015fitli i\u015flevleri bozulabilir. \u00d6zellikle teknik \u00e7erezler, Site\u2019nin temel i\u015flevlerini yerine getirebilmesini sa\u011flamaktad\u0131r. Teknik \u00e7erezler Site\u2019nin teknik olarak \u00e7al\u0131\u015fmas\u0131n\u0131 tesis etti\u011finden bunlar\u0131 kapatman\u0131z halinde, Site\u2019de baz\u0131 fonksiyonlar\u0131n gere\u011fi gibi \u00e7al\u0131\u015fmamas\u0131 s\u00f6z konusu olabilir.<\/p><p>\u00c7erez y\u00f6netim panelindeki butonlar\u0131 tercihinize g\u00f6re \u201cKabul Et\u201d veya \u201cReddet\u201d konuma getirerek butonuna t\u0131klayabilir, ayarlar\u0131n\u0131z\u0131 etkin h\u00e2le getirmek i\u00e7in sayfay\u0131 yenileyebilirsiniz.<\/p><p>Taray\u0131c\u0131n\u0131z\u0131; \u00e7erezleri t\u00fcm siteler veya belirli siteler i\u00e7in engelleyecek \u015fekilde, \u00e7erez olu\u015fturuldu\u011funda uyar\u0131 verecek \u015fekilde, \u00fc\u00e7\u00fcnc\u00fc taraf \u00e7erezleri engelleyecek \u015fekilde veya t\u00fcm \u00e7erezleri oturum \u00e7erezi gibi sayacak \u015fekilde yap\u0131land\u0131rabilirsiniz. Ek olarak, taray\u0131c\u0131n\u0131z \u00fczerinden \u00e7erezleri silebilir veya taray\u0131c\u0131n\u0131zda saklanan \u00e7erezlerin listesini ve de\u011ferlerini g\u00f6rebilirsiniz. Taray\u0131c\u0131n\u0131z\u0131n \u00e7erez y\u00f6netimi i\u015flevleri hakk\u0131nda detayl\u0131 bilgi i\u00e7in l\u00fctfen a\u015fa\u011f\u0131daki ilgili linke t\u0131klayarak taray\u0131c\u0131n\u0131z\u0131n internet sitesinden bilgi al\u0131n\u0131z.<\/p><p>Ayr\u0131ca;\u00a0\u00a0<\/p><ul><li>Google Analytics taraf\u0131ndan y\u00f6netilen \u00c7erezleri kapatmak i\u00e7in <a href=\"https:\/\/tools.google.com\/dlpage\/gaoptout\">t\u0131klay\u0131n\u0131z.<\/a><\/li><\/ul><p><strong>\u0130lgili Ki\u015filerin Talepleri<\/strong><\/p><p>Kanun\u2019un 11. maddesi kapsam\u0131ndaki haklar\u0131n\u0131z ve ki\u015fisel verilerinizin i\u015flenmesi hakk\u0131nda ayr\u0131nt\u0131l\u0131 bilgi i\u00e7in \u0130BB internet sitesinde yer alan <strong>Ki\u015fisel Verilerin \u0130\u015flenmesine \u0130li\u015fkin Ayd\u0131nlatma Metni<\/strong>\u2019\u2019ni inceleyebilirsiniz. \u0130BB \u00e7erezlerle ilgili kullan\u0131m \u015fartlar\u0131n\u0131 ve <strong>\u00c7erez<\/strong> <strong>Ayd\u0131nlatma Metni\u2019<\/strong>ni de\u011fi\u015ftirme hakk\u0131n\u0131 sakl\u0131 tutar.<\/p>\t\t\t\t\t\t<\/div>\n\t\t\t\t<\/div>\n\t\t<div class=\"elementor-element elementor-element-d120a6b elementor-hidden-desktop elementor-hidden-tablet elementor-hidden-mobile e-flex e-con-boxed e-con e-child\" data-id=\"d120a6b\" data-element_type=\"container\" data-settings=\"{&quot;content_width&quot;:&quot;boxed&quot;}\">\n\t\t\t\t\t<div class=\"e-con-inner\">\n\t\t\t\t<div class=\"elementor-element elementor-element-01bd544 elementor-widget elementor-widget-image\" data-id=\"01bd544\" data-element_type=\"widget\" data-widget_type=\"image.default\">\n\t\t\t\t<div class=\"elementor-widget-container\">\n\t\t\t<style>\/*! elementor - v3.19.0 - 07-02-2024 *\/\n.elementor-widget-image{text-align:center}.elementor-widget-image a{display:inline-block}.elementor-widget-image a img[src$=\".svg\"]{width:48px}.elementor-widget-image img{vertical-align:middle;display:inline-block}<\/style>\t\t\t\t\t\t\t\t\t\t<img decoding=\"async\" width=\"57\" height=\"57\" src=\"https:\/\/www.akillisehir.istanbul\/wp-content\/uploads\/2025\/08\/Resim7.png\" class=\"attachment-large size-large wp-image-29501\" alt=\"\" \/>\t\t\t\t\t\t\t\t\t\t\t\t\t<\/div>\n\t\t\t\t<\/div>\n\t\t\t\t<div class=\"elementor-element elementor-element-135da3b elementor-widget elementor-widget-image\" data-id=\"135da3b\" data-element_type=\"widget\" data-widget_type=\"image.default\">\n\t\t\t\t<div class=\"elementor-widget-container\">\n\t\t\t\t\t\t\t\t\t\t\t\t\t<img decoding=\"async\" width=\"57\" height=\"57\" src=\"https:\/\/www.akillisehir.istanbul\/wp-content\/uploads\/2025\/08\/Resim8.png\" class=\"attachment-large size-large wp-image-29493\" alt=\"\" \/>\t\t\t\t\t\t\t\t\t\t\t\t\t<\/div>\n\t\t\t\t<\/div>\n\t\t\t\t<div class=\"elementor-element elementor-element-537b051 elementor-widget elementor-widget-image\" data-id=\"537b051\" data-element_type=\"widget\" data-widget_type=\"image.default\">\n\t\t\t\t<div class=\"elementor-widget-container\">\n\t\t\t\t\t\t\t\t\t\t\t\t\t<img decoding=\"async\" width=\"57\" height=\"57\" src=\"https:\/\/www.akillisehir.istanbul\/wp-content\/uploads\/2025\/08\/Resim9.png\" class=\"attachment-large size-large wp-image-29495\" alt=\"\" \/>\t\t\t\t\t\t\t\t\t\t\t\t\t<\/div>\n\t\t\t\t<\/div>\n\t\t\t\t<div class=\"elementor-element elementor-element-445805c elementor-widget elementor-widget-image\" data-id=\"445805c\" data-element_type=\"widget\" data-widget_type=\"image.default\">\n\t\t\t\t<div class=\"elementor-widget-container\">\n\t\t\t\t\t\t\t\t\t\t\t\t\t<img loading=\"lazy\" decoding=\"async\" width=\"57\" height=\"56\" src=\"https:\/\/www.akillisehir.istanbul\/wp-content\/uploads\/2025\/08\/Resim10.png\" class=\"attachment-large size-large wp-image-29497\" alt=\"\" \/>\t\t\t\t\t\t\t\t\t\t\t\t\t<\/div>\n\t\t\t\t<\/div>\n\t\t\t\t<div class=\"elementor-element elementor-element-b20410c elementor-widget elementor-widget-image\" data-id=\"b20410c\" data-element_type=\"widget\" data-widget_type=\"image.default\">\n\t\t\t\t<div class=\"elementor-widget-container\">\n\t\t\t\t\t\t\t\t\t\t\t\t\t<img loading=\"lazy\" decoding=\"async\" width=\"57\" height=\"57\" src=\"https:\/\/www.akillisehir.istanbul\/wp-content\/uploads\/2025\/08\/Resim11.png\" class=\"attachment-large size-large wp-image-29499\" alt=\"\" \/>\t\t\t\t\t\t\t\t\t\t\t\t\t<\/div>\n\t\t\t\t<\/div>\n\t\t\t\t<div class=\"elementor-element elementor-element-70a6c26 elementor-widget elementor-widget-image\" data-id=\"70a6c26\" data-element_type=\"widget\" data-widget_type=\"image.default\">\n\t\t\t\t<div class=\"elementor-widget-container\">\n\t\t\t\t\t\t\t\t\t\t\t\t\t<img loading=\"lazy\" decoding=\"async\" width=\"57\" height=\"57\" src=\"https:\/\/www.akillisehir.istanbul\/wp-content\/uploads\/2025\/08\/Resim12.png\" class=\"attachment-large size-large wp-image-29500\" alt=\"\" \/>\t\t\t\t\t\t\t\t\t\t\t\t\t<\/div>\n\t\t\t\t<\/div>\n\t\t\t\t\t<\/div>\n\t\t\t\t<\/div>\n\t\t\t\t<\/div>\n\t\t\t\t<\/div>","protected":false},"excerpt":{"rendered":"<p>\u0130STANBUL B\u00dcY\u00dcK\u015eEH\u0130R BELED\u0130YE BA\u015eKANLI\u011eI K\u0130\u015e\u0130SEL VER\u0130LER\u0130N \u0130\u015eLENMES\u0130NE \u0130L\u0130\u015eK\u0130N \u00c7EREZ AYDINLATMA METN\u0130 Bu metin, 6698 say\u0131l\u0131 Ki\u015fisel Verilerin Korunmas\u0131 Kanunu\u2019nun (\u201cKanun\u201d) 10. maddesi ile Ayd\u0131nlatma Y\u00fck\u00fcml\u00fcl\u00fc\u011f\u00fcn\u00fcn Yerine Getirilmesinde Uyulacak Usul ve Esaslar Hakk\u0131nda Tebli\u011f kapsam\u0131nda veri sorumlusu s\u0131fat\u0131yla \u0130stanbul B\u00fcy\u00fck\u015fehir Belediye Ba\u015fkanl\u0131\u011f\u0131 (\u201c\u0130BB\u201d) taraf\u0131ndan haz\u0131rlanm\u0131\u015ft\u0131r. \u0130BB olarak https:\/\/www.akillisehir.istanbul\/ adresli internet sitesi (\u201cSite\u201d) i\u00e7erisinde yer alan baz\u0131 [&hellip;]<\/p>","protected":false},"author":5,"featured_media":0,"parent":0,"menu_order":0,"comment_status":"closed","ping_status":"closed","template":"","meta":{"footnotes":""},"class_list":["post-29433","page","type-page","status-publish","hentry"],"_links":{"self":[{"href":"https:\/\/www.akillisehir.istanbul\/en\/wp-json\/wp\/v2\/pages\/29433","targetHints":{"allow":["GET"]}}],"collection":[{"href":"https:\/\/www.akillisehir.istanbul\/en\/wp-json\/wp\/v2\/pages"}],"about":[{"href":"https:\/\/www.akillisehir.istanbul\/en\/wp-json\/wp\/v2\/types\/page"}],"author":[{"embeddable":true,"href":"https:\/\/www.akillisehir.istanbul\/en\/wp-json\/wp\/v2\/users\/5"}],"replies":[{"embeddable":true,"href":"https:\/\/www.akillisehir.istanbul\/en\/wp-json\/wp\/v2\/comments?post=29433"}],"version-history":[{"count":27,"href":"https:\/\/www.akillisehir.istanbul\/en\/wp-json\/wp\/v2\/pages\/29433\/revisions"}],"predecessor-version":[{"id":29544,"href":"https:\/\/www.akillisehir.istanbul\/en\/wp-json\/wp\/v2\/pages\/29433\/revisions\/29544"}],"wp:attachment":[{"href":"https:\/\/www.akillisehir.istanbul\/en\/wp-json\/wp\/v2\/media?parent=29433"}],"curies":[{"name":"wp","href":"https:\/\/api.w.org\/{rel}","templated":true}]}}