{"id":4913,"date":"2024-04-05T15:41:41","date_gmt":"2024-04-05T12:41:41","guid":{"rendered":"https:\/\/www.akillisehir.istanbul\/?page_id=4913"},"modified":"2024-12-05T11:38:48","modified_gmt":"2024-12-05T08:38:48","slug":"rum-yetimhanesi-ve-okul-yapisinin-hibrit-yontemlerle-uretilmis-dijital-ikizi-tamamlandi","status":"publish","type":"page","link":"https:\/\/www.akillisehir.istanbul\/en\/rum-yetimhanesi-ve-okul-yapisinin-hibrit-yontemlerle-uretilmis-dijital-ikizi-tamamlandi\/","title":{"rendered":"Digital Replica of Greek Orphanage and School Building Produced with Hybrid Methods (Completed)"},"content":{"rendered":"<div data-elementor-type=\"wp-page\" data-elementor-id=\"4913\" class=\"elementor elementor-4913\">\n\t\t\t\t<div class=\"elementor-element elementor-element-7b951e18 e-con-full e-flex e-con e-parent\" data-id=\"7b951e18\" data-element_type=\"container\" data-settings=\"{&quot;content_width&quot;:&quot;full&quot;,&quot;background_background&quot;:&quot;classic&quot;}\" data-core-v316-plus=\"true\">\n\t\t<div class=\"elementor-element elementor-element-38b98b7c e-con-full e-flex e-con e-child\" data-id=\"38b98b7c\" data-element_type=\"container\" data-settings=\"{&quot;content_width&quot;:&quot;full&quot;,&quot;background_background&quot;:&quot;classic&quot;}\">\n\t\t\t\t<div class=\"elementor-element elementor-element-79da9179 elementor-widget__width-initial elementor-widget elementor-widget-heading\" data-id=\"79da9179\" data-element_type=\"widget\" data-widget_type=\"heading.default\">\n\t\t\t\t<div class=\"elementor-widget-container\">\n\t\t\t<style>\/*! elementor - v3.19.0 - 07-02-2024 *\/\n.elementor-heading-title{padding:0;margin:0;line-height:1}.elementor-widget-heading .elementor-heading-title[class*=elementor-size-]>a{color:inherit;font-size:inherit;line-height:inherit}.elementor-widget-heading .elementor-heading-title.elementor-size-small{font-size:15px}.elementor-widget-heading .elementor-heading-title.elementor-size-medium{font-size:19px}.elementor-widget-heading .elementor-heading-title.elementor-size-large{font-size:29px}.elementor-widget-heading .elementor-heading-title.elementor-size-xl{font-size:39px}.elementor-widget-heading .elementor-heading-title.elementor-size-xxl{font-size:59px}<\/style><h2 class=\"elementor-heading-title elementor-size-default\">PROJECT<\/h2>\t\t<\/div>\n\t\t\t\t<\/div>\n\t\t\t\t<div class=\"elementor-element elementor-element-6a16e7a2 elementor-widget__width-initial elementor-widget elementor-widget-heading\" data-id=\"6a16e7a2\" data-element_type=\"widget\" data-widget_type=\"heading.default\">\n\t\t\t\t<div class=\"elementor-widget-container\">\n\t\t\t<h2 class=\"elementor-heading-title elementor-size-default\">ICT.SG1.I1.P5<\/h2>\t\t<\/div>\n\t\t\t\t<\/div>\n\t\t\t\t<\/div>\n\t\t\t\t<div class=\"elementor-element elementor-element-7ba2c63a elementor-widget elementor-widget-heading\" data-id=\"7ba2c63a\" data-element_type=\"widget\" data-widget_type=\"heading.default\">\n\t\t\t\t<div class=\"elementor-widget-container\">\n\t\t\t<h2 class=\"elementor-heading-title elementor-size-default\">Digital Replica of Greek Orphanage and School Building Produced with Hybrid Methods (Completed)<\/h2>\t\t<\/div>\n\t\t\t\t<\/div>\n\t\t\t\t<div class=\"elementor-element elementor-element-682f76cb elementor-widget elementor-widget-text-editor\" data-id=\"682f76cb\" data-element_type=\"widget\" data-widget_type=\"text-editor.default\">\n\t\t\t\t<div class=\"elementor-widget-container\">\n\t\t\t<style>\/*! elementor - v3.19.0 - 07-02-2024 *\/\n.elementor-widget-text-editor.elementor-drop-cap-view-stacked .elementor-drop-cap{background-color:#69727d;color:#fff}.elementor-widget-text-editor.elementor-drop-cap-view-framed .elementor-drop-cap{color:#69727d;border:3px solid;background-color:transparent}.elementor-widget-text-editor:not(.elementor-drop-cap-view-default) .elementor-drop-cap{margin-top:8px}.elementor-widget-text-editor:not(.elementor-drop-cap-view-default) .elementor-drop-cap-letter{width:1em;height:1em}.elementor-widget-text-editor .elementor-drop-cap{float:left;text-align:center;line-height:1;font-size:50px}.elementor-widget-text-editor .elementor-drop-cap-letter{display:inline-block}<\/style>\t\t\t\t<div class=\"row\"><div class=\"col-12\"><p>\u00a0Preparation of studies for the restoration of the buildings by removing the rolows of the buildings<\/p><ul><li>Preparation of the Restitution Project of the Greek Orphanage and the Restoration Projects of the School Building, realization of the restoration applications of the buildings, ensuring their survival and protection by giving function to the buildings<\/li><\/ul><\/div><\/div>\t\t\t\t\t\t<\/div>\n\t\t\t\t<\/div>\n\t\t<div class=\"elementor-element elementor-element-52d63a19 e-flex e-con-boxed e-con e-child\" data-id=\"52d63a19\" data-element_type=\"container\" data-settings=\"{&quot;content_width&quot;:&quot;boxed&quot;}\">\n\t\t\t\t\t<div class=\"e-con-inner\">\n\t\t\t\t<div class=\"elementor-element elementor-element-249166df elementor-widget__width-initial elementor-widget-mobile__width-initial elementor-widget elementor-widget-image\" data-id=\"249166df\" data-element_type=\"widget\" data-widget_type=\"image.default\">\n\t\t\t\t<div class=\"elementor-widget-container\">\n\t\t\t<style>\/*! elementor - v3.19.0 - 07-02-2024 *\/\n.elementor-widget-image{text-align:center}.elementor-widget-image a{display:inline-block}.elementor-widget-image a img[src$=\".svg\"]{width:48px}.elementor-widget-image img{vertical-align:middle;display:inline-block}<\/style>\t\t\t\t\t\t\t\t\t\t<img fetchpriority=\"high\" decoding=\"async\" width=\"501\" height=\"482\" src=\"https:\/\/www.akillisehir.istanbul\/wp-content\/uploads\/2024\/12\/Varlik-9.png\" class=\"attachment-large size-large wp-image-17415\" alt=\"\" \/>\t\t\t\t\t\t\t\t\t\t\t\t\t<\/div>\n\t\t\t\t<\/div>\n\t\t\t\t\t<\/div>\n\t\t\t\t<\/div>\n\t\t\t\t<div class=\"elementor-element elementor-element-2f424f24 elementor-widget elementor-widget-heading\" data-id=\"2f424f24\" data-element_type=\"widget\" data-widget_type=\"heading.default\">\n\t\t\t\t<div class=\"elementor-widget-container\">\n\t\t\t<h2 class=\"elementor-heading-title elementor-size-default\">Smart Information and Communication Technologies<\/h2>\t\t<\/div>\n\t\t\t\t<\/div>\n\t\t\t\t<\/div>\n\t\t\t\t<\/div>","protected":false},"excerpt":{"rendered":"<p>\/*! elementor &#8211; v3.19.0 &#8211; 07-02-2024 *\/ .elementor-heading-title{padding:0;margin:0;line-height:1}.elementor-widget-heading .elementor-heading-title[class*=elementor-size-]&gt;a{color:inherit;font-size:inherit;line-height:inherit}.elementor-widget-heading .elementor-heading-title.elementor-size-small{font-size:15px}.elementor-widget-heading .elementor-heading-title.elementor-size-medium{font-size:19px}.elementor-widget-heading .elementor-heading-title.elementor-size-large{font-size:29px}.elementor-widget-heading .elementor-heading-title.elementor-size-xl{font-size:39px}.elementor-widget-heading .elementor-heading-title.elementor-size-xxl{font-size:59px} proje BIT.SA1.I1.P5 Rum Yetimhanesi ve Okul yap\u0131s\u0131n\u0131n Hibrit Y\u00f6ntemlerle \u00dcretilmi\u015f Dijital \u0130kizi (Tamamland\u0131) \u00a0Yap\u0131lar\u0131n r\u00f6l\u00f6velerinin \u00e7\u0131kar\u0131larak restorasyonlar\u0131na y\u00f6nelik \u00e7al\u0131\u015fmalar\u0131n haz\u0131rlanmas\u0131. Rum Yetimhanesi Restit\u00fcsyon Projesi ile okul yap\u0131s\u0131n\u0131n restorasyon projeleri haz\u0131rlanarak, yap\u0131lar\u0131n restorasyon uygulamalar\u0131n\u0131n ger\u00e7ekle\u015ftirilmesi, yap\u0131lara fonksiyon verilerek ya\u015fat\u0131lmas\u0131 ve korunmalar\u0131n\u0131n sa\u011flanmas\u0131. [&hellip;]<\/p>","protected":false},"author":5,"featured_media":0,"parent":0,"menu_order":0,"comment_status":"closed","ping_status":"closed","template":"","meta":{"footnotes":""},"class_list":["post-4913","page","type-page","status-publish","hentry"],"_links":{"self":[{"href":"https:\/\/www.akillisehir.istanbul\/en\/wp-json\/wp\/v2\/pages\/4913","targetHints":{"allow":["GET"]}}],"collection":[{"href":"https:\/\/www.akillisehir.istanbul\/en\/wp-json\/wp\/v2\/pages"}],"about":[{"href":"https:\/\/www.akillisehir.istanbul\/en\/wp-json\/wp\/v2\/types\/page"}],"author":[{"embeddable":true,"href":"https:\/\/www.akillisehir.istanbul\/en\/wp-json\/wp\/v2\/users\/5"}],"replies":[{"embeddable":true,"href":"https:\/\/www.akillisehir.istanbul\/en\/wp-json\/wp\/v2\/comments?post=4913"}],"version-history":[{"count":28,"href":"https:\/\/www.akillisehir.istanbul\/en\/wp-json\/wp\/v2\/pages\/4913\/revisions"}],"predecessor-version":[{"id":27135,"href":"https:\/\/www.akillisehir.istanbul\/en\/wp-json\/wp\/v2\/pages\/4913\/revisions\/27135"}],"wp:attachment":[{"href":"https:\/\/www.akillisehir.istanbul\/en\/wp-json\/wp\/v2\/media?parent=4913"}],"curies":[{"name":"wp","href":"https:\/\/api.w.org\/{rel}","templated":true}]}}