{"id":5584,"date":"2024-04-15T16:28:38","date_gmt":"2024-04-15T13:28:38","guid":{"rendered":"https:\/\/www.akillisehir.istanbul\/?page_id=5584"},"modified":"2024-06-26T18:04:44","modified_gmt":"2024-06-26T15:04:44","slug":"yapay-zeka-tabanli-park-bahce-ve-yesil-alanlar-kullanim-analizi","status":"publish","type":"page","link":"https:\/\/www.akillisehir.istanbul\/en\/yapay-zeka-tabanli-park-bahce-ve-yesil-alanlar-kullanim-analizi\/","title":{"rendered":"Artificial Intelligence-Based Analysis of Park, Garden, and Green Space Utilization"},"content":{"rendered":"<div data-elementor-type=\"wp-page\" data-elementor-id=\"5584\" class=\"elementor elementor-5584\">\n\t\t\t\t<div class=\"elementor-element elementor-element-6917b103 e-con-full e-flex e-con e-parent\" data-id=\"6917b103\" data-element_type=\"container\" data-settings=\"{&quot;content_width&quot;:&quot;full&quot;,&quot;background_background&quot;:&quot;classic&quot;}\" data-core-v316-plus=\"true\">\n\t\t<div class=\"elementor-element elementor-element-4b4eacd9 e-con-full e-flex e-con e-child\" data-id=\"4b4eacd9\" data-element_type=\"container\" data-settings=\"{&quot;content_width&quot;:&quot;full&quot;,&quot;background_background&quot;:&quot;classic&quot;}\">\n\t\t\t\t<div class=\"elementor-element elementor-element-7512505f elementor-widget__width-initial elementor-widget elementor-widget-heading\" data-id=\"7512505f\" data-element_type=\"widget\" data-widget_type=\"heading.default\">\n\t\t\t\t<div class=\"elementor-widget-container\">\n\t\t\t<style>\/*! elementor - v3.19.0 - 07-02-2024 *\/\n.elementor-heading-title{padding:0;margin:0;line-height:1}.elementor-widget-heading .elementor-heading-title[class*=elementor-size-]>a{color:inherit;font-size:inherit;line-height:inherit}.elementor-widget-heading .elementor-heading-title.elementor-size-small{font-size:15px}.elementor-widget-heading .elementor-heading-title.elementor-size-medium{font-size:19px}.elementor-widget-heading .elementor-heading-title.elementor-size-large{font-size:29px}.elementor-widget-heading .elementor-heading-title.elementor-size-xl{font-size:39px}.elementor-widget-heading .elementor-heading-title.elementor-size-xxl{font-size:59px}<\/style><h2 class=\"elementor-heading-title elementor-size-default\">PROJECT<\/h2>\t\t<\/div>\n\t\t\t\t<\/div>\n\t\t\t\t<div class=\"elementor-element elementor-element-2d4e10b6 elementor-widget__width-initial elementor-widget elementor-widget-heading\" data-id=\"2d4e10b6\" data-element_type=\"widget\" data-widget_type=\"heading.default\">\n\t\t\t\t<div class=\"elementor-widget-container\">\n\t\t\t<h2 class=\"elementor-heading-title elementor-size-default\">ENV.SG3.I3.P5<\/h2>\t\t<\/div>\n\t\t\t\t<\/div>\n\t\t\t\t<\/div>\n\t\t\t\t<div class=\"elementor-element elementor-element-7e06bc3f elementor-widget elementor-widget-heading\" data-id=\"7e06bc3f\" data-element_type=\"widget\" data-widget_type=\"heading.default\">\n\t\t\t\t<div class=\"elementor-widget-container\">\n\t\t\t<h2 class=\"elementor-heading-title elementor-size-default\">Artificial Intelligence-Based Analysis of Park, Garden, and Green Space Utilization<\/h2>\t\t<\/div>\n\t\t\t\t<\/div>\n\t\t\t\t<div class=\"elementor-element elementor-element-59444ea elementor-widget elementor-widget-text-editor\" data-id=\"59444ea\" data-element_type=\"widget\" data-widget_type=\"text-editor.default\">\n\t\t\t\t<div class=\"elementor-widget-container\">\n\t\t\t<style>\/*! elementor - v3.19.0 - 07-02-2024 *\/\n.elementor-widget-text-editor.elementor-drop-cap-view-stacked .elementor-drop-cap{background-color:#69727d;color:#fff}.elementor-widget-text-editor.elementor-drop-cap-view-framed .elementor-drop-cap{color:#69727d;border:3px solid;background-color:transparent}.elementor-widget-text-editor:not(.elementor-drop-cap-view-default) .elementor-drop-cap{margin-top:8px}.elementor-widget-text-editor:not(.elementor-drop-cap-view-default) .elementor-drop-cap-letter{width:1em;height:1em}.elementor-widget-text-editor .elementor-drop-cap{float:left;text-align:center;line-height:1;font-size:50px}.elementor-widget-text-editor .elementor-drop-cap-letter{display:inline-block}<\/style>\t\t\t\t<div class=\"row\"><div class=\"col-12\"><p>Utilizing Artificial Intelligence-Based Analysis Methods for Istanbul Metropolitan Municipality's Parks, Gardens, and Green Spaces to determine user numbers and profiles, identify area density situations, and monitor vehicle entries and exits from locations with parking areas<\/p><ul><li>Establishment of statistical data about the areas where the systems will be installed<\/li><\/ul><\/div><\/div>\t\t\t\t\t\t<\/div>\n\t\t\t\t<\/div>\n\t\t<div class=\"elementor-element elementor-element-17fbef8f e-flex e-con-boxed e-con e-child\" data-id=\"17fbef8f\" data-element_type=\"container\" data-settings=\"{&quot;content_width&quot;:&quot;boxed&quot;}\">\n\t\t\t\t\t<div class=\"e-con-inner\">\n\t\t\t\t<div class=\"elementor-element elementor-element-3a0f725f elementor-widget__width-initial elementor-widget-mobile__width-initial elementor-widget elementor-widget-image\" data-id=\"3a0f725f\" data-element_type=\"widget\" data-widget_type=\"image.default\">\n\t\t\t\t<div class=\"elementor-widget-container\">\n\t\t\t<style>\/*! elementor - v3.19.0 - 07-02-2024 *\/\n.elementor-widget-image{text-align:center}.elementor-widget-image a{display:inline-block}.elementor-widget-image a img[src$=\".svg\"]{width:48px}.elementor-widget-image img{vertical-align:middle;display:inline-block}<\/style>\t\t\t\t\t\t\t\t\t\t<img fetchpriority=\"high\" decoding=\"async\" width=\"501\" height=\"482\" src=\"https:\/\/www.akillisehir.istanbul\/wp-content\/uploads\/2024\/12\/Varlik-9.png\" class=\"attachment-large size-large wp-image-17415\" alt=\"\" \/>\t\t\t\t\t\t\t\t\t\t\t\t\t<\/div>\n\t\t\t\t<\/div>\n\t\t\t\t<div class=\"elementor-element elementor-element-59df96c elementor-widget__width-initial elementor-widget-mobile__width-initial elementor-widget elementor-widget-image\" data-id=\"59df96c\" data-element_type=\"widget\" data-widget_type=\"image.default\">\n\t\t\t\t<div class=\"elementor-widget-container\">\n\t\t\t\t\t\t\t\t\t\t\t\t\t<img decoding=\"async\" width=\"501\" height=\"480\" src=\"https:\/\/www.akillisehir.istanbul\/wp-content\/uploads\/2024\/12\/Varlik-11.png\" class=\"attachment-large size-large wp-image-17419\" alt=\"\" \/>\t\t\t\t\t\t\t\t\t\t\t\t\t<\/div>\n\t\t\t\t<\/div>\n\t\t\t\t<div class=\"elementor-element elementor-element-f4fc1af elementor-widget__width-initial elementor-widget-mobile__width-initial elementor-widget elementor-widget-image\" data-id=\"f4fc1af\" data-element_type=\"widget\" data-widget_type=\"image.default\">\n\t\t\t\t<div class=\"elementor-widget-container\">\n\t\t\t\t\t\t\t\t\t\t\t\t\t<img decoding=\"async\" width=\"497\" height=\"478\" src=\"https:\/\/www.akillisehir.istanbul\/wp-content\/uploads\/2024\/12\/Varlik-15.png\" class=\"attachment-large size-large wp-image-17429\" alt=\"\" \/>\t\t\t\t\t\t\t\t\t\t\t\t\t<\/div>\n\t\t\t\t<\/div>\n\t\t\t\t<div class=\"elementor-element elementor-element-efdbe8e elementor-widget__width-initial elementor-widget-mobile__width-initial elementor-widget elementor-widget-image\" data-id=\"efdbe8e\" data-element_type=\"widget\" data-widget_type=\"image.default\">\n\t\t\t\t<div class=\"elementor-widget-container\">\n\t\t\t\t\t\t\t\t\t\t\t\t\t<img loading=\"lazy\" decoding=\"async\" width=\"498\" height=\"478\" src=\"https:\/\/www.akillisehir.istanbul\/wp-content\/uploads\/2024\/12\/Varlik-17.png\" class=\"attachment-large size-large wp-image-17435\" alt=\"\" \/>\t\t\t\t\t\t\t\t\t\t\t\t\t<\/div>\n\t\t\t\t<\/div>\n\t\t\t\t\t<\/div>\n\t\t\t\t<\/div>\n\t\t\t\t<div class=\"elementor-element elementor-element-55a5c989 elementor-widget elementor-widget-heading\" data-id=\"55a5c989\" data-element_type=\"widget\" data-widget_type=\"heading.default\">\n\t\t\t\t<div class=\"elementor-widget-container\">\n\t\t\t<h2 class=\"elementor-heading-title elementor-size-default\">Smart Environment<\/h2>\t\t<\/div>\n\t\t\t\t<\/div>\n\t\t\t\t<\/div>\n\t\t\t\t<\/div>","protected":false},"excerpt":{"rendered":"<p>proje CE.SA3.I3.P5 Yapay Zeka Tabanl\u0131 Park Bah\u00e7e ve Ye\u015fil Alanlar Kullan\u0131m Analizi \u0130stanbul B\u00fcy\u00fck\u015fehir Belediyesi Park Bah\u00e7e ve Ye\u015fil Alanlar\u0131n\u0131n Yapay Zeka Tabanl\u0131 Analiz Y\u00f6ntemleri kullan\u0131larak kullan\u0131c\u0131 say\u0131 ve profillerinin tespit edilmesi, alan yo\u011funluk durumlar\u0131n\u0131n tespit edilmesi, park alanlar\u0131 bulunan lokasyonlardan ara\u00e7 giri\u015f \u00e7\u0131k\u0131\u015flar\u0131n\u0131n takip edilmesi Sistemlerin kurulaca\u011f\u0131 alanlar hakk\u0131nda istatistiksel verilerin olu\u015fturulmas\u0131 Ak\u0131ll\u0131 \u00c7evre<\/p>","protected":false},"author":5,"featured_media":0,"parent":0,"menu_order":0,"comment_status":"closed","ping_status":"closed","template":"","meta":{"footnotes":""},"class_list":["post-5584","page","type-page","status-publish","hentry"],"_links":{"self":[{"href":"https:\/\/www.akillisehir.istanbul\/en\/wp-json\/wp\/v2\/pages\/5584","targetHints":{"allow":["GET"]}}],"collection":[{"href":"https:\/\/www.akillisehir.istanbul\/en\/wp-json\/wp\/v2\/pages"}],"about":[{"href":"https:\/\/www.akillisehir.istanbul\/en\/wp-json\/wp\/v2\/types\/page"}],"author":[{"embeddable":true,"href":"https:\/\/www.akillisehir.istanbul\/en\/wp-json\/wp\/v2\/users\/5"}],"replies":[{"embeddable":true,"href":"https:\/\/www.akillisehir.istanbul\/en\/wp-json\/wp\/v2\/comments?post=5584"}],"version-history":[{"count":22,"href":"https:\/\/www.akillisehir.istanbul\/en\/wp-json\/wp\/v2\/pages\/5584\/revisions"}],"predecessor-version":[{"id":24399,"href":"https:\/\/www.akillisehir.istanbul\/en\/wp-json\/wp\/v2\/pages\/5584\/revisions\/24399"}],"wp:attachment":[{"href":"https:\/\/www.akillisehir.istanbul\/en\/wp-json\/wp\/v2\/media?parent=5584"}],"curies":[{"name":"wp","href":"https:\/\/api.w.org\/{rel}","templated":true}]}}