{"id":5757,"date":"2024-04-17T08:57:42","date_gmt":"2024-04-17T05:57:42","guid":{"rendered":"https:\/\/www.akillisehir.istanbul\/?page_id=5757"},"modified":"2024-06-24T11:40:08","modified_gmt":"2024-06-24T08:40:08","slug":"aritma-camurlarinin-termal-kurutma-sonrasinda-cimento-fabrikalarinda-ek-yakit-olarak-kullanimi-tamamlandi","status":"publish","type":"page","link":"https:\/\/www.akillisehir.istanbul\/en\/aritma-camurlarinin-termal-kurutma-sonrasinda-cimento-fabrikalarinda-ek-yakit-olarak-kullanimi-tamamlandi\/","title":{"rendered":"Utilization of Wastewater Sludge after Thermal Drying as Additional Fuel in Cement Factories (Completed)"},"content":{"rendered":"<div data-elementor-type=\"wp-page\" data-elementor-id=\"5757\" class=\"elementor elementor-5757\">\n\t\t\t\t<div class=\"elementor-element elementor-element-38ef563 e-con-full e-flex e-con e-parent\" data-id=\"38ef563\" data-element_type=\"container\" data-settings=\"{&quot;content_width&quot;:&quot;full&quot;,&quot;background_background&quot;:&quot;classic&quot;}\" data-core-v316-plus=\"true\">\n\t\t<div class=\"elementor-element elementor-element-4eb8cdd4 e-con-full e-flex e-con e-child\" data-id=\"4eb8cdd4\" data-element_type=\"container\" data-settings=\"{&quot;content_width&quot;:&quot;full&quot;,&quot;background_background&quot;:&quot;classic&quot;}\">\n\t\t\t\t<div class=\"elementor-element elementor-element-3b3764fe elementor-widget__width-initial elementor-widget elementor-widget-heading\" data-id=\"3b3764fe\" data-element_type=\"widget\" data-widget_type=\"heading.default\">\n\t\t\t\t<div class=\"elementor-widget-container\">\n\t\t\t<style>\/*! elementor - v3.19.0 - 07-02-2024 *\/\n.elementor-heading-title{padding:0;margin:0;line-height:1}.elementor-widget-heading .elementor-heading-title[class*=elementor-size-]>a{color:inherit;font-size:inherit;line-height:inherit}.elementor-widget-heading .elementor-heading-title.elementor-size-small{font-size:15px}.elementor-widget-heading .elementor-heading-title.elementor-size-medium{font-size:19px}.elementor-widget-heading .elementor-heading-title.elementor-size-large{font-size:29px}.elementor-widget-heading .elementor-heading-title.elementor-size-xl{font-size:39px}.elementor-widget-heading .elementor-heading-title.elementor-size-xxl{font-size:59px}<\/style><h2 class=\"elementor-heading-title elementor-size-default\">PROJECT<\/h2>\t\t<\/div>\n\t\t\t\t<\/div>\n\t\t\t\t<div class=\"elementor-element elementor-element-641c9ef0 elementor-widget__width-initial elementor-widget elementor-widget-heading\" data-id=\"641c9ef0\" data-element_type=\"widget\" data-widget_type=\"heading.default\">\n\t\t\t\t<div class=\"elementor-widget-container\">\n\t\t\t<h2 class=\"elementor-heading-title elementor-size-default\">EN.SG2.I1.P5<\/h2>\t\t<\/div>\n\t\t\t\t<\/div>\n\t\t\t\t<\/div>\n\t\t\t\t<div class=\"elementor-element elementor-element-719e238e elementor-widget elementor-widget-heading\" data-id=\"719e238e\" data-element_type=\"widget\" data-widget_type=\"heading.default\">\n\t\t\t\t<div class=\"elementor-widget-container\">\n\t\t\t<h2 class=\"elementor-heading-title elementor-size-default\">Utilization of Wastewater Sludge after Thermal Drying as Additional Fuel in Cement Factories (Completed)<\/h2>\t\t<\/div>\n\t\t\t\t<\/div>\n\t\t\t\t<div class=\"elementor-element elementor-element-61f5438d elementor-widget elementor-widget-text-editor\" data-id=\"61f5438d\" data-element_type=\"widget\" data-widget_type=\"text-editor.default\">\n\t\t\t\t<div class=\"elementor-widget-container\">\n\t\t\t<style>\/*! elementor - v3.19.0 - 07-02-2024 *\/\n.elementor-widget-text-editor.elementor-drop-cap-view-stacked .elementor-drop-cap{background-color:#69727d;color:#fff}.elementor-widget-text-editor.elementor-drop-cap-view-framed .elementor-drop-cap{color:#69727d;border:3px solid;background-color:transparent}.elementor-widget-text-editor:not(.elementor-drop-cap-view-default) .elementor-drop-cap{margin-top:8px}.elementor-widget-text-editor:not(.elementor-drop-cap-view-default) .elementor-drop-cap-letter{width:1em;height:1em}.elementor-widget-text-editor .elementor-drop-cap{float:left;text-align:center;line-height:1;font-size:50px}.elementor-widget-text-editor .elementor-drop-cap-letter{display:inline-block}<\/style>\t\t\t\t<div class=\"row\"><div class=\"col-12\"><p>\u00a0Converting waste sludge collected in Istanbul into electricity and heat energy by incineration<\/p><ul><li>Utilization of the generated electricity for the ISKI\u2019s internal consumption<\/li><li>Use of excess heat both for drying the waste gum and for heating and cooling in the surrounding settlements, greenhouses, industrial plants<\/li><\/ul><\/div><\/div>\t\t\t\t\t\t<\/div>\n\t\t\t\t<\/div>\n\t\t<div class=\"elementor-element elementor-element-7a9c3c7c e-flex e-con-boxed e-con e-child\" data-id=\"7a9c3c7c\" data-element_type=\"container\" data-settings=\"{&quot;content_width&quot;:&quot;boxed&quot;}\">\n\t\t\t\t\t<div class=\"e-con-inner\">\n\t\t\t\t<div class=\"elementor-element elementor-element-56cab99 elementor-widget__width-initial elementor-widget-mobile__width-initial elementor-widget elementor-widget-image\" data-id=\"56cab99\" data-element_type=\"widget\" data-widget_type=\"image.default\">\n\t\t\t\t<div class=\"elementor-widget-container\">\n\t\t\t<style>\/*! elementor - v3.19.0 - 07-02-2024 *\/\n.elementor-widget-image{text-align:center}.elementor-widget-image a{display:inline-block}.elementor-widget-image a img[src$=\".svg\"]{width:48px}.elementor-widget-image img{vertical-align:middle;display:inline-block}<\/style>\t\t\t\t\t\t\t\t\t\t<img fetchpriority=\"high\" decoding=\"async\" width=\"499\" height=\"478\" src=\"https:\/\/www.akillisehir.istanbul\/wp-content\/uploads\/2024\/12\/Varlik-7.png\" class=\"attachment-large size-large wp-image-17401\" alt=\"\" \/>\t\t\t\t\t\t\t\t\t\t\t\t\t<\/div>\n\t\t\t\t<\/div>\n\t\t\t\t\t<\/div>\n\t\t\t\t<\/div>\n\t\t\t\t<div class=\"elementor-element elementor-element-3c5577a7 elementor-widget elementor-widget-heading\" data-id=\"3c5577a7\" data-element_type=\"widget\" data-widget_type=\"heading.default\">\n\t\t\t\t<div class=\"elementor-widget-container\">\n\t\t\t<h2 class=\"elementor-heading-title elementor-size-default\">Smart Energy<\/h2>\t\t<\/div>\n\t\t\t\t<\/div>\n\t\t\t\t<\/div>\n\t\t\t\t<\/div>","protected":false},"excerpt":{"rendered":"<p>proje EN.SA2.I1.P5 Ar\u0131tma \u00c7amurlar\u0131n\u0131n Termal Kurutma Sonras\u0131nda \u00c7imento Fabrikalar\u0131nda Ek Yak\u0131t Olarak Kullan\u0131m\u0131 (Tamamland\u0131) \u00a0\u0130stanbul&#8217;da toplanan at\u0131k \u00e7amurun yak\u0131larak elektrik ve \u0131s\u0131 enerjisine d\u00f6n\u00fc\u015ft\u00fcr\u00fclmesi \u00dcretilen elektrik enerjisinin \u0130SK\u0130&#8217;nin i\u00e7 t\u00fcketiminde kullan\u0131lmas\u0131 Olu\u015fan fazla \u0131s\u0131n\u0131n hem at\u0131k \u00e7amurun kurutulmas\u0131nda kullan\u0131lmas\u0131 hem de \u00e7evredeki yerle\u015fim yerleri, seralar, sanayi tesislerinde \u0131s\u0131tma ve so\u011futma ama\u00e7l\u0131 kullan\u0131lmas\u0131 Ak\u0131ll\u0131 Enerji<\/p>","protected":false},"author":5,"featured_media":0,"parent":0,"menu_order":0,"comment_status":"closed","ping_status":"closed","template":"","meta":{"footnotes":""},"class_list":["post-5757","page","type-page","status-publish","hentry"],"_links":{"self":[{"href":"https:\/\/www.akillisehir.istanbul\/en\/wp-json\/wp\/v2\/pages\/5757","targetHints":{"allow":["GET"]}}],"collection":[{"href":"https:\/\/www.akillisehir.istanbul\/en\/wp-json\/wp\/v2\/pages"}],"about":[{"href":"https:\/\/www.akillisehir.istanbul\/en\/wp-json\/wp\/v2\/types\/page"}],"author":[{"embeddable":true,"href":"https:\/\/www.akillisehir.istanbul\/en\/wp-json\/wp\/v2\/users\/5"}],"replies":[{"embeddable":true,"href":"https:\/\/www.akillisehir.istanbul\/en\/wp-json\/wp\/v2\/comments?post=5757"}],"version-history":[{"count":10,"href":"https:\/\/www.akillisehir.istanbul\/en\/wp-json\/wp\/v2\/pages\/5757\/revisions"}],"predecessor-version":[{"id":22097,"href":"https:\/\/www.akillisehir.istanbul\/en\/wp-json\/wp\/v2\/pages\/5757\/revisions\/22097"}],"wp:attachment":[{"href":"https:\/\/www.akillisehir.istanbul\/en\/wp-json\/wp\/v2\/media?parent=5757"}],"curies":[{"name":"wp","href":"https:\/\/api.w.org\/{rel}","templated":true}]}}