{"id":5786,"date":"2024-04-17T09:01:18","date_gmt":"2024-04-17T06:01:18","guid":{"rendered":"https:\/\/www.akillisehir.istanbul\/?page_id=5786"},"modified":"2024-06-24T11:40:48","modified_gmt":"2024-06-24T08:40:48","slug":"akilli-dogalgaz-sayaci-altyapisinin-olusturulmasi","status":"publish","type":"page","link":"https:\/\/www.akillisehir.istanbul\/en\/akilli-dogalgaz-sayaci-altyapisinin-olusturulmasi\/","title":{"rendered":"Establishment of Smart Natural Gas Metering Infrastructure"},"content":{"rendered":"<div data-elementor-type=\"wp-page\" data-elementor-id=\"5786\" class=\"elementor elementor-5786\">\n\t\t\t\t<div class=\"elementor-element elementor-element-33d194a9 e-con-full e-flex e-con e-parent\" data-id=\"33d194a9\" data-element_type=\"container\" data-settings=\"{&quot;content_width&quot;:&quot;full&quot;,&quot;background_background&quot;:&quot;classic&quot;}\" data-core-v316-plus=\"true\">\n\t\t<div class=\"elementor-element elementor-element-53f93b61 e-con-full e-flex e-con e-child\" data-id=\"53f93b61\" data-element_type=\"container\" data-settings=\"{&quot;content_width&quot;:&quot;full&quot;,&quot;background_background&quot;:&quot;classic&quot;}\">\n\t\t\t\t<div class=\"elementor-element elementor-element-6a8decce elementor-widget__width-initial elementor-widget elementor-widget-heading\" data-id=\"6a8decce\" data-element_type=\"widget\" data-widget_type=\"heading.default\">\n\t\t\t\t<div class=\"elementor-widget-container\">\n\t\t\t<style>\/*! elementor - v3.19.0 - 07-02-2024 *\/\n.elementor-heading-title{padding:0;margin:0;line-height:1}.elementor-widget-heading .elementor-heading-title[class*=elementor-size-]>a{color:inherit;font-size:inherit;line-height:inherit}.elementor-widget-heading .elementor-heading-title.elementor-size-small{font-size:15px}.elementor-widget-heading .elementor-heading-title.elementor-size-medium{font-size:19px}.elementor-widget-heading .elementor-heading-title.elementor-size-large{font-size:29px}.elementor-widget-heading .elementor-heading-title.elementor-size-xl{font-size:39px}.elementor-widget-heading .elementor-heading-title.elementor-size-xxl{font-size:59px}<\/style><h2 class=\"elementor-heading-title elementor-size-default\">PROJECT<\/h2>\t\t<\/div>\n\t\t\t\t<\/div>\n\t\t\t\t<div class=\"elementor-element elementor-element-63bdb49a elementor-widget__width-initial elementor-widget elementor-widget-heading\" data-id=\"63bdb49a\" data-element_type=\"widget\" data-widget_type=\"heading.default\">\n\t\t\t\t<div class=\"elementor-widget-container\">\n\t\t\t<h2 class=\"elementor-heading-title elementor-size-default\">EN.SG3.I2.P2<\/h2>\t\t<\/div>\n\t\t\t\t<\/div>\n\t\t\t\t<\/div>\n\t\t\t\t<div class=\"elementor-element elementor-element-2a8e1115 elementor-widget elementor-widget-heading\" data-id=\"2a8e1115\" data-element_type=\"widget\" data-widget_type=\"heading.default\">\n\t\t\t\t<div class=\"elementor-widget-container\">\n\t\t\t<h2 class=\"elementor-heading-title elementor-size-default\">Establishment of Smart Natural Gas Metering Infrastructure<\/h2>\t\t<\/div>\n\t\t\t\t<\/div>\n\t\t\t\t<div class=\"elementor-element elementor-element-b5c27b8 elementor-widget elementor-widget-text-editor\" data-id=\"b5c27b8\" data-element_type=\"widget\" data-widget_type=\"text-editor.default\">\n\t\t\t\t<div class=\"elementor-widget-container\">\n\t\t\t<style>\/*! elementor - v3.19.0 - 07-02-2024 *\/\n.elementor-widget-text-editor.elementor-drop-cap-view-stacked .elementor-drop-cap{background-color:#69727d;color:#fff}.elementor-widget-text-editor.elementor-drop-cap-view-framed .elementor-drop-cap{color:#69727d;border:3px solid;background-color:transparent}.elementor-widget-text-editor:not(.elementor-drop-cap-view-default) .elementor-drop-cap{margin-top:8px}.elementor-widget-text-editor:not(.elementor-drop-cap-view-default) .elementor-drop-cap-letter{width:1em;height:1em}.elementor-widget-text-editor .elementor-drop-cap{float:left;text-align:center;line-height:1;font-size:50px}.elementor-widget-text-editor .elementor-drop-cap-letter{display:inline-block}<\/style>\t\t\t\t<div class=\"row\"><div class=\"col-12\"><p>Modernizing the metering infrastructure to collect information on the final consumption of scarce and expensive resources with a smart meter infrastructure that provides bidirectional communication<\/p><ul><li>Instant remote monitoring and control<\/li><li>Contributing to raising consumer awareness about energy consumption<\/li><li>Increasing energy efficiency and meter control by enabling remote intervention (switching on\/off, version update, etc.)<\/li><li>Improvements in the loss and leakage rate<\/li><li>Elimination of on-site meter reading time and costs<\/li><li>Analyzing the distribution of consumption data across the city<\/li><\/ul><\/div><\/div>\t\t\t\t\t\t<\/div>\n\t\t\t\t<\/div>\n\t\t<div class=\"elementor-element elementor-element-c05f80a e-flex e-con-boxed e-con e-child\" data-id=\"c05f80a\" data-element_type=\"container\" data-settings=\"{&quot;content_width&quot;:&quot;boxed&quot;}\">\n\t\t\t\t\t<div class=\"e-con-inner\">\n\t\t\t\t<div class=\"elementor-element elementor-element-2a45d56 elementor-widget__width-initial elementor-widget-mobile__width-initial elementor-widget elementor-widget-image\" data-id=\"2a45d56\" data-element_type=\"widget\" data-widget_type=\"image.default\">\n\t\t\t\t<div class=\"elementor-widget-container\">\n\t\t\t<style>\/*! elementor - v3.19.0 - 07-02-2024 *\/\n.elementor-widget-image{text-align:center}.elementor-widget-image a{display:inline-block}.elementor-widget-image a img[src$=\".svg\"]{width:48px}.elementor-widget-image img{vertical-align:middle;display:inline-block}<\/style>\t\t\t\t\t\t\t\t\t\t<img fetchpriority=\"high\" decoding=\"async\" width=\"501\" height=\"482\" src=\"https:\/\/www.akillisehir.istanbul\/wp-content\/uploads\/2024\/12\/Varlik-9.png\" class=\"attachment-large size-large wp-image-17415\" alt=\"\" \/>\t\t\t\t\t\t\t\t\t\t\t\t\t<\/div>\n\t\t\t\t<\/div>\n\t\t\t\t\t<\/div>\n\t\t\t\t<\/div>\n\t\t\t\t<div class=\"elementor-element elementor-element-7dc0ea8f elementor-widget elementor-widget-heading\" data-id=\"7dc0ea8f\" data-element_type=\"widget\" data-widget_type=\"heading.default\">\n\t\t\t\t<div class=\"elementor-widget-container\">\n\t\t\t<h2 class=\"elementor-heading-title elementor-size-default\">Smart Energy<\/h2>\t\t<\/div>\n\t\t\t\t<\/div>\n\t\t\t\t<\/div>\n\t\t\t\t<\/div>","protected":false},"excerpt":{"rendered":"<p>proje EN.SA3.I2.P2 Ak\u0131ll\u0131 Do\u011falgaz Sayac\u0131 Altyap\u0131s\u0131n\u0131n Olu\u015fturulmas\u0131 K\u0131s\u0131tl\u0131 ve pahal\u0131 kaynaklar\u0131n nihai t\u00fcketim bilgilerini toplamak amac\u0131 ile bu t\u00fcketimi \u00f6l\u00e7en saya\u00e7 altyap\u0131s\u0131n\u0131n, \u00e7ift y\u00f6nl\u00fc ileti\u015fim sa\u011flayan ak\u0131ll\u0131 saya\u00e7 altyap\u0131s\u0131 ile modernize edilmesi Anl\u0131k uzaktan izleme ve kontrol yap\u0131lmas\u0131 T\u00fcketicinin enerji sarfiyat\u0131 ile ilgili bilin\u00e7lendirilmesine katk\u0131\u00a0sa\u011flanmas\u0131 Uzaktan m\u00fcdahaleye (a\u00e7ma-kapama, s\u00fcr\u00fcm g\u00fcncelleme,\u00a0vb.) imk\u00e2n ile enerji verimlili\u011finin ve [&hellip;]<\/p>","protected":false},"author":5,"featured_media":0,"parent":0,"menu_order":0,"comment_status":"closed","ping_status":"closed","template":"","meta":{"footnotes":""},"class_list":["post-5786","page","type-page","status-publish","hentry"],"_links":{"self":[{"href":"https:\/\/www.akillisehir.istanbul\/en\/wp-json\/wp\/v2\/pages\/5786","targetHints":{"allow":["GET"]}}],"collection":[{"href":"https:\/\/www.akillisehir.istanbul\/en\/wp-json\/wp\/v2\/pages"}],"about":[{"href":"https:\/\/www.akillisehir.istanbul\/en\/wp-json\/wp\/v2\/types\/page"}],"author":[{"embeddable":true,"href":"https:\/\/www.akillisehir.istanbul\/en\/wp-json\/wp\/v2\/users\/5"}],"replies":[{"embeddable":true,"href":"https:\/\/www.akillisehir.istanbul\/en\/wp-json\/wp\/v2\/comments?post=5786"}],"version-history":[{"count":10,"href":"https:\/\/www.akillisehir.istanbul\/en\/wp-json\/wp\/v2\/pages\/5786\/revisions"}],"predecessor-version":[{"id":22138,"href":"https:\/\/www.akillisehir.istanbul\/en\/wp-json\/wp\/v2\/pages\/5786\/revisions\/22138"}],"wp:attachment":[{"href":"https:\/\/www.akillisehir.istanbul\/en\/wp-json\/wp\/v2\/media?parent=5786"}],"curies":[{"name":"wp","href":"https:\/\/api.w.org\/{rel}","templated":true}]}}