{"id":6119,"date":"2024-04-17T13:38:05","date_gmt":"2024-04-17T10:38:05","guid":{"rendered":"https:\/\/www.akillisehir.istanbul\/?page_id=6119"},"modified":"2024-06-24T11:45:41","modified_gmt":"2024-06-24T08:45:41","slug":"guvenlik-izleme-koordinasyon-merkezi-gikm","status":"publish","type":"page","link":"https:\/\/www.akillisehir.istanbul\/en\/guvenlik-izleme-koordinasyon-merkezi-gikm\/","title":{"rendered":"Security Monitoring Coordination Centre (SCMCC)"},"content":{"rendered":"<div data-elementor-type=\"wp-page\" data-elementor-id=\"6119\" class=\"elementor elementor-6119\">\n\t\t\t\t<div class=\"elementor-element elementor-element-17414b3f e-con-full e-flex e-con e-parent\" data-id=\"17414b3f\" data-element_type=\"container\" data-settings=\"{&quot;content_width&quot;:&quot;full&quot;,&quot;background_background&quot;:&quot;classic&quot;}\" data-core-v316-plus=\"true\">\n\t\t<div class=\"elementor-element elementor-element-5dea4e78 e-con-full e-flex e-con e-child\" data-id=\"5dea4e78\" data-element_type=\"container\" data-settings=\"{&quot;content_width&quot;:&quot;full&quot;,&quot;background_background&quot;:&quot;classic&quot;}\">\n\t\t\t\t<div class=\"elementor-element elementor-element-544b155b elementor-widget__width-initial elementor-widget elementor-widget-heading\" data-id=\"544b155b\" data-element_type=\"widget\" data-widget_type=\"heading.default\">\n\t\t\t\t<div class=\"elementor-widget-container\">\n\t\t\t<style>\/*! elementor - v3.19.0 - 07-02-2024 *\/\n.elementor-heading-title{padding:0;margin:0;line-height:1}.elementor-widget-heading .elementor-heading-title[class*=elementor-size-]>a{color:inherit;font-size:inherit;line-height:inherit}.elementor-widget-heading .elementor-heading-title.elementor-size-small{font-size:15px}.elementor-widget-heading .elementor-heading-title.elementor-size-medium{font-size:19px}.elementor-widget-heading .elementor-heading-title.elementor-size-large{font-size:29px}.elementor-widget-heading .elementor-heading-title.elementor-size-xl{font-size:39px}.elementor-widget-heading .elementor-heading-title.elementor-size-xxl{font-size:59px}<\/style><h2 class=\"elementor-heading-title elementor-size-default\">PROJECT<\/h2>\t\t<\/div>\n\t\t\t\t<\/div>\n\t\t\t\t<div class=\"elementor-element elementor-element-5291c878 elementor-widget__width-initial elementor-widget elementor-widget-heading\" data-id=\"5291c878\" data-element_type=\"widget\" data-widget_type=\"heading.default\">\n\t\t\t\t<div class=\"elementor-widget-container\">\n\t\t\t<h2 class=\"elementor-heading-title elementor-size-default\">SEC.SG1.I1.P2<\/h2>\t\t<\/div>\n\t\t\t\t<\/div>\n\t\t\t\t<\/div>\n\t\t\t\t<div class=\"elementor-element elementor-element-2d55ade0 elementor-widget elementor-widget-heading\" data-id=\"2d55ade0\" data-element_type=\"widget\" data-widget_type=\"heading.default\">\n\t\t\t\t<div class=\"elementor-widget-container\">\n\t\t\t<h2 class=\"elementor-heading-title elementor-size-default\">Security Monitoring Coordination Centre (SCMCC)<\/h2>\t\t<\/div>\n\t\t\t\t<\/div>\n\t\t\t\t<div class=\"elementor-element elementor-element-55150338 elementor-widget elementor-widget-text-editor\" data-id=\"55150338\" data-element_type=\"widget\" data-widget_type=\"text-editor.default\">\n\t\t\t\t<div class=\"elementor-widget-container\">\n\t\t\t<style>\/*! elementor - v3.19.0 - 07-02-2024 *\/\n.elementor-widget-text-editor.elementor-drop-cap-view-stacked .elementor-drop-cap{background-color:#69727d;color:#fff}.elementor-widget-text-editor.elementor-drop-cap-view-framed .elementor-drop-cap{color:#69727d;border:3px solid;background-color:transparent}.elementor-widget-text-editor:not(.elementor-drop-cap-view-default) .elementor-drop-cap{margin-top:8px}.elementor-widget-text-editor:not(.elementor-drop-cap-view-default) .elementor-drop-cap-letter{width:1em;height:1em}.elementor-widget-text-editor .elementor-drop-cap{float:left;text-align:center;line-height:1;font-size:50px}.elementor-widget-text-editor .elementor-drop-cap-letter{display:inline-block}<\/style>\t\t\t\t<div class=\"row\"><div class=\"col-12\"><p>Establishment of a security framework organization for the timely collection, storage, processing and intelligent monitoring, extraction and forecasting of security-related information and data<\/p><ul><li>Ensuring coordination in security<\/li><li>Increasing efficiency and effectiveness in resource utilization<\/li><li>Acceleration of information and transfer processes between stakeholders<\/li><li>Increasing early response capability<\/li><\/ul><\/div><\/div>\t\t\t\t\t\t<\/div>\n\t\t\t\t<\/div>\n\t\t<div class=\"elementor-element elementor-element-7d2a0842 e-flex e-con-boxed e-con e-child\" data-id=\"7d2a0842\" data-element_type=\"container\" data-settings=\"{&quot;content_width&quot;:&quot;boxed&quot;}\">\n\t\t\t\t\t<div class=\"e-con-inner\">\n\t\t\t\t<div class=\"elementor-element elementor-element-6b040106 elementor-widget__width-initial elementor-widget-mobile__width-initial elementor-widget elementor-widget-image\" data-id=\"6b040106\" data-element_type=\"widget\" data-widget_type=\"image.default\">\n\t\t\t\t<div class=\"elementor-widget-container\">\n\t\t\t<style>\/*! elementor - v3.19.0 - 07-02-2024 *\/\n.elementor-widget-image{text-align:center}.elementor-widget-image a{display:inline-block}.elementor-widget-image a img[src$=\".svg\"]{width:48px}.elementor-widget-image img{vertical-align:middle;display:inline-block}<\/style>\t\t\t\t\t\t\t\t\t\t<img fetchpriority=\"high\" decoding=\"async\" width=\"500\" height=\"479\" src=\"https:\/\/www.akillisehir.istanbul\/wp-content\/uploads\/2024\/12\/Varlik-16.png\" class=\"attachment-large size-large wp-image-17432\" alt=\"\" \/>\t\t\t\t\t\t\t\t\t\t\t\t\t<\/div>\n\t\t\t\t<\/div>\n\t\t\t\t\t<\/div>\n\t\t\t\t<\/div>\n\t\t\t\t<div class=\"elementor-element elementor-element-e1e4863 elementor-widget elementor-widget-heading\" data-id=\"e1e4863\" data-element_type=\"widget\" data-widget_type=\"heading.default\">\n\t\t\t\t<div class=\"elementor-widget-container\">\n\t\t\t<h2 class=\"elementor-heading-title elementor-size-default\">Smart Security<\/h2>\t\t<\/div>\n\t\t\t\t<\/div>\n\t\t\t\t<\/div>\n\t\t\t\t<\/div>","protected":false},"excerpt":{"rendered":"<p>proje GU.SA1.I1.P2 G\u00fcvenlik \u0130zleme Koordinasyon Merkezi (G\u0130KM) G\u00fcvenlik ile ilgili bilgi ve verinin zamanl\u0131ca toplanaca\u011f\u0131, depo edilece\u011fi, i\u015flenece\u011fi ve ak\u0131ll\u0131 izleme, \u00e7\u0131kar\u0131m ve tahmin yap\u0131lacak g\u00fcvenlik \u00e7at\u0131 organizasyonunun kurulmas\u0131 G\u00fcvenlikte koordinasyonun sa\u011flanmas\u0131 Kaynak kullan\u0131m\u0131nda verimlilik ve etkinli\u011fin art\u0131r\u0131lmas\u0131 Payda\u015flar aras\u0131 bilgilendirme ve aktar\u0131m s\u00fcre\u00e7lerinin h\u0131zland\u0131r\u0131lmas\u0131 Erken m\u00fcdahale kabiliyetinin art\u0131r\u0131lmas\u0131 Ak\u0131ll\u0131 G\u00fcvenlik<\/p>","protected":false},"author":5,"featured_media":0,"parent":0,"menu_order":0,"comment_status":"closed","ping_status":"closed","template":"","meta":{"footnotes":""},"class_list":["post-6119","page","type-page","status-publish","hentry"],"_links":{"self":[{"href":"https:\/\/www.akillisehir.istanbul\/en\/wp-json\/wp\/v2\/pages\/6119","targetHints":{"allow":["GET"]}}],"collection":[{"href":"https:\/\/www.akillisehir.istanbul\/en\/wp-json\/wp\/v2\/pages"}],"about":[{"href":"https:\/\/www.akillisehir.istanbul\/en\/wp-json\/wp\/v2\/types\/page"}],"author":[{"embeddable":true,"href":"https:\/\/www.akillisehir.istanbul\/en\/wp-json\/wp\/v2\/users\/5"}],"replies":[{"embeddable":true,"href":"https:\/\/www.akillisehir.istanbul\/en\/wp-json\/wp\/v2\/comments?post=6119"}],"version-history":[{"count":13,"href":"https:\/\/www.akillisehir.istanbul\/en\/wp-json\/wp\/v2\/pages\/6119\/revisions"}],"predecessor-version":[{"id":22169,"href":"https:\/\/www.akillisehir.istanbul\/en\/wp-json\/wp\/v2\/pages\/6119\/revisions\/22169"}],"wp:attachment":[{"href":"https:\/\/www.akillisehir.istanbul\/en\/wp-json\/wp\/v2\/media?parent=6119"}],"curies":[{"name":"wp","href":"https:\/\/api.w.org\/{rel}","templated":true}]}}