{"id":67,"date":"2024-02-23T21:18:33","date_gmt":"2024-02-23T18:18:33","guid":{"rendered":"https:\/\/www.akillisehir.istanbul\/?page_id=67"},"modified":"2024-12-09T14:33:50","modified_gmt":"2024-12-09T11:33:50","slug":"baskandan","status":"publish","type":"page","link":"https:\/\/www.akillisehir.istanbul\/en\/baskandan\/","title":{"rendered":"From The Mayor"},"content":{"rendered":"<div data-elementor-type=\"wp-page\" data-elementor-id=\"67\" class=\"elementor elementor-67\">\n\t\t\t\t<div class=\"elementor-element elementor-element-1b3d45b e-con-full e-flex e-con e-parent\" data-id=\"1b3d45b\" data-element_type=\"container\" data-settings=\"{&quot;content_width&quot;:&quot;full&quot;,&quot;background_background&quot;:&quot;classic&quot;}\" data-core-v316-plus=\"true\">\n\t\t\t\t<div class=\"elementor-element elementor-element-c263892 elementor-widget elementor-widget-heading\" data-id=\"c263892\" data-element_type=\"widget\" data-widget_type=\"heading.default\">\n\t\t\t\t<div class=\"elementor-widget-container\">\n\t\t\t<style>\/*! elementor - v3.19.0 - 07-02-2024 *\/\n.elementor-heading-title{padding:0;margin:0;line-height:1}.elementor-widget-heading .elementor-heading-title[class*=elementor-size-]>a{color:inherit;font-size:inherit;line-height:inherit}.elementor-widget-heading .elementor-heading-title.elementor-size-small{font-size:15px}.elementor-widget-heading .elementor-heading-title.elementor-size-medium{font-size:19px}.elementor-widget-heading .elementor-heading-title.elementor-size-large{font-size:29px}.elementor-widget-heading .elementor-heading-title.elementor-size-xl{font-size:39px}.elementor-widget-heading .elementor-heading-title.elementor-size-xxl{font-size:59px}<\/style><h2 class=\"elementor-heading-title elementor-size-default\">From The Mayor<\/h2>\t\t<\/div>\n\t\t\t\t<\/div>\n\t\t<div class=\"elementor-element elementor-element-c4b9fb4 e-con-full e-flex e-con e-child\" data-id=\"c4b9fb4\" data-element_type=\"container\" data-settings=\"{&quot;content_width&quot;:&quot;full&quot;}\">\n\t\t\t\t<div class=\"elementor-element elementor-element-1d52a8e elementor-widget__width-initial elementor-widget-tablet__width-initial elementor-widget elementor-widget-image\" data-id=\"1d52a8e\" data-element_type=\"widget\" data-widget_type=\"image.default\">\n\t\t\t\t<div class=\"elementor-widget-container\">\n\t\t\t<style>\/*! elementor - v3.19.0 - 07-02-2024 *\/\n.elementor-widget-image{text-align:center}.elementor-widget-image a{display:inline-block}.elementor-widget-image a img[src$=\".svg\"]{width:48px}.elementor-widget-image img{vertical-align:middle;display:inline-block}<\/style>\t\t\t\t\t\t\t\t\t\t<img fetchpriority=\"high\" decoding=\"async\" width=\"579\" height=\"1030\" src=\"https:\/\/www.akillisehir.istanbul\/wp-content\/uploads\/2024\/05\/baskan_2-579x1030.png\" class=\"attachment-large size-large wp-image-16787\" alt=\"\" \/>\t\t\t\t\t\t\t\t\t\t\t\t\t<\/div>\n\t\t\t\t<\/div>\n\t\t\t\t<div class=\"elementor-element elementor-element-c121e10 elementor-widget-mobile__width-initial elementor-widget elementor-widget-text-editor\" data-id=\"c121e10\" data-element_type=\"widget\" id=\"baskandan\" data-widget_type=\"text-editor.default\">\n\t\t\t\t<div class=\"elementor-widget-container\">\n\t\t\t<style>\/*! elementor - v3.19.0 - 07-02-2024 *\/\n.elementor-widget-text-editor.elementor-drop-cap-view-stacked .elementor-drop-cap{background-color:#69727d;color:#fff}.elementor-widget-text-editor.elementor-drop-cap-view-framed .elementor-drop-cap{color:#69727d;border:3px solid;background-color:transparent}.elementor-widget-text-editor:not(.elementor-drop-cap-view-default) .elementor-drop-cap{margin-top:8px}.elementor-widget-text-editor:not(.elementor-drop-cap-view-default) .elementor-drop-cap-letter{width:1em;height:1em}.elementor-widget-text-editor .elementor-drop-cap{float:left;text-align:center;line-height:1;font-size:50px}.elementor-widget-text-editor .elementor-drop-cap-letter{display:inline-block}<\/style>\t\t\t\t<div class=\"row\"><div class=\"col-12\"><p><em>Dear Residents of Istanbul,<\/em><\/p><\/div><\/div><div class=\"row\"><div class=\"col-12\"><p>Ever since we declared \u201ca new beginning for Istanbul,\u201d we have made it our utmost priority to develop new tools to make people\u2019s lives in this city easier. On our path towards this goal, we have always paid close attention to the necessities of the information age.<\/p><p>And today, we present to you Istanbul\u2019s very own and local Smart City Strategic Plan.<\/p><p>The core of this plan consists of strategies created to aid our city\u2019s digital transformation and the initiatives born of such strategies. We mainly aim to make innovation a part of every Istanbul resident\u2019s life by developing a participatory model, and to gain societal benefits by using big data.<\/p><p>This road map that you are holding in your hands is the first Smart City Strategic Plan for local governments that has been created with 2030 goals in mind and containing both actions and projects. The Strategic Plan has been created using the most up-to-date research in its field and in accordance with the T\u00fcrkiye National Smart Cities Strategy and Action Plan.<\/p><p>I give my thanks to all of my colleagues who have worked tirelessly on creating the Istanbul Smart City Strategic Plan and everyone who is a member of the smart city ecosystem. I deeply hope that our plan, for the first time articulating our \u201cdigital inclusion\u201d goals, is beneficial for our city.<\/p><p>Sincerely,<\/p><\/div><\/div>\t\t\t\t\t\t<\/div>\n\t\t\t\t<\/div>\n\t\t\t\t<\/div>\n\t\t\t\t<\/div>\n\t\t\t\t<\/div>","protected":false},"excerpt":{"rendered":"<p>\/*! elementor &#8211; v3.19.0 &#8211; 07-02-2024 *\/ .elementor-heading-title{padding:0;margin:0;line-height:1}.elementor-widget-heading .elementor-heading-title[class*=elementor-size-]&gt;a{color:inherit;font-size:inherit;line-height:inherit}.elementor-widget-heading .elementor-heading-title.elementor-size-small{font-size:15px}.elementor-widget-heading .elementor-heading-title.elementor-size-medium{font-size:19px}.elementor-widget-heading .elementor-heading-title.elementor-size-large{font-size:29px}.elementor-widget-heading .elementor-heading-title.elementor-size-xl{font-size:39px}.elementor-widget-heading .elementor-heading-title.elementor-size-xxl{font-size:59px} Ba\u015fkandan \/*! elementor &#8211; v3.19.0 &#8211; 07-02-2024 *\/ .elementor-widget-image{text-align:center}.elementor-widget-image a{display:inline-block}.elementor-widget-image a img[src$=&#8221;.svg&#8221;]{width:48px}.elementor-widget-image img{vertical-align:middle;display:inline-block} Sevgili \u0130stanbullular, \u201c\u0130stanbul\u2019a yeni bir ba\u015flang\u0131\u00e7\u201d dedi\u011fimiz g\u00fcnden bu yana, bu \u015fehrin insanlar\u0131n\u0131n hayatlar\u0131n\u0131 kolayla\u015ft\u0131rmak i\u00e7in yeni ara\u00e7lar geli\u015ftirmeyi \u00f6ncelikli g\u00f6revlerimizden biri olarak kabul ettik. Bunu yaparken de [&hellip;]<\/p>","protected":false},"author":5,"featured_media":0,"parent":0,"menu_order":0,"comment_status":"closed","ping_status":"closed","template":"","meta":{"footnotes":""},"class_list":["post-67","page","type-page","status-publish","hentry"],"_links":{"self":[{"href":"https:\/\/www.akillisehir.istanbul\/en\/wp-json\/wp\/v2\/pages\/67","targetHints":{"allow":["GET"]}}],"collection":[{"href":"https:\/\/www.akillisehir.istanbul\/en\/wp-json\/wp\/v2\/pages"}],"about":[{"href":"https:\/\/www.akillisehir.istanbul\/en\/wp-json\/wp\/v2\/types\/page"}],"author":[{"embeddable":true,"href":"https:\/\/www.akillisehir.istanbul\/en\/wp-json\/wp\/v2\/users\/5"}],"replies":[{"embeddable":true,"href":"https:\/\/www.akillisehir.istanbul\/en\/wp-json\/wp\/v2\/comments?post=67"}],"version-history":[{"count":104,"href":"https:\/\/www.akillisehir.istanbul\/en\/wp-json\/wp\/v2\/pages\/67\/revisions"}],"predecessor-version":[{"id":28152,"href":"https:\/\/www.akillisehir.istanbul\/en\/wp-json\/wp\/v2\/pages\/67\/revisions\/28152"}],"wp:attachment":[{"href":"https:\/\/www.akillisehir.istanbul\/en\/wp-json\/wp\/v2\/media?parent=67"}],"curies":[{"name":"wp","href":"https:\/\/api.w.org\/{rel}","templated":true}]}}