{"id":7558,"date":"2024-04-23T08:20:47","date_gmt":"2024-04-23T05:20:47","guid":{"rendered":"https:\/\/www.akillisehir.istanbul\/?page_id=7558"},"modified":"2024-12-05T15:50:23","modified_gmt":"2024-12-05T12:50:23","slug":"acik-veri-platformunun-veri-analitigi-ozelligi-ile-zenginlestirilmesi-tamamlandi","status":"publish","type":"page","link":"https:\/\/www.akillisehir.istanbul\/en\/acik-veri-platformunun-veri-analitigi-ozelligi-ile-zenginlestirilmesi-tamamlandi\/","title":{"rendered":"Enriching Open Data Platform with Data Analytics Feature (Completed)"},"content":{"rendered":"<div data-elementor-type=\"wp-page\" data-elementor-id=\"7558\" class=\"elementor elementor-7558\">\n\t\t\t\t<div class=\"elementor-element elementor-element-30046f67 e-con-full e-flex e-con e-parent\" data-id=\"30046f67\" data-element_type=\"container\" data-settings=\"{&quot;content_width&quot;:&quot;full&quot;,&quot;background_background&quot;:&quot;classic&quot;}\" data-core-v316-plus=\"true\">\n\t\t<div class=\"elementor-element elementor-element-60f417f4 e-con-full e-flex e-con e-child\" data-id=\"60f417f4\" data-element_type=\"container\" data-settings=\"{&quot;content_width&quot;:&quot;full&quot;,&quot;background_background&quot;:&quot;classic&quot;}\">\n\t\t\t\t<div class=\"elementor-element elementor-element-73b1241e elementor-widget__width-initial elementor-widget elementor-widget-heading\" data-id=\"73b1241e\" data-element_type=\"widget\" data-widget_type=\"heading.default\">\n\t\t\t\t<div class=\"elementor-widget-container\">\n\t\t\t<style>\/*! elementor - v3.19.0 - 07-02-2024 *\/\n.elementor-heading-title{padding:0;margin:0;line-height:1}.elementor-widget-heading .elementor-heading-title[class*=elementor-size-]>a{color:inherit;font-size:inherit;line-height:inherit}.elementor-widget-heading .elementor-heading-title.elementor-size-small{font-size:15px}.elementor-widget-heading .elementor-heading-title.elementor-size-medium{font-size:19px}.elementor-widget-heading .elementor-heading-title.elementor-size-large{font-size:29px}.elementor-widget-heading .elementor-heading-title.elementor-size-xl{font-size:39px}.elementor-widget-heading .elementor-heading-title.elementor-size-xxl{font-size:59px}<\/style><h2 class=\"elementor-heading-title elementor-size-default\">PROJECT<\/h2>\t\t<\/div>\n\t\t\t\t<\/div>\n\t\t\t\t<div class=\"elementor-element elementor-element-5d08145c elementor-widget__width-initial elementor-widget elementor-widget-heading\" data-id=\"5d08145c\" data-element_type=\"widget\" data-widget_type=\"heading.default\">\n\t\t\t\t<div class=\"elementor-widget-container\">\n\t\t\t<h2 class=\"elementor-heading-title elementor-size-default\">GOV.SG1.I1.P2<\/h2>\t\t<\/div>\n\t\t\t\t<\/div>\n\t\t\t\t<\/div>\n\t\t\t\t<div class=\"elementor-element elementor-element-21ec5c91 elementor-widget elementor-widget-heading\" data-id=\"21ec5c91\" data-element_type=\"widget\" data-widget_type=\"heading.default\">\n\t\t\t\t<div class=\"elementor-widget-container\">\n\t\t\t<h2 class=\"elementor-heading-title elementor-size-default\">Enriching Open Data Platform with Data Analytics Feature (Completed)<\/h2>\t\t<\/div>\n\t\t\t\t<\/div>\n\t\t\t\t<div class=\"elementor-element elementor-element-55bd85dd elementor-widget elementor-widget-text-editor\" data-id=\"55bd85dd\" data-element_type=\"widget\" data-widget_type=\"text-editor.default\">\n\t\t\t\t<div class=\"elementor-widget-container\">\n\t\t\t<style>\/*! elementor - v3.19.0 - 07-02-2024 *\/\n.elementor-widget-text-editor.elementor-drop-cap-view-stacked .elementor-drop-cap{background-color:#69727d;color:#fff}.elementor-widget-text-editor.elementor-drop-cap-view-framed .elementor-drop-cap{color:#69727d;border:3px solid;background-color:transparent}.elementor-widget-text-editor:not(.elementor-drop-cap-view-default) .elementor-drop-cap{margin-top:8px}.elementor-widget-text-editor:not(.elementor-drop-cap-view-default) .elementor-drop-cap-letter{width:1em;height:1em}.elementor-widget-text-editor .elementor-drop-cap{float:left;text-align:center;line-height:1;font-size:50px}.elementor-widget-text-editor .elementor-drop-cap-letter{display:inline-block}<\/style>\t\t\t\t<div class=\"row\"><div class=\"col-12\"><p>Launched in 2020, the IMM Open Data Portal enables the sharing of data that may be meaningful to citizens and allows citizens to freely use, reuse, share, process and commercially\/non-commercially exploit this data. This project involves enriching the existing IMM Open Data Portal with data analytics tools, enabling citizens to use these tools to analyze, visualize and create projects from the data shared by IMM and its neighboring organizations<\/p><ul><li>Citizens do not need any software or hardware providing an environment where people can analyze and visualize the data published through the IMM Open Data Portal and create projects that will be the output of these analyzes<\/li><li>Providing citizens with an environment where they can analyze data completely free of charge<\/li><li>Creating an environment where projects produced by citizens can be published<\/li><\/ul><\/div><\/div>\t\t\t\t\t\t<\/div>\n\t\t\t\t<\/div>\n\t\t<div class=\"elementor-element elementor-element-1a80ff87 e-flex e-con-boxed e-con e-child\" data-id=\"1a80ff87\" data-element_type=\"container\" data-settings=\"{&quot;content_width&quot;:&quot;boxed&quot;}\">\n\t\t\t\t\t<div class=\"e-con-inner\">\n\t\t\t\t<div class=\"elementor-element elementor-element-691a3407 elementor-widget__width-initial elementor-widget-mobile__width-initial elementor-widget elementor-widget-image\" data-id=\"691a3407\" data-element_type=\"widget\" data-widget_type=\"image.default\">\n\t\t\t\t<div class=\"elementor-widget-container\">\n\t\t\t<style>\/*! elementor - v3.19.0 - 07-02-2024 *\/\n.elementor-widget-image{text-align:center}.elementor-widget-image a{display:inline-block}.elementor-widget-image a img[src$=\".svg\"]{width:48px}.elementor-widget-image img{vertical-align:middle;display:inline-block}<\/style>\t\t\t\t\t\t\t\t\t\t<img fetchpriority=\"high\" decoding=\"async\" width=\"500\" height=\"480\" src=\"https:\/\/www.akillisehir.istanbul\/wp-content\/uploads\/2024\/12\/Varlik-8.png\" class=\"attachment-large size-large wp-image-17412\" alt=\"\" \/>\t\t\t\t\t\t\t\t\t\t\t\t\t<\/div>\n\t\t\t\t<\/div>\n\t\t\t\t\t<\/div>\n\t\t\t\t<\/div>\n\t\t\t\t<div class=\"elementor-element elementor-element-45fcaf3b elementor-widget elementor-widget-heading\" data-id=\"45fcaf3b\" data-element_type=\"widget\" data-widget_type=\"heading.default\">\n\t\t\t\t<div class=\"elementor-widget-container\">\n\t\t\t<h2 class=\"elementor-heading-title elementor-size-default\">Smart Governance<\/h2>\t\t<\/div>\n\t\t\t\t<\/div>\n\t\t\t\t<\/div>\n\t\t\t\t<\/div>","protected":false},"excerpt":{"rendered":"<p>\/*! elementor &#8211; v3.19.0 &#8211; 07-02-2024 *\/ .elementor-heading-title{padding:0;margin:0;line-height:1}.elementor-widget-heading .elementor-heading-title[class*=elementor-size-]&gt;a{color:inherit;font-size:inherit;line-height:inherit}.elementor-widget-heading .elementor-heading-title.elementor-size-small{font-size:15px}.elementor-widget-heading .elementor-heading-title.elementor-size-medium{font-size:19px}.elementor-widget-heading .elementor-heading-title.elementor-size-large{font-size:29px}.elementor-widget-heading .elementor-heading-title.elementor-size-xl{font-size:39px}.elementor-widget-heading .elementor-heading-title.elementor-size-xxl{font-size:59px} proje YO.SA1.I1.P2 A\u00e7\u0131k Veri Platformunun Veri Analiti\u011fi \u00d6zelli\u011fi ile Zenginle\u015ftirilmesi (Tamamland\u0131) 2020 senesinde yay\u0131na al\u0131nan \u0130BB A\u00e7\u0131k Veri Portal\u0131 vatanda\u015flar i\u00e7in anlaml\u0131 olabilecek verilerin payla\u015f\u0131lmas\u0131na ve vatanda\u015flar\u0131n bu verileri \u00f6zg\u00fcrce kullanmas\u0131na, yeniden kullanmas\u0131na, payla\u015fmas\u0131na, i\u015flemesine, ticari\/ticari olmayan bir \u015fekilde kullanmas\u0131na olanak [&hellip;]<\/p>","protected":false},"author":5,"featured_media":0,"parent":0,"menu_order":0,"comment_status":"closed","ping_status":"closed","template":"","meta":{"footnotes":""},"class_list":["post-7558","page","type-page","status-publish","hentry"],"_links":{"self":[{"href":"https:\/\/www.akillisehir.istanbul\/en\/wp-json\/wp\/v2\/pages\/7558","targetHints":{"allow":["GET"]}}],"collection":[{"href":"https:\/\/www.akillisehir.istanbul\/en\/wp-json\/wp\/v2\/pages"}],"about":[{"href":"https:\/\/www.akillisehir.istanbul\/en\/wp-json\/wp\/v2\/types\/page"}],"author":[{"embeddable":true,"href":"https:\/\/www.akillisehir.istanbul\/en\/wp-json\/wp\/v2\/users\/5"}],"replies":[{"embeddable":true,"href":"https:\/\/www.akillisehir.istanbul\/en\/wp-json\/wp\/v2\/comments?post=7558"}],"version-history":[{"count":22,"href":"https:\/\/www.akillisehir.istanbul\/en\/wp-json\/wp\/v2\/pages\/7558\/revisions"}],"predecessor-version":[{"id":27312,"href":"https:\/\/www.akillisehir.istanbul\/en\/wp-json\/wp\/v2\/pages\/7558\/revisions\/27312"}],"wp:attachment":[{"href":"https:\/\/www.akillisehir.istanbul\/en\/wp-json\/wp\/v2\/media?parent=7558"}],"curies":[{"name":"wp","href":"https:\/\/api.w.org\/{rel}","templated":true}]}}