{"id":7745,"date":"2024-04-24T08:49:22","date_gmt":"2024-04-24T05:49:22","guid":{"rendered":"https:\/\/www.akillisehir.istanbul\/?page_id=7745"},"modified":"2024-06-26T15:18:52","modified_gmt":"2024-06-26T12:18:52","slug":"kent-yonetim-merkezi","status":"publish","type":"page","link":"https:\/\/www.akillisehir.istanbul\/en\/kent-yonetim-merkezi\/","title":{"rendered":"City Management Center"},"content":{"rendered":"<div data-elementor-type=\"wp-page\" data-elementor-id=\"7745\" class=\"elementor elementor-7745\">\n\t\t\t\t<div class=\"elementor-element elementor-element-4006067a e-con-full e-flex e-con e-parent\" data-id=\"4006067a\" data-element_type=\"container\" data-settings=\"{&quot;content_width&quot;:&quot;full&quot;,&quot;background_background&quot;:&quot;classic&quot;}\" data-core-v316-plus=\"true\">\n\t\t<div class=\"elementor-element elementor-element-251c12ee e-con-full e-flex e-con e-child\" data-id=\"251c12ee\" data-element_type=\"container\" data-settings=\"{&quot;content_width&quot;:&quot;full&quot;,&quot;background_background&quot;:&quot;classic&quot;}\">\n\t\t\t\t<div class=\"elementor-element elementor-element-49dc2b3d elementor-widget__width-initial elementor-widget elementor-widget-heading\" data-id=\"49dc2b3d\" data-element_type=\"widget\" data-widget_type=\"heading.default\">\n\t\t\t\t<div class=\"elementor-widget-container\">\n\t\t\t<style>\/*! elementor - v3.19.0 - 07-02-2024 *\/\n.elementor-heading-title{padding:0;margin:0;line-height:1}.elementor-widget-heading .elementor-heading-title[class*=elementor-size-]>a{color:inherit;font-size:inherit;line-height:inherit}.elementor-widget-heading .elementor-heading-title.elementor-size-small{font-size:15px}.elementor-widget-heading .elementor-heading-title.elementor-size-medium{font-size:19px}.elementor-widget-heading .elementor-heading-title.elementor-size-large{font-size:29px}.elementor-widget-heading .elementor-heading-title.elementor-size-xl{font-size:39px}.elementor-widget-heading .elementor-heading-title.elementor-size-xxl{font-size:59px}<\/style><h2 class=\"elementor-heading-title elementor-size-default\">PROJECT<\/h2>\t\t<\/div>\n\t\t\t\t<\/div>\n\t\t\t\t<div class=\"elementor-element elementor-element-2ac1bf2a elementor-widget__width-initial elementor-widget elementor-widget-heading\" data-id=\"2ac1bf2a\" data-element_type=\"widget\" data-widget_type=\"heading.default\">\n\t\t\t\t<div class=\"elementor-widget-container\">\n\t\t\t<h2 class=\"elementor-heading-title elementor-size-default\">GOV.SG2.I1.P3<\/h2>\t\t<\/div>\n\t\t\t\t<\/div>\n\t\t\t\t<\/div>\n\t\t\t\t<div class=\"elementor-element elementor-element-2dc86759 elementor-widget elementor-widget-heading\" data-id=\"2dc86759\" data-element_type=\"widget\" data-widget_type=\"heading.default\">\n\t\t\t\t<div class=\"elementor-widget-container\">\n\t\t\t<h2 class=\"elementor-heading-title elementor-size-default\">City Management Center<\/h2>\t\t<\/div>\n\t\t\t\t<\/div>\n\t\t\t\t<div class=\"elementor-element elementor-element-485a86b5 elementor-widget elementor-widget-text-editor\" data-id=\"485a86b5\" data-element_type=\"widget\" data-widget_type=\"text-editor.default\">\n\t\t\t\t<div class=\"elementor-widget-container\">\n\t\t\t<style>\/*! elementor - v3.19.0 - 07-02-2024 *\/\n.elementor-widget-text-editor.elementor-drop-cap-view-stacked .elementor-drop-cap{background-color:#69727d;color:#fff}.elementor-widget-text-editor.elementor-drop-cap-view-framed .elementor-drop-cap{color:#69727d;border:3px solid;background-color:transparent}.elementor-widget-text-editor:not(.elementor-drop-cap-view-default) .elementor-drop-cap{margin-top:8px}.elementor-widget-text-editor:not(.elementor-drop-cap-view-default) .elementor-drop-cap-letter{width:1em;height:1em}.elementor-widget-text-editor .elementor-drop-cap{float:left;text-align:center;line-height:1;font-size:50px}.elementor-widget-text-editor .elementor-drop-cap-letter{display:inline-block}<\/style>\t\t\t\t<div class=\"row\"><div class=\"col-12\"><p>\u00a0Ensuring the integration of IMM Smart City Branch Office and management centers under a single roof<\/p><ul><li>Sub-centers established for smart city management, contributing to enhancing coordination<\/li><li>Contributing to the acceleration of smart city management processes<\/li><li>Ensuring effective and efficient management of the smart city contribution<\/li><\/ul><\/div><\/div>\t\t\t\t\t\t<\/div>\n\t\t\t\t<\/div>\n\t\t<div class=\"elementor-element elementor-element-65fb7419 e-flex e-con-boxed e-con e-child\" data-id=\"65fb7419\" data-element_type=\"container\" data-settings=\"{&quot;content_width&quot;:&quot;boxed&quot;}\">\n\t\t\t\t\t<div class=\"e-con-inner\">\n\t\t\t\t<div class=\"elementor-element elementor-element-5b4acad3 elementor-widget__width-initial elementor-widget-mobile__width-initial elementor-widget elementor-widget-image\" data-id=\"5b4acad3\" data-element_type=\"widget\" data-widget_type=\"image.default\">\n\t\t\t\t<div class=\"elementor-widget-container\">\n\t\t\t<style>\/*! elementor - v3.19.0 - 07-02-2024 *\/\n.elementor-widget-image{text-align:center}.elementor-widget-image a{display:inline-block}.elementor-widget-image a img[src$=\".svg\"]{width:48px}.elementor-widget-image img{vertical-align:middle;display:inline-block}<\/style>\t\t\t\t\t\t\t\t\t\t<img fetchpriority=\"high\" decoding=\"async\" width=\"498\" height=\"478\" src=\"https:\/\/www.akillisehir.istanbul\/wp-content\/uploads\/2024\/12\/Varlik-17.png\" class=\"attachment-large size-large wp-image-17435\" alt=\"\" \/>\t\t\t\t\t\t\t\t\t\t\t\t\t<\/div>\n\t\t\t\t<\/div>\n\t\t\t\t\t<\/div>\n\t\t\t\t<\/div>\n\t\t\t\t<div class=\"elementor-element elementor-element-2acc77b6 elementor-widget elementor-widget-heading\" data-id=\"2acc77b6\" data-element_type=\"widget\" data-widget_type=\"heading.default\">\n\t\t\t\t<div class=\"elementor-widget-container\">\n\t\t\t<h2 class=\"elementor-heading-title elementor-size-default\">Smart Governance<\/h2>\t\t<\/div>\n\t\t\t\t<\/div>\n\t\t\t\t<\/div>\n\t\t\t\t<\/div>","protected":false},"excerpt":{"rendered":"<p>proje YO.SA2.I1.P3 Kent Y\u00f6netim Merkezi \u00a0\u0130BB Ak\u0131ll\u0131 \u015eehir \u015eube M\u00fcd\u00fcrl\u00fc\u011f\u00fc ve y\u00f6netim merkezlerinin tek bir \u00e7at\u0131 alt\u0131nda entegrasyonunun sa\u011flanmas\u0131 Ak\u0131ll\u0131 \u015fehir y\u00f6netimi i\u00e7in kurulan alt merkezlerin koordinasyonunun art\u0131r\u0131lmas\u0131na katk\u0131da bulunulmas\u0131 Ak\u0131ll\u0131 \u015fehir y\u00f6netim s\u00fcre\u00e7lerinin h\u0131zland\u0131r\u0131lmas\u0131na katk\u0131da bulunulmas\u0131 Ak\u0131ll\u0131 \u015fehrin etkin ve verimli y\u00f6netiminin sa\u011flanmas\u0131na katk\u0131da bulunulmas\u0131 Ak\u0131ll\u0131 Y\u00f6neti\u015fim<\/p>","protected":false},"author":5,"featured_media":0,"parent":0,"menu_order":0,"comment_status":"closed","ping_status":"closed","template":"","meta":{"footnotes":""},"class_list":["post-7745","page","type-page","status-publish","hentry"],"_links":{"self":[{"href":"https:\/\/www.akillisehir.istanbul\/en\/wp-json\/wp\/v2\/pages\/7745","targetHints":{"allow":["GET"]}}],"collection":[{"href":"https:\/\/www.akillisehir.istanbul\/en\/wp-json\/wp\/v2\/pages"}],"about":[{"href":"https:\/\/www.akillisehir.istanbul\/en\/wp-json\/wp\/v2\/types\/page"}],"author":[{"embeddable":true,"href":"https:\/\/www.akillisehir.istanbul\/en\/wp-json\/wp\/v2\/users\/5"}],"replies":[{"embeddable":true,"href":"https:\/\/www.akillisehir.istanbul\/en\/wp-json\/wp\/v2\/comments?post=7745"}],"version-history":[{"count":13,"href":"https:\/\/www.akillisehir.istanbul\/en\/wp-json\/wp\/v2\/pages\/7745\/revisions"}],"predecessor-version":[{"id":23947,"href":"https:\/\/www.akillisehir.istanbul\/en\/wp-json\/wp\/v2\/pages\/7745\/revisions\/23947"}],"wp:attachment":[{"href":"https:\/\/www.akillisehir.istanbul\/en\/wp-json\/wp\/v2\/media?parent=7745"}],"curies":[{"name":"wp","href":"https:\/\/api.w.org\/{rel}","templated":true}]}}