{"id":7963,"date":"2024-04-24T10:40:03","date_gmt":"2024-04-24T07:40:03","guid":{"rendered":"https:\/\/www.akillisehir.istanbul\/?page_id=7963"},"modified":"2024-06-26T15:13:05","modified_gmt":"2024-06-26T12:13:05","slug":"iyilik-pinari-tamamlandi","status":"publish","type":"page","link":"https:\/\/www.akillisehir.istanbul\/en\/iyilik-pinari-tamamlandi\/","title":{"rendered":"Spring of Goodness (Completed)"},"content":{"rendered":"<div data-elementor-type=\"wp-page\" data-elementor-id=\"7963\" class=\"elementor elementor-7963\">\n\t\t\t\t<div class=\"elementor-element elementor-element-20c1830c e-con-full e-flex e-con e-parent\" data-id=\"20c1830c\" data-element_type=\"container\" data-settings=\"{&quot;content_width&quot;:&quot;full&quot;,&quot;background_background&quot;:&quot;classic&quot;}\" data-core-v316-plus=\"true\">\n\t\t<div class=\"elementor-element elementor-element-4d9ce561 e-con-full e-flex e-con e-child\" data-id=\"4d9ce561\" data-element_type=\"container\" data-settings=\"{&quot;content_width&quot;:&quot;full&quot;,&quot;background_background&quot;:&quot;classic&quot;}\">\n\t\t\t\t<div class=\"elementor-element elementor-element-575e4d0d elementor-widget__width-initial elementor-widget elementor-widget-heading\" data-id=\"575e4d0d\" data-element_type=\"widget\" data-widget_type=\"heading.default\">\n\t\t\t\t<div class=\"elementor-widget-container\">\n\t\t\t<style>\/*! elementor - v3.19.0 - 07-02-2024 *\/\n.elementor-heading-title{padding:0;margin:0;line-height:1}.elementor-widget-heading .elementor-heading-title[class*=elementor-size-]>a{color:inherit;font-size:inherit;line-height:inherit}.elementor-widget-heading .elementor-heading-title.elementor-size-small{font-size:15px}.elementor-widget-heading .elementor-heading-title.elementor-size-medium{font-size:19px}.elementor-widget-heading .elementor-heading-title.elementor-size-large{font-size:29px}.elementor-widget-heading .elementor-heading-title.elementor-size-xl{font-size:39px}.elementor-widget-heading .elementor-heading-title.elementor-size-xxl{font-size:59px}<\/style><h2 class=\"elementor-heading-title elementor-size-default\">PROJECT<\/h2>\t\t<\/div>\n\t\t\t\t<\/div>\n\t\t\t\t<div class=\"elementor-element elementor-element-45d2bae9 elementor-widget__width-initial elementor-widget elementor-widget-heading\" data-id=\"45d2bae9\" data-element_type=\"widget\" data-widget_type=\"heading.default\">\n\t\t\t\t<div class=\"elementor-widget-container\">\n\t\t\t<h2 class=\"elementor-heading-title elementor-size-default\">LIF.SG1.I1.P4<\/h2>\t\t<\/div>\n\t\t\t\t<\/div>\n\t\t\t\t<\/div>\n\t\t\t\t<div class=\"elementor-element elementor-element-48c8e490 elementor-widget elementor-widget-heading\" data-id=\"48c8e490\" data-element_type=\"widget\" data-widget_type=\"heading.default\">\n\t\t\t\t<div class=\"elementor-widget-container\">\n\t\t\t<h2 class=\"elementor-heading-title elementor-size-default\">Spring of Goodness (Completed)<\/h2>\t\t<\/div>\n\t\t\t\t<\/div>\n\t\t\t\t<div class=\"elementor-element elementor-element-6390a95a elementor-widget elementor-widget-text-editor\" data-id=\"6390a95a\" data-element_type=\"widget\" data-widget_type=\"text-editor.default\">\n\t\t\t\t<div class=\"elementor-widget-container\">\n\t\t\t<style>\/*! elementor - v3.19.0 - 07-02-2024 *\/\n.elementor-widget-text-editor.elementor-drop-cap-view-stacked .elementor-drop-cap{background-color:#69727d;color:#fff}.elementor-widget-text-editor.elementor-drop-cap-view-framed .elementor-drop-cap{color:#69727d;border:3px solid;background-color:transparent}.elementor-widget-text-editor:not(.elementor-drop-cap-view-default) .elementor-drop-cap{margin-top:8px}.elementor-widget-text-editor:not(.elementor-drop-cap-view-default) .elementor-drop-cap-letter{width:1em;height:1em}.elementor-widget-text-editor .elementor-drop-cap{float:left;text-align:center;line-height:1;font-size:50px}.elementor-widget-text-editor .elementor-drop-cap-letter{display:inline-block}<\/style>\t\t\t\t<div class=\"row\"><div class=\"col-12\"><p>Ensuring the preservation and modern adaptation of the historical tradition of charitable foundations (hayrat) and public water fountains (sebil) in Istanbul, providing clean and cold drinking water to the public and street animals in city squares. The Goodness Spring Project aims to deliver drinking and utility water to citizens through fountains integrated into the urban architecture of city squares. Consequently, Istanbul Metropolitan Municipality (\u0130BB) not only ensures access to clean and reliable drinking water for the people in city squares but also contributes to the preservation of the charitable foundation culture<\/p><ul><li>Ensuring access to clean water for all Istanbul residents<\/li><li>Preserving the charitable foundation culture<\/li><\/ul><\/div><\/div>\t\t\t\t\t\t<\/div>\n\t\t\t\t<\/div>\n\t\t<div class=\"elementor-element elementor-element-46eb1663 e-flex e-con-boxed e-con e-child\" data-id=\"46eb1663\" data-element_type=\"container\" data-settings=\"{&quot;content_width&quot;:&quot;boxed&quot;}\">\n\t\t\t\t\t<div class=\"e-con-inner\">\n\t\t\t\t<div class=\"elementor-element elementor-element-ec59865 elementor-widget__width-initial elementor-widget-mobile__width-initial elementor-widget elementor-widget-image\" data-id=\"ec59865\" data-element_type=\"widget\" data-widget_type=\"image.default\">\n\t\t\t\t<div class=\"elementor-widget-container\">\n\t\t\t<style>\/*! elementor - v3.19.0 - 07-02-2024 *\/\n.elementor-widget-image{text-align:center}.elementor-widget-image a{display:inline-block}.elementor-widget-image a img[src$=\".svg\"]{width:48px}.elementor-widget-image img{vertical-align:middle;display:inline-block}<\/style>\t\t\t\t\t\t\t\t\t\t<img fetchpriority=\"high\" decoding=\"async\" width=\"500\" height=\"480\" src=\"https:\/\/www.akillisehir.istanbul\/wp-content\/uploads\/2024\/12\/Varlik-8.png\" class=\"attachment-large size-large wp-image-17412\" alt=\"\" \/>\t\t\t\t\t\t\t\t\t\t\t\t\t<\/div>\n\t\t\t\t<\/div>\n\t\t\t\t<div class=\"elementor-element elementor-element-3438e271 elementor-widget__width-initial elementor-widget-mobile__width-initial elementor-widget elementor-widget-image\" data-id=\"3438e271\" data-element_type=\"widget\" data-widget_type=\"image.default\">\n\t\t\t\t<div class=\"elementor-widget-container\">\n\t\t\t\t\t\t\t\t\t\t\t\t\t<img decoding=\"async\" width=\"502\" height=\"482\" src=\"https:\/\/www.akillisehir.istanbul\/wp-content\/uploads\/2024\/12\/Varlik-12.png\" class=\"attachment-large size-large wp-image-17420\" alt=\"\" \/>\t\t\t\t\t\t\t\t\t\t\t\t\t<\/div>\n\t\t\t\t<\/div>\n\t\t\t\t\t<\/div>\n\t\t\t\t<\/div>\n\t\t\t\t<div class=\"elementor-element elementor-element-34df2864 elementor-widget elementor-widget-heading\" data-id=\"34df2864\" data-element_type=\"widget\" data-widget_type=\"heading.default\">\n\t\t\t\t<div class=\"elementor-widget-container\">\n\t\t\t<h2 class=\"elementor-heading-title elementor-size-default\">Smart Life<\/h2>\t\t<\/div>\n\t\t\t\t<\/div>\n\t\t\t\t<\/div>\n\t\t\t\t<\/div>","protected":false},"excerpt":{"rendered":"<p>proje YA.SA1.I1.P4 \u0130yilik P\u0131nar\u0131 (Tamamland\u0131) \u0130stanbul&#8217;daki ge\u00e7mi\u015ften gelen hayrat ve sebil k\u00fclt\u00fcr\u00fcn\u00fcn \u00e7a\u011fa uygun hale getirilerek ya\u015fat\u0131lmas\u0131 ve kent meydanlar\u0131nda halka ve sokak hayvanlar\u0131na temiz ve so\u011fuk i\u00e7me suyu sa\u011flanmas\u0131. \u0130yilik P\u0131nar\u0131 Projesi ile kent meydanlar\u0131na yerle\u015ftirilen, kent mimarisine uygun \u00e7e\u015fmeler arac\u0131l\u0131\u011f\u0131yla vatanda\u015flara i\u00e7me ve kullanma suyu ula\u015ft\u0131r\u0131lmas\u0131. Bu sayede \u0130BB kent meydanlar\u0131nda insanlar i\u00e7in [&hellip;]<\/p>","protected":false},"author":5,"featured_media":0,"parent":0,"menu_order":0,"comment_status":"closed","ping_status":"closed","template":"","meta":{"footnotes":""},"class_list":["post-7963","page","type-page","status-publish","hentry"],"_links":{"self":[{"href":"https:\/\/www.akillisehir.istanbul\/en\/wp-json\/wp\/v2\/pages\/7963","targetHints":{"allow":["GET"]}}],"collection":[{"href":"https:\/\/www.akillisehir.istanbul\/en\/wp-json\/wp\/v2\/pages"}],"about":[{"href":"https:\/\/www.akillisehir.istanbul\/en\/wp-json\/wp\/v2\/types\/page"}],"author":[{"embeddable":true,"href":"https:\/\/www.akillisehir.istanbul\/en\/wp-json\/wp\/v2\/users\/5"}],"replies":[{"embeddable":true,"href":"https:\/\/www.akillisehir.istanbul\/en\/wp-json\/wp\/v2\/comments?post=7963"}],"version-history":[{"count":13,"href":"https:\/\/www.akillisehir.istanbul\/en\/wp-json\/wp\/v2\/pages\/7963\/revisions"}],"predecessor-version":[{"id":23741,"href":"https:\/\/www.akillisehir.istanbul\/en\/wp-json\/wp\/v2\/pages\/7963\/revisions\/23741"}],"wp:attachment":[{"href":"https:\/\/www.akillisehir.istanbul\/en\/wp-json\/wp\/v2\/media?parent=7963"}],"curies":[{"name":"wp","href":"https:\/\/api.w.org\/{rel}","templated":true}]}}