{"id":8152,"date":"2024-04-24T11:15:46","date_gmt":"2024-04-24T08:15:46","guid":{"rendered":"https:\/\/www.akillisehir.istanbul\/?page_id=8152"},"modified":"2024-06-26T15:13:24","modified_gmt":"2024-06-26T12:13:24","slug":"kitap-otomati","status":"publish","type":"page","link":"https:\/\/www.akillisehir.istanbul\/en\/kitap-otomati\/","title":{"rendered":"Book Vending Machine"},"content":{"rendered":"<div data-elementor-type=\"wp-page\" data-elementor-id=\"8152\" class=\"elementor elementor-8152\">\n\t\t\t\t<div class=\"elementor-element elementor-element-3e34aa48 e-con-full e-flex e-con e-parent\" data-id=\"3e34aa48\" data-element_type=\"container\" data-settings=\"{&quot;content_width&quot;:&quot;full&quot;,&quot;background_background&quot;:&quot;classic&quot;}\" data-core-v316-plus=\"true\">\n\t\t<div class=\"elementor-element elementor-element-4248a04b e-con-full e-flex e-con e-child\" data-id=\"4248a04b\" data-element_type=\"container\" data-settings=\"{&quot;content_width&quot;:&quot;full&quot;,&quot;background_background&quot;:&quot;classic&quot;}\">\n\t\t\t\t<div class=\"elementor-element elementor-element-51f16aa9 elementor-widget__width-initial elementor-widget elementor-widget-heading\" data-id=\"51f16aa9\" data-element_type=\"widget\" data-widget_type=\"heading.default\">\n\t\t\t\t<div class=\"elementor-widget-container\">\n\t\t\t<style>\/*! elementor - v3.19.0 - 07-02-2024 *\/\n.elementor-heading-title{padding:0;margin:0;line-height:1}.elementor-widget-heading .elementor-heading-title[class*=elementor-size-]>a{color:inherit;font-size:inherit;line-height:inherit}.elementor-widget-heading .elementor-heading-title.elementor-size-small{font-size:15px}.elementor-widget-heading .elementor-heading-title.elementor-size-medium{font-size:19px}.elementor-widget-heading .elementor-heading-title.elementor-size-large{font-size:29px}.elementor-widget-heading .elementor-heading-title.elementor-size-xl{font-size:39px}.elementor-widget-heading .elementor-heading-title.elementor-size-xxl{font-size:59px}<\/style><h2 class=\"elementor-heading-title elementor-size-default\">PROJECT<\/h2>\t\t<\/div>\n\t\t\t\t<\/div>\n\t\t\t\t<div class=\"elementor-element elementor-element-29b99b1d elementor-widget__width-initial elementor-widget elementor-widget-heading\" data-id=\"29b99b1d\" data-element_type=\"widget\" data-widget_type=\"heading.default\">\n\t\t\t\t<div class=\"elementor-widget-container\">\n\t\t\t<h2 class=\"elementor-heading-title elementor-size-default\">LIF.SG1.I2.P3<\/h2>\t\t<\/div>\n\t\t\t\t<\/div>\n\t\t\t\t<\/div>\n\t\t\t\t<div class=\"elementor-element elementor-element-c9d550 elementor-widget elementor-widget-heading\" data-id=\"c9d550\" data-element_type=\"widget\" data-widget_type=\"heading.default\">\n\t\t\t\t<div class=\"elementor-widget-container\">\n\t\t\t<h2 class=\"elementor-heading-title elementor-size-default\">Book Vending Machine<\/h2>\t\t<\/div>\n\t\t\t\t<\/div>\n\t\t\t\t<div class=\"elementor-element elementor-element-3c3001c2 elementor-widget elementor-widget-text-editor\" data-id=\"3c3001c2\" data-element_type=\"widget\" data-widget_type=\"text-editor.default\">\n\t\t\t\t<div class=\"elementor-widget-container\">\n\t\t\t<style>\/*! elementor - v3.19.0 - 07-02-2024 *\/\n.elementor-widget-text-editor.elementor-drop-cap-view-stacked .elementor-drop-cap{background-color:#69727d;color:#fff}.elementor-widget-text-editor.elementor-drop-cap-view-framed .elementor-drop-cap{color:#69727d;border:3px solid;background-color:transparent}.elementor-widget-text-editor:not(.elementor-drop-cap-view-default) .elementor-drop-cap{margin-top:8px}.elementor-widget-text-editor:not(.elementor-drop-cap-view-default) .elementor-drop-cap-letter{width:1em;height:1em}.elementor-widget-text-editor .elementor-drop-cap{float:left;text-align:center;line-height:1;font-size:50px}.elementor-widget-text-editor .elementor-drop-cap-letter{display:inline-block}<\/style>\t\t\t\t<div class=\"row\"><div class=\"col-12\"><p>A vending machine and related systems developed for the purpose of creating a sharing infrastructure for the people of Istanbul by means of book delivery and book return in areas such as subways, public buildings and university campuses<\/p><ul><li>Facilitating access to books<\/li><li>Creating reading awareness by exhibiting the books among the public<\/li><li>More efficient use of travel time of people in public transport in urban transport<\/li><li>Expanding the usage area of Istanbulkart<\/li><\/ul><\/div><\/div>\t\t\t\t\t\t<\/div>\n\t\t\t\t<\/div>\n\t\t\t\t<div class=\"elementor-element elementor-element-3e0ecccc elementor-widget elementor-widget-heading\" data-id=\"3e0ecccc\" data-element_type=\"widget\" data-widget_type=\"heading.default\">\n\t\t\t\t<div class=\"elementor-widget-container\">\n\t\t\t<h2 class=\"elementor-heading-title elementor-size-default\">Smart Life<\/h2>\t\t<\/div>\n\t\t\t\t<\/div>\n\t\t\t\t<\/div>\n\t\t\t\t<\/div>","protected":false},"excerpt":{"rendered":"<p>proje YA.SA1.I2.P3 Kitap Otomat\u0131 \u0130stanbul halk\u0131na metro, kamu binalar\u0131, \u00fcniversite kamp\u00fcsleri gibi alanlarda kitap \u00f6d\u00fcn\u00e7 verme ve kitap iade alma y\u00f6ntemiyle bir payla\u015f\u0131m altyap\u0131s\u0131 olu\u015fturma amac\u0131na y\u00f6nelik bir otomat geli\u015ftirilmesi Kitaba eri\u015fimin kolayla\u015fmas\u0131 Kitaplar\u0131n halk\u0131n aras\u0131nda sergilenerek okuma fark\u0131ndal\u0131\u011f\u0131 yarat\u0131lmas\u0131 \u015eehir i\u00e7i ula\u015f\u0131mda toplu ta\u015f\u0131madaki insanlar\u0131n seyahat s\u00fcrelerini daha etkin kullanmas\u0131 \u0130stanbulkart\u0131n kullan\u0131m alan\u0131n\u0131n geni\u015fletilmesi [&hellip;]<\/p>","protected":false},"author":5,"featured_media":0,"parent":0,"menu_order":0,"comment_status":"closed","ping_status":"closed","template":"","meta":{"footnotes":""},"class_list":["post-8152","page","type-page","status-publish","hentry"],"_links":{"self":[{"href":"https:\/\/www.akillisehir.istanbul\/en\/wp-json\/wp\/v2\/pages\/8152","targetHints":{"allow":["GET"]}}],"collection":[{"href":"https:\/\/www.akillisehir.istanbul\/en\/wp-json\/wp\/v2\/pages"}],"about":[{"href":"https:\/\/www.akillisehir.istanbul\/en\/wp-json\/wp\/v2\/types\/page"}],"author":[{"embeddable":true,"href":"https:\/\/www.akillisehir.istanbul\/en\/wp-json\/wp\/v2\/users\/5"}],"replies":[{"embeddable":true,"href":"https:\/\/www.akillisehir.istanbul\/en\/wp-json\/wp\/v2\/comments?post=8152"}],"version-history":[{"count":10,"href":"https:\/\/www.akillisehir.istanbul\/en\/wp-json\/wp\/v2\/pages\/8152\/revisions"}],"predecessor-version":[{"id":23773,"href":"https:\/\/www.akillisehir.istanbul\/en\/wp-json\/wp\/v2\/pages\/8152\/revisions\/23773"}],"wp:attachment":[{"href":"https:\/\/www.akillisehir.istanbul\/en\/wp-json\/wp\/v2\/media?parent=8152"}],"curies":[{"name":"wp","href":"https:\/\/api.w.org\/{rel}","templated":true}]}}