{"id":8282,"date":"2024-04-24T11:54:14","date_gmt":"2024-04-24T08:54:14","guid":{"rendered":"https:\/\/www.akillisehir.istanbul\/?page_id=8282"},"modified":"2025-09-09T09:34:55","modified_gmt":"2025-09-09T06:34:55","slug":"istanbul-geneli-seyyar-satis-unitelerinin-projelendirilmesi","status":"publish","type":"page","link":"https:\/\/www.akillisehir.istanbul\/en\/istanbul-geneli-seyyar-satis-unitelerinin-projelendirilmesi\/","title":{"rendered":"Designing Mobile Sales Units Throughout Istanbul"},"content":{"rendered":"<div data-elementor-type=\"wp-page\" data-elementor-id=\"8282\" class=\"elementor elementor-8282\">\n\t\t\t\t<div class=\"elementor-element elementor-element-3d1ce604 e-con-full e-flex e-con e-parent\" data-id=\"3d1ce604\" data-element_type=\"container\" data-settings=\"{&quot;content_width&quot;:&quot;full&quot;,&quot;background_background&quot;:&quot;classic&quot;}\" data-core-v316-plus=\"true\">\n\t\t<div class=\"elementor-element elementor-element-5714b96f e-con-full e-flex e-con e-child\" data-id=\"5714b96f\" data-element_type=\"container\" data-settings=\"{&quot;content_width&quot;:&quot;full&quot;,&quot;background_background&quot;:&quot;classic&quot;}\">\n\t\t\t\t<div class=\"elementor-element elementor-element-1d5cedc5 elementor-widget__width-initial elementor-widget elementor-widget-heading\" data-id=\"1d5cedc5\" data-element_type=\"widget\" data-widget_type=\"heading.default\">\n\t\t\t\t<div class=\"elementor-widget-container\">\n\t\t\t<style>\/*! elementor - v3.19.0 - 07-02-2024 *\/\n.elementor-heading-title{padding:0;margin:0;line-height:1}.elementor-widget-heading .elementor-heading-title[class*=elementor-size-]>a{color:inherit;font-size:inherit;line-height:inherit}.elementor-widget-heading .elementor-heading-title.elementor-size-small{font-size:15px}.elementor-widget-heading .elementor-heading-title.elementor-size-medium{font-size:19px}.elementor-widget-heading .elementor-heading-title.elementor-size-large{font-size:29px}.elementor-widget-heading .elementor-heading-title.elementor-size-xl{font-size:39px}.elementor-widget-heading .elementor-heading-title.elementor-size-xxl{font-size:59px}<\/style><h2 class=\"elementor-heading-title elementor-size-default\">PROJECT<\/h2>\t\t<\/div>\n\t\t\t\t<\/div>\n\t\t\t\t<div class=\"elementor-element elementor-element-1b79635b elementor-widget__width-initial elementor-widget elementor-widget-heading\" data-id=\"1b79635b\" data-element_type=\"widget\" data-widget_type=\"heading.default\">\n\t\t\t\t<div class=\"elementor-widget-container\">\n\t\t\t<h2 class=\"elementor-heading-title elementor-size-default\">LIF.SG2.I1.P1.1<\/h2>\t\t<\/div>\n\t\t\t\t<\/div>\n\t\t\t\t<\/div>\n\t\t\t\t<div class=\"elementor-element elementor-element-869c778 elementor-widget elementor-widget-heading\" data-id=\"869c778\" data-element_type=\"widget\" data-widget_type=\"heading.default\">\n\t\t\t\t<div class=\"elementor-widget-container\">\n\t\t\t<h2 class=\"elementor-heading-title elementor-size-default\">\u0130stanbul Geneli Seyyar Sat\u0131\u015f \u00dcnitelerinin Projelendirilmesi (Tamamland\u0131)<\/h2>\t\t<\/div>\n\t\t\t\t<\/div>\n\t\t\t\t<div class=\"elementor-element elementor-element-5c9c4b82 elementor-widget elementor-widget-text-editor\" data-id=\"5c9c4b82\" data-element_type=\"widget\" data-widget_type=\"text-editor.default\">\n\t\t\t\t<div class=\"elementor-widget-container\">\n\t\t\t<style>\/*! elementor - v3.19.0 - 07-02-2024 *\/\n.elementor-widget-text-editor.elementor-drop-cap-view-stacked .elementor-drop-cap{background-color:#69727d;color:#fff}.elementor-widget-text-editor.elementor-drop-cap-view-framed .elementor-drop-cap{color:#69727d;border:3px solid;background-color:transparent}.elementor-widget-text-editor:not(.elementor-drop-cap-view-default) .elementor-drop-cap{margin-top:8px}.elementor-widget-text-editor:not(.elementor-drop-cap-view-default) .elementor-drop-cap-letter{width:1em;height:1em}.elementor-widget-text-editor .elementor-drop-cap{float:left;text-align:center;line-height:1;font-size:50px}.elementor-widget-text-editor .elementor-drop-cap-letter{display:inline-block}<\/style>\t\t\t\t<div class=\"row\"><div class=\"col-12\"><p>The project involves the conceptualization of mobile sales units in areas covered by the Cultural and Natural Assets Preservation Law in Istanbul, including conservation areas, registered immovables, and spaces influenced by these areas. These units encompass street vendors such as simit sellers, corn vendors, shoe shiners, chestnut sellers, mobile sales stalls, candy floss sellers, boza vendors, pickle sellers, temporary stands, sahlep vendors, and boza vendors The objective is to design these mobile sales units in a manner specific to Istanbul, aligning with the city's texture, culture, and aesthetics. The design considerations include:<\/p><ul><li>Contributing to urban aesthetics<\/li><li>Incorporating a sustainable approach to materials and energy usage, providing an ecological dimension to mobile sales units<\/li><\/ul><\/div><\/div>\t\t\t\t\t\t<\/div>\n\t\t\t\t<\/div>\n\t\t<div class=\"elementor-element elementor-element-4a403e1f e-flex e-con-boxed e-con e-child\" data-id=\"4a403e1f\" data-element_type=\"container\" data-settings=\"{&quot;content_width&quot;:&quot;boxed&quot;}\">\n\t\t\t\t\t<div class=\"e-con-inner\">\n\t\t\t\t<div class=\"elementor-element elementor-element-63b2d629 elementor-widget__width-initial elementor-widget-mobile__width-initial elementor-widget elementor-widget-image\" data-id=\"63b2d629\" data-element_type=\"widget\" data-widget_type=\"image.default\">\n\t\t\t\t<div class=\"elementor-widget-container\">\n\t\t\t<style>\/*! elementor - v3.19.0 - 07-02-2024 *\/\n.elementor-widget-image{text-align:center}.elementor-widget-image a{display:inline-block}.elementor-widget-image a img[src$=\".svg\"]{width:48px}.elementor-widget-image img{vertical-align:middle;display:inline-block}<\/style>\t\t\t\t\t\t\t\t\t\t<img fetchpriority=\"high\" decoding=\"async\" width=\"501\" height=\"482\" src=\"https:\/\/www.akillisehir.istanbul\/wp-content\/uploads\/2024\/12\/Varlik-9.png\" class=\"attachment-large size-large wp-image-17415\" alt=\"\" \/>\t\t\t\t\t\t\t\t\t\t\t\t\t<\/div>\n\t\t\t\t<\/div>\n\t\t\t\t\t<\/div>\n\t\t\t\t<\/div>\n\t\t\t\t<div class=\"elementor-element elementor-element-72bc89c6 elementor-widget elementor-widget-heading\" data-id=\"72bc89c6\" data-element_type=\"widget\" data-widget_type=\"heading.default\">\n\t\t\t\t<div class=\"elementor-widget-container\">\n\t\t\t<h2 class=\"elementor-heading-title elementor-size-default\">Smart Life<\/h2>\t\t<\/div>\n\t\t\t\t<\/div>\n\t\t\t\t<\/div>\n\t\t\t\t<\/div>","protected":false},"excerpt":{"rendered":"<p>proje YA.SA2.I1.P1.1 \u0130stanbul Geneli Seyyar Sat\u0131\u015f \u00dcnitelerinin Projelendirilmesi (Tamamland\u0131) \u0130stanbul\u2019daki K\u00fclt\u00fcr ve Tabiat Varl\u0131klar\u0131 Koruma Kanunu kapsam\u0131ndaki alanlar, sit alanlar\u0131, tescilli ta\u015f\u0131nmazlar ve bunlar\u0131n etkile\u015fiminde kalan alanlarda meydan ve caddelerde yer alan simit\u00e7i, m\u0131s\u0131rc\u0131, ayakkab\u0131 boyac\u0131s\u0131, kestaneci, seyyar sat\u0131\u015f tezgah\u0131, macuncu, bozac\u0131, tur\u015fucu, ge\u00e7ici stant, sahlep\u00e7i, bozac\u0131 vb. seyyar sat\u0131\u015f \u00fcnitelerinin \u0130stanbul\u2019a \u00f6zg\u00fc, kent dokusuna, [&hellip;]<\/p>","protected":false},"author":5,"featured_media":0,"parent":0,"menu_order":0,"comment_status":"closed","ping_status":"closed","template":"","meta":{"footnotes":""},"class_list":["post-8282","page","type-page","status-publish","hentry"],"_links":{"self":[{"href":"https:\/\/www.akillisehir.istanbul\/en\/wp-json\/wp\/v2\/pages\/8282","targetHints":{"allow":["GET"]}}],"collection":[{"href":"https:\/\/www.akillisehir.istanbul\/en\/wp-json\/wp\/v2\/pages"}],"about":[{"href":"https:\/\/www.akillisehir.istanbul\/en\/wp-json\/wp\/v2\/types\/page"}],"author":[{"embeddable":true,"href":"https:\/\/www.akillisehir.istanbul\/en\/wp-json\/wp\/v2\/users\/5"}],"replies":[{"embeddable":true,"href":"https:\/\/www.akillisehir.istanbul\/en\/wp-json\/wp\/v2\/comments?post=8282"}],"version-history":[{"count":16,"href":"https:\/\/www.akillisehir.istanbul\/en\/wp-json\/wp\/v2\/pages\/8282\/revisions"}],"predecessor-version":[{"id":29669,"href":"https:\/\/www.akillisehir.istanbul\/en\/wp-json\/wp\/v2\/pages\/8282\/revisions\/29669"}],"wp:attachment":[{"href":"https:\/\/www.akillisehir.istanbul\/en\/wp-json\/wp\/v2\/media?parent=8282"}],"curies":[{"name":"wp","href":"https:\/\/api.w.org\/{rel}","templated":true}]}}