{"id":8570,"date":"2024-04-24T13:54:10","date_gmt":"2024-04-24T10:54:10","guid":{"rendered":"https:\/\/www.akillisehir.istanbul\/?page_id=8570"},"modified":"2024-06-26T15:10:53","modified_gmt":"2024-06-26T12:10:53","slug":"yenilikci-istanbul-icin-yetkin-insan-kaynagi","status":"publish","type":"page","link":"https:\/\/www.akillisehir.istanbul\/en\/yenilikci-istanbul-icin-yetkin-insan-kaynagi\/","title":{"rendered":"Competent Human Resources for Innovative Istanbul"},"content":{"rendered":"<div data-elementor-type=\"wp-page\" data-elementor-id=\"8570\" class=\"elementor elementor-8570\">\n\t\t\t\t<div class=\"elementor-element elementor-element-76b51e7d e-con-full e-flex e-con e-parent\" data-id=\"76b51e7d\" data-element_type=\"container\" data-settings=\"{&quot;content_width&quot;:&quot;full&quot;,&quot;background_background&quot;:&quot;classic&quot;}\" data-core-v316-plus=\"true\">\n\t\t<div class=\"elementor-element elementor-element-43a8575d e-con-full e-flex e-con e-child\" data-id=\"43a8575d\" data-element_type=\"container\" data-settings=\"{&quot;content_width&quot;:&quot;full&quot;,&quot;background_background&quot;:&quot;classic&quot;}\">\n\t\t\t\t<div class=\"elementor-element elementor-element-6db50c79 elementor-widget__width-initial elementor-widget elementor-widget-heading\" data-id=\"6db50c79\" data-element_type=\"widget\" data-widget_type=\"heading.default\">\n\t\t\t\t<div class=\"elementor-widget-container\">\n\t\t\t<style>\/*! elementor - v3.19.0 - 07-02-2024 *\/\n.elementor-heading-title{padding:0;margin:0;line-height:1}.elementor-widget-heading .elementor-heading-title[class*=elementor-size-]>a{color:inherit;font-size:inherit;line-height:inherit}.elementor-widget-heading .elementor-heading-title.elementor-size-small{font-size:15px}.elementor-widget-heading .elementor-heading-title.elementor-size-medium{font-size:19px}.elementor-widget-heading .elementor-heading-title.elementor-size-large{font-size:29px}.elementor-widget-heading .elementor-heading-title.elementor-size-xl{font-size:39px}.elementor-widget-heading .elementor-heading-title.elementor-size-xxl{font-size:59px}<\/style><h2 class=\"elementor-heading-title elementor-size-default\">PROJECT<\/h2>\t\t<\/div>\n\t\t\t\t<\/div>\n\t\t\t\t<div class=\"elementor-element elementor-element-26eeb5a2 elementor-widget__width-initial elementor-widget elementor-widget-heading\" data-id=\"26eeb5a2\" data-element_type=\"widget\" data-widget_type=\"heading.default\">\n\t\t\t\t<div class=\"elementor-widget-container\">\n\t\t\t<h2 class=\"elementor-heading-title elementor-size-default\">OHR.SG1.I2.P2<\/h2>\t\t<\/div>\n\t\t\t\t<\/div>\n\t\t\t\t<\/div>\n\t\t\t\t<div class=\"elementor-element elementor-element-48cd67f elementor-widget elementor-widget-heading\" data-id=\"48cd67f\" data-element_type=\"widget\" data-widget_type=\"heading.default\">\n\t\t\t\t<div class=\"elementor-widget-container\">\n\t\t\t<h2 class=\"elementor-heading-title elementor-size-default\">Competent Human Resources for Innovative Istanbul<\/h2>\t\t<\/div>\n\t\t\t\t<\/div>\n\t\t\t\t<div class=\"elementor-element elementor-element-2e0affbf elementor-widget elementor-widget-text-editor\" data-id=\"2e0affbf\" data-element_type=\"widget\" data-widget_type=\"text-editor.default\">\n\t\t\t\t<div class=\"elementor-widget-container\">\n\t\t\t<style>\/*! elementor - v3.19.0 - 07-02-2024 *\/\n.elementor-widget-text-editor.elementor-drop-cap-view-stacked .elementor-drop-cap{background-color:#69727d;color:#fff}.elementor-widget-text-editor.elementor-drop-cap-view-framed .elementor-drop-cap{color:#69727d;border:3px solid;background-color:transparent}.elementor-widget-text-editor:not(.elementor-drop-cap-view-default) .elementor-drop-cap{margin-top:8px}.elementor-widget-text-editor:not(.elementor-drop-cap-view-default) .elementor-drop-cap-letter{width:1em;height:1em}.elementor-widget-text-editor .elementor-drop-cap{float:left;text-align:center;line-height:1;font-size:50px}.elementor-widget-text-editor .elementor-drop-cap-letter{display:inline-block}<\/style>\t\t\t\t<div class=\"row\"><div class=\"col-12\"><p>Ensuring organizational development in the smart city organization; developing a talent management system that will measure the skills of employees, identify the competencies required from employees and include personal development programs, and contributing to the smart city organization by improving the galigan experience<\/p><ul><li>Increasing the competence levels of employees for a smart city<\/li><li>Ensuring organizational functionality for smart city<\/li><li>Increasing employee satisfaction and loyalty<\/li><\/ul><\/div><\/div>\t\t\t\t\t\t<\/div>\n\t\t\t\t<\/div>\n\t\t<div class=\"elementor-element elementor-element-5c9b2400 e-flex e-con-boxed e-con e-child\" data-id=\"5c9b2400\" data-element_type=\"container\" data-settings=\"{&quot;content_width&quot;:&quot;boxed&quot;}\">\n\t\t\t\t\t<div class=\"e-con-inner\">\n\t\t\t\t<div class=\"elementor-element elementor-element-5440539e elementor-widget__width-initial elementor-widget-mobile__width-initial elementor-widget elementor-widget-image\" data-id=\"5440539e\" data-element_type=\"widget\" data-widget_type=\"image.default\">\n\t\t\t\t<div class=\"elementor-widget-container\">\n\t\t\t<style>\/*! elementor - v3.19.0 - 07-02-2024 *\/\n.elementor-widget-image{text-align:center}.elementor-widget-image a{display:inline-block}.elementor-widget-image a img[src$=\".svg\"]{width:48px}.elementor-widget-image img{vertical-align:middle;display:inline-block}<\/style>\t\t\t\t\t\t\t\t\t\t<img fetchpriority=\"high\" decoding=\"async\" width=\"500\" height=\"480\" src=\"https:\/\/www.akillisehir.istanbul\/wp-content\/uploads\/2024\/12\/Varlik-8.png\" class=\"attachment-large size-large wp-image-17412\" alt=\"\" \/>\t\t\t\t\t\t\t\t\t\t\t\t\t<\/div>\n\t\t\t\t<\/div>\n\t\t\t\t\t<\/div>\n\t\t\t\t<\/div>\n\t\t\t\t<div class=\"elementor-element elementor-element-1589024e elementor-widget elementor-widget-heading\" data-id=\"1589024e\" data-element_type=\"widget\" data-widget_type=\"heading.default\">\n\t\t\t\t<div class=\"elementor-widget-container\">\n\t\t\t<h2 class=\"elementor-heading-title elementor-size-default\">Smart Organization and Human Resource<\/h2>\t\t<\/div>\n\t\t\t\t<\/div>\n\t\t\t\t<\/div>\n\t\t\t\t<\/div>","protected":false},"excerpt":{"rendered":"<p>proje OIK.SA1.I2.P2 Yenilik\u00e7i \u0130stanbul i\u00e7in Yetkin \u0130nsan Kayna\u011f\u0131 Ak\u0131ll\u0131 \u015fehir organizasyonunda organizasyonel geli\u015fimin sa\u011flanmas\u0131; \u00e7al\u0131\u015fanlar\u0131n becerilerini \u00f6l\u00e7ecek, \u00e7al\u0131\u015fanlardan istenen yetkinlikleri belirleyecek ve ki\u015fisel geli\u015fim programlar\u0131 i\u00e7erecek \u015fekilde bir yetenek y\u00f6netim sisteminin geli\u015ftirilmesi ve \u00e7al\u0131\u015fan deneyiminin iyile\u015ftirilmesiyle ak\u0131ll\u0131 \u015fehir organizasyonuna katk\u0131 sa\u011flanmas\u0131 Ak\u0131ll\u0131 \u015fehir i\u00e7in \u00e7al\u0131\u015fanlar\u0131n yetkinlik seviyelerinin art\u0131r\u0131lmas\u0131 Ak\u0131ll\u0131 \u015fehir i\u00e7in organizasyonel i\u015flevselli\u011fin sa\u011flanmas\u0131 \u00c7al\u0131\u015fan [&hellip;]<\/p>","protected":false},"author":5,"featured_media":0,"parent":0,"menu_order":0,"comment_status":"closed","ping_status":"closed","template":"","meta":{"footnotes":""},"class_list":["post-8570","page","type-page","status-publish","hentry"],"_links":{"self":[{"href":"https:\/\/www.akillisehir.istanbul\/en\/wp-json\/wp\/v2\/pages\/8570","targetHints":{"allow":["GET"]}}],"collection":[{"href":"https:\/\/www.akillisehir.istanbul\/en\/wp-json\/wp\/v2\/pages"}],"about":[{"href":"https:\/\/www.akillisehir.istanbul\/en\/wp-json\/wp\/v2\/types\/page"}],"author":[{"embeddable":true,"href":"https:\/\/www.akillisehir.istanbul\/en\/wp-json\/wp\/v2\/users\/5"}],"replies":[{"embeddable":true,"href":"https:\/\/www.akillisehir.istanbul\/en\/wp-json\/wp\/v2\/comments?post=8570"}],"version-history":[{"count":10,"href":"https:\/\/www.akillisehir.istanbul\/en\/wp-json\/wp\/v2\/pages\/8570\/revisions"}],"predecessor-version":[{"id":23694,"href":"https:\/\/www.akillisehir.istanbul\/en\/wp-json\/wp\/v2\/pages\/8570\/revisions\/23694"}],"wp:attachment":[{"href":"https:\/\/www.akillisehir.istanbul\/en\/wp-json\/wp\/v2\/media?parent=8570"}],"curies":[{"name":"wp","href":"https:\/\/api.w.org\/{rel}","templated":true}]}}