{"id":9991,"date":"2024-04-26T14:37:31","date_gmt":"2024-04-26T11:37:31","guid":{"rendered":"https:\/\/www.akillisehir.istanbul\/?page_id=9991"},"modified":"2025-09-18T10:07:28","modified_gmt":"2025-09-18T07:07:28","slug":"guvenli-ve-erisilebilir-okullar","status":"publish","type":"page","link":"https:\/\/www.akillisehir.istanbul\/en\/guvenli-ve-erisilebilir-okullar\/","title":{"rendered":"Safe and Accessible Schools"},"content":{"rendered":"<div data-elementor-type=\"wp-page\" data-elementor-id=\"9991\" class=\"elementor elementor-9991\">\n\t\t\t\t<div class=\"elementor-element elementor-element-793b46ed e-con-full e-flex e-con e-parent\" data-id=\"793b46ed\" data-element_type=\"container\" data-settings=\"{&quot;content_width&quot;:&quot;full&quot;,&quot;background_background&quot;:&quot;classic&quot;}\" data-core-v316-plus=\"true\">\n\t\t<div class=\"elementor-element elementor-element-6a760619 e-con-full e-flex e-con e-child\" data-id=\"6a760619\" data-element_type=\"container\" data-settings=\"{&quot;content_width&quot;:&quot;full&quot;,&quot;background_background&quot;:&quot;classic&quot;}\">\n\t\t\t\t<div class=\"elementor-element elementor-element-7e2d6939 elementor-widget__width-initial elementor-widget elementor-widget-heading\" data-id=\"7e2d6939\" data-element_type=\"widget\" data-widget_type=\"heading.default\">\n\t\t\t\t<div class=\"elementor-widget-container\">\n\t\t\t<style>\/*! elementor - v3.19.0 - 07-02-2024 *\/\n.elementor-heading-title{padding:0;margin:0;line-height:1}.elementor-widget-heading .elementor-heading-title[class*=elementor-size-]>a{color:inherit;font-size:inherit;line-height:inherit}.elementor-widget-heading .elementor-heading-title.elementor-size-small{font-size:15px}.elementor-widget-heading .elementor-heading-title.elementor-size-medium{font-size:19px}.elementor-widget-heading .elementor-heading-title.elementor-size-large{font-size:29px}.elementor-widget-heading .elementor-heading-title.elementor-size-xl{font-size:39px}.elementor-widget-heading .elementor-heading-title.elementor-size-xxl{font-size:59px}<\/style><h2 class=\"elementor-heading-title elementor-size-default\">PROJECT<\/h2>\t\t<\/div>\n\t\t\t\t<\/div>\n\t\t\t\t<div class=\"elementor-element elementor-element-7b3dabe elementor-widget__width-initial elementor-widget elementor-widget-heading\" data-id=\"7b3dabe\" data-element_type=\"widget\" data-widget_type=\"heading.default\">\n\t\t\t\t<div class=\"elementor-widget-container\">\n\t\t\t<h2 class=\"elementor-heading-title elementor-size-default\">PE.SG1.I1.P1<\/h2>\t\t<\/div>\n\t\t\t\t<\/div>\n\t\t\t\t<\/div>\n\t\t\t\t<div class=\"elementor-element elementor-element-4d26517a elementor-widget elementor-widget-heading\" data-id=\"4d26517a\" data-element_type=\"widget\" data-widget_type=\"heading.default\">\n\t\t\t\t<div class=\"elementor-widget-container\">\n\t\t\t<h2 class=\"elementor-heading-title elementor-size-default\">G\u00fcvenli ve Eri\u015filebilir Okullar (Tamamland\u0131)<\/h2>\t\t<\/div>\n\t\t\t\t<\/div>\n\t\t\t\t<div class=\"elementor-element elementor-element-1ec96f5 elementor-widget elementor-widget-text-editor\" data-id=\"1ec96f5\" data-element_type=\"widget\" data-widget_type=\"text-editor.default\">\n\t\t\t\t<div class=\"elementor-widget-container\">\n\t\t\t<style>\/*! elementor - v3.19.0 - 07-02-2024 *\/\n.elementor-widget-text-editor.elementor-drop-cap-view-stacked .elementor-drop-cap{background-color:#69727d;color:#fff}.elementor-widget-text-editor.elementor-drop-cap-view-framed .elementor-drop-cap{color:#69727d;border:3px solid;background-color:transparent}.elementor-widget-text-editor:not(.elementor-drop-cap-view-default) .elementor-drop-cap{margin-top:8px}.elementor-widget-text-editor:not(.elementor-drop-cap-view-default) .elementor-drop-cap-letter{width:1em;height:1em}.elementor-widget-text-editor .elementor-drop-cap{float:left;text-align:center;line-height:1;font-size:50px}.elementor-widget-text-editor .elementor-drop-cap-letter{display:inline-block}<\/style>\t\t\t\t<div class=\"row\"><div class=\"col-12\"><p class=\"x_MsoNormal\"><i>Okula eri\u015fim rotalar\u0131 i\u00e7in okul otob\u00fcs\u00fc, okul \u00e7evrelerinde ayd\u0131nlatma ve g\u00fcvenli ve eri\u015filebilir okul uygulamalar\u0131n\u0131n hayata ge\u00e7irilmesi<\/i><\/p><ul type=\"disc\"><li class=\"x_MsoListParagraph\"><i>Contribution to increasing safety in access to school<\/i><\/li><li class=\"x_MsoListParagraph\"><i>Contributing to increasing accessibility to schools<\/i><\/li><li class=\"x_MsoListParagraph\"><i>Increasing citizens' perception of security<\/i><\/li><\/ul><\/div><\/div>\t\t\t\t\t\t<\/div>\n\t\t\t\t<\/div>\n\t\t<div class=\"elementor-element elementor-element-4447a1c2 e-flex e-con-boxed e-con e-child\" data-id=\"4447a1c2\" data-element_type=\"container\" data-settings=\"{&quot;content_width&quot;:&quot;boxed&quot;}\">\n\t\t\t\t\t<div class=\"e-con-inner\">\n\t\t\t\t<div class=\"elementor-element elementor-element-3bb4de5e elementor-widget__width-initial elementor-widget-mobile__width-initial elementor-widget elementor-widget-image\" data-id=\"3bb4de5e\" data-element_type=\"widget\" data-widget_type=\"image.default\">\n\t\t\t\t<div class=\"elementor-widget-container\">\n\t\t\t<style>\/*! elementor - v3.19.0 - 07-02-2024 *\/\n.elementor-widget-image{text-align:center}.elementor-widget-image a{display:inline-block}.elementor-widget-image a img[src$=\".svg\"]{width:48px}.elementor-widget-image img{vertical-align:middle;display:inline-block}<\/style>\t\t\t\t\t\t\t\t\t\t<img fetchpriority=\"high\" decoding=\"async\" width=\"501\" height=\"480\" src=\"https:\/\/www.akillisehir.istanbul\/wp-content\/uploads\/2024\/12\/Varlik-11.png\" class=\"attachment-large size-large wp-image-17419\" alt=\"\" \/>\t\t\t\t\t\t\t\t\t\t\t\t\t<\/div>\n\t\t\t\t<\/div>\n\t\t\t\t\t<\/div>\n\t\t\t\t<\/div>\n\t\t\t\t<div class=\"elementor-element elementor-element-5bcf9cc0 elementor-widget elementor-widget-heading\" data-id=\"5bcf9cc0\" data-element_type=\"widget\" data-widget_type=\"heading.default\">\n\t\t\t\t<div class=\"elementor-widget-container\">\n\t\t\t<h2 class=\"elementor-heading-title elementor-size-default\">Smart People<\/h2>\t\t<\/div>\n\t\t\t\t<\/div>\n\t\t\t\t<\/div>\n\t\t\t\t<\/div>","protected":false},"excerpt":{"rendered":"<p>proje IN.SA1.I1.P1 G\u00fcvenli ve Eri\u015filebilir Okullar (Tamamland\u0131) Okula eri\u015fim rotalar\u0131 i\u00e7in okul otob\u00fcs\u00fc, okul \u00e7evrelerinde ayd\u0131nlatma ve g\u00fcvenli ve eri\u015filebilir okul uygulamalar\u0131n\u0131n hayata ge\u00e7irilmesi Okula eri\u015fimde g\u00fcvenli\u011fin art\u0131r\u0131lmas\u0131na katk\u0131da bulunulmas\u0131 Okullara eri\u015filebilirli\u011fin art\u0131r\u0131lmas\u0131na katk\u0131da bulunulmas\u0131 Vatanda\u015flar\u0131n g\u00fcvenlik alg\u0131s\u0131n\u0131n art\u0131r\u0131lmas\u0131 Ak\u0131ll\u0131 \u0130nsan<\/p>","protected":false},"author":5,"featured_media":0,"parent":0,"menu_order":0,"comment_status":"closed","ping_status":"closed","template":"","meta":{"footnotes":""},"class_list":["post-9991","page","type-page","status-publish","hentry"],"_links":{"self":[{"href":"https:\/\/www.akillisehir.istanbul\/en\/wp-json\/wp\/v2\/pages\/9991","targetHints":{"allow":["GET"]}}],"collection":[{"href":"https:\/\/www.akillisehir.istanbul\/en\/wp-json\/wp\/v2\/pages"}],"about":[{"href":"https:\/\/www.akillisehir.istanbul\/en\/wp-json\/wp\/v2\/types\/page"}],"author":[{"embeddable":true,"href":"https:\/\/www.akillisehir.istanbul\/en\/wp-json\/wp\/v2\/users\/5"}],"replies":[{"embeddable":true,"href":"https:\/\/www.akillisehir.istanbul\/en\/wp-json\/wp\/v2\/comments?post=9991"}],"version-history":[{"count":13,"href":"https:\/\/www.akillisehir.istanbul\/en\/wp-json\/wp\/v2\/pages\/9991\/revisions"}],"predecessor-version":[{"id":30401,"href":"https:\/\/www.akillisehir.istanbul\/en\/wp-json\/wp\/v2\/pages\/9991\/revisions\/30401"}],"wp:attachment":[{"href":"https:\/\/www.akillisehir.istanbul\/en\/wp-json\/wp\/v2\/media?parent=9991"}],"curies":[{"name":"wp","href":"https:\/\/api.w.org\/{rel}","templated":true}]}}